{"id":12184,"date":"2020-07-16T13:18:51","date_gmt":"2020-07-16T12:18:51","guid":{"rendered":"https:\/\/bitfab.io\/?page_id=12184"},"modified":"2020-08-04T11:05:54","modified_gmt":"2020-08-04T10:05:54","slug":"digitalizacao-3d","status":"publish","type":"page","link":"https:\/\/bitfab.io\/pt-pt\/digitalizacao-3d\/","title":{"rendered":"Servi\u00e7o de digitaliza\u00e7\u00e3o 3D pela Bitfab"},"content":{"rendered":"<h2 class=\"wp-block-heading\">O que \u00e9 a digitaliza\u00e7\u00e3o 3D?<\/h2><div class=\"wp-block-image\"><figure class=\"alignleft\"><img decoding=\"async\" width=\"300\" height=\"223\" src=\"https:\/\/bitfab.io\/wp-content\/uploads\/2019\/08\/escaneado-3d-300x223.png\" alt=\"\" class=\"wp-image-7195\" srcset=\"https:\/\/bitfab.io\/wp-content\/uploads\/2019\/08\/escaneado-3d-300x223.png 300w, https:\/\/bitfab.io\/wp-content\/uploads\/2019\/08\/escaneado-3d-600x445.png 600w, https:\/\/bitfab.io\/wp-content\/uploads\/2019\/08\/escaneado-3d-768x570.png 768w, https:\/\/bitfab.io\/wp-content\/uploads\/2019\/08\/escaneado-3d-1024x760.png 1024w, https:\/\/bitfab.io\/wp-content\/uploads\/2019\/08\/escaneado-3d.png 1882w\" sizes=\"(max-width: 300px) 100vw, 300px\" \/><\/figure><\/div><p>A digitaliza\u00e7\u00e3o 3D ou scanning 3D \u00e9 a t\u00e9cnica que nos permite obter <strong>modelos tridimensionais de objetos f\u00edsicos.<\/strong><\/p><p>Estes modelos s\u00e3o <strong>malhas de pontos ou tri\u00e2ngulos<\/strong> que representam a superf\u00edcie externa do objeto que digitalizamos e geralmente requerem <strong>p\u00f3s-processamento<\/strong> no computador para reconstruir o objeto, reparar as malhas ou us\u00e1-las depois para .<\/p><p>O resultado final de uma digitaliza\u00e7\u00e3o pode-se <a href=\"https:\/\/bitfab.io\/es\/\">imprimir em 3D<\/a>, usar como ficheiro 3D ou de base para obter designs CAD param\u00e9tricos.<\/p><div style=\"height:20px\" aria-hidden=\"true\" class=\"wp-block-spacer\"><\/div><center><a class=\"typeform-share button\" href=\"https:\/\/bitfab.typeform.com\/to\/mSxw0q\" data-mode=\"drawer_right\" style=\"display:inline-block;text-decoration:none;background-color:#ec4a42;color:white;cursor:pointer;font-family:Helvetica,Arial,sans-serif;font-size:20px;line-height:40px;text-align:center;margin:0;height:40px;padding:0px 26px;border-radius:6px;max-width:100%;white-space:nowrap;overflow:hidden;text-overflow:ellipsis;font-weight:bold;-webkit-font-smoothing:antialiased;-moz-osx-font-smoothing:grayscale;\" target=\"_blank\" rel=\"noopener noreferrer\">Pedir or\u00e7amento de digitaliza\u00e7\u00e3o 3D <\/a> <script> (function() { var qs,js,q,s,d=document, gi=d.getElementById, ce=d.createElement, gt=d.getElementsByTagName, id=\"typef_orm_share\", b=\"https:\/\/embed.typeform.com\/\"; if(!gi.call(d,id)){ js=ce.call(d,\"script\"); js.id=id; js.src=b+\"embed.js\"; q=gt.call(d,\"script\")[0]; q.parentNode.insertBefore(js,q) } })() <\/script><\/center><div style=\"height:50px\" aria-hidden=\"true\" class=\"wp-block-spacer\"><\/div><h2 class=\"wp-block-heading\">Servi\u00e7os de digitaliza\u00e7\u00e3o e scanning 3D<\/h2><div style=\"height:20px\" aria-hidden=\"true\" class=\"wp-block-spacer\"><\/div><div class=\"wp-block-columns has-3-columns is-layout-flex wp-container-core-columns-is-layout-1 wp-block-columns-is-layout-flex\"><div class=\"wp-block-column is-layout-flow wp-block-column-is-layout-flow\"><h3 class=\"has-text-align-center wp-block-heading\">Digitaliza\u00e7\u00e3o 3D<\/h3>\n\n<div class=\"wp-block-image\"><figure class=\"aligncenter\"><img decoding=\"async\" width=\"150\" height=\"150\" src=\"https:\/\/bitfab.io\/wp-content\/uploads\/2019\/08\/escanner-3d-150x150.png\" alt=\"\" class=\"wp-image-7226\" srcset=\"https:\/\/bitfab.io\/wp-content\/uploads\/2019\/08\/escanner-3d-150x150.png 150w, https:\/\/bitfab.io\/wp-content\/uploads\/2019\/08\/escanner-3d-300x300.png 300w, https:\/\/bitfab.io\/wp-content\/uploads\/2019\/08\/escanner-3d-100x100.png 100w, https:\/\/bitfab.io\/wp-content\/uploads\/2019\/08\/escanner-3d.png 512w\" sizes=\"(max-width: 150px) 100vw, 150px\" \/><\/figure><\/div>\n\n<p>Digitaliza\u00e7\u00e3o 3D de pe\u00e7as de todos os tamanhos, para engenharia e digitaliza\u00e7\u00e3o de pe\u00e7as org\u00e2nicas e art\u00edsticas\u2026<\/p><\/div>\n\n<div class=\"wp-block-column is-layout-flow wp-block-column-is-layout-flow\"><h3 class=\"has-text-align-center wp-block-heading\">Design 3D<\/h3>\n\n<div class=\"wp-block-image\"><figure class=\"aligncenter\"><img decoding=\"async\" width=\"512\" height=\"512\" src=\"https:\/\/bitfab.io\/wp-content\/uploads\/2019\/08\/disen\u0303o-3d.png\" alt=\"\" class=\"wp-image-7222\" srcset=\"https:\/\/bitfab.io\/wp-content\/uploads\/2019\/08\/disen\u0303o-3d.png 512w, https:\/\/bitfab.io\/wp-content\/uploads\/2019\/08\/disen\u0303o-3d-300x300.png 300w, https:\/\/bitfab.io\/wp-content\/uploads\/2019\/08\/disen\u0303o-3d-100x100.png 100w, https:\/\/bitfab.io\/wp-content\/uploads\/2019\/08\/disen\u0303o-3d-150x150.png 150w\" sizes=\"(max-width: 512px) 100vw, 512px\" \/><\/figure><\/div>\n\n<p><a href=\"https:\/\/bitfab.io\/es\/diseno-3d\/\">Design 3D<\/a>, engenharia inversa e p\u00f3s-processamento de malhas obtidas por digitaliza\u00e7\u00e3o 3D.<\/p><\/div>\n\n<div class=\"wp-block-column is-layout-flow wp-block-column-is-layout-flow\"><h3 class=\"has-text-align-center wp-block-heading\">Impress\u00e3o 3D<\/h3>\n\n<div class=\"wp-block-image\"><figure class=\"aligncenter\"><img decoding=\"async\" width=\"150\" height=\"150\" src=\"https:\/\/bitfab.io\/wp-content\/uploads\/2019\/08\/impresora-3d-150x150.png\" alt=\"\" class=\"wp-image-7218\" srcset=\"https:\/\/bitfab.io\/wp-content\/uploads\/2019\/08\/impresora-3d-150x150.png 150w, https:\/\/bitfab.io\/wp-content\/uploads\/2019\/08\/impresora-3d-300x300.png 300w, https:\/\/bitfab.io\/wp-content\/uploads\/2019\/08\/impresora-3d-100x100.png 100w, https:\/\/bitfab.io\/wp-content\/uploads\/2019\/08\/impresora-3d.png 512w\" sizes=\"(max-width: 150px) 100vw, 150px\" \/><\/figure><\/div>\n\n<p>Servi\u00e7o de fabrica\u00e7\u00e3o flex\u00edvel com impress\u00e3o 3D, corte a laser\u2026 para que possas materializar as tuas digitaliza\u00e7\u00f5es.<\/p><\/div><\/div><div style=\"height:20px\" aria-hidden=\"true\" class=\"wp-block-spacer\"><\/div><center><!-- Shortcode [bitfab-formul%c3%a1rio-web] does not exist --><\/center><div style=\"height:50px\" aria-hidden=\"true\" class=\"wp-block-spacer\"><\/div><h2 class=\"wp-block-heading\">Para que se usa a digitaliza\u00e7\u00e3o 3D?<\/h2><div style=\"height:30px\" aria-hidden=\"true\" class=\"wp-block-spacer\"><\/div><div class=\"wp-block-columns has-2-columns is-layout-flex wp-container-core-columns-is-layout-2 wp-block-columns-is-layout-flex\"><div class=\"wp-block-column is-layout-flow wp-block-column-is-layout-flow\"><h3 class=\"wp-block-heading\">Engenharia inversa<\/h3>\n\n<p>A aplica\u00e7\u00e3o mais utilizada de digitaliza\u00e7\u00e3o 3D, digitalizar pe\u00e7as para depois repara-las, imprimi-las, projeta-las de novo com CAD\u2026<\/p>\n\n<p>\u00c9 muito \u00fatil para o design de pe\u00e7as sobresselentes, pe\u00e7as industriais\u2026 quando a forma \u00e9 suficientemente complexa que n\u00e3o valha a pena projeta-la do zero num software 3D.<\/p><\/div>\n\n<div class=\"wp-block-column is-layout-flow wp-block-column-is-layout-flow\"><h3 class=\"wp-block-heading\">Digitaliza\u00e7\u00e3o de pe\u00e7as org\u00e2nicas<\/h3>\n\n<p>H\u00e1 pe\u00e7as org\u00e2nicas, art\u00edsticas, com superf\u00edcies complexas\u2026 praticamente imposs\u00edveis de modelar num software de design 3D.<\/p>\n\n<p>Com a digitaliza\u00e7\u00e3o 3D, tamb\u00e9m pode digitalizar pe\u00e7as art\u00edsticas e abrir uma nova janela de t\u00e9cnicas digitais de cria\u00e7\u00e3o aos artistas (modelagem 3D, impress\u00e3o 3D\u2026)<\/p><\/div><\/div><div class=\"wp-block-columns has-2-columns is-layout-flex wp-container-core-columns-is-layout-3 wp-block-columns-is-layout-flex\"><div class=\"wp-block-column is-layout-flow wp-block-column-is-layout-flow\"><h3 class=\"wp-block-heading\">Patrim\u00f3nio e arquitetura<\/h3>\n\n<p>A digitaliza\u00e7\u00e3o 3D usa-se para a preserva\u00e7\u00e3o do patrim\u00f3nio, de pe\u00e7as de pequeno e m\u00e9dio tamanho de edif\u00edcios completos, que fiquem digitalizados para que as possam desfrutar gera\u00e7\u00f5es futuras.<\/p><\/div>\n\n<div class=\"wp-block-column is-layout-flow wp-block-column-is-layout-flow\"><h3 class=\"wp-block-heading\">Verifica\u00e7\u00e3o e metrologia<\/h3>\n\n<p>Digitaliza\u00e7\u00e3o 3D de pe\u00e7as industriais para a verifica\u00e7\u00e3o das dimens\u00f5es e toler\u00e2ncias com as quais foram fabricadas.<\/p>\n\n<p>Especialmente \u00fatil para pe\u00e7as de dif\u00edceis de medir, fundi\u00e7\u00e3o, moldagem ou pe\u00e7as muito grandes.<\/p><\/div><\/div><div style=\"height:50px\" aria-hidden=\"true\" class=\"wp-block-spacer\"><\/div><h2 class=\"wp-block-heading\">T\u00e9cnicas de digitaliza\u00e7\u00e3o 3D<\/h2><p>Existem diferentes t\u00e9cnicas para obter a imagem 3D digitalizada dos objetos f\u00edsicos que queremos digitalizar.<\/p><p>Como funcionam? Bem, embora cada uma delas emprega uma abordagem ligeiramente diferente, todas elas baseiam-se em capturar imagens do objeto f\u00edsico de diferentes pontos, \u00e0s vezes usando proje\u00e7\u00e3o de luz ou laser para captar melhor os detalhes da pe\u00e7a.<\/p><div class=\"wp-block-columns has-3-columns is-layout-flex wp-container-core-columns-is-layout-4 wp-block-columns-is-layout-flex\"><div class=\"wp-block-column is-layout-flow wp-block-column-is-layout-flow\"><h3 class=\"has-text-align-center wp-block-heading\">Fotogrametria<\/h3>\n\n<figure class=\"wp-block-image\"><img decoding=\"async\" width=\"768\" height=\"359\" src=\"https:\/\/bitfab.io\/wp-content\/uploads\/2019\/03\/que-es-la-fotogrametria.jpg\" alt=\"Qu\u00e9 es la fotogrametr\u00eda\" class=\"wp-image-5794\" srcset=\"https:\/\/bitfab.io\/wp-content\/uploads\/2019\/03\/que-es-la-fotogrametria.jpg 768w, https:\/\/bitfab.io\/wp-content\/uploads\/2019\/03\/que-es-la-fotogrametria-600x280.jpg 600w, https:\/\/bitfab.io\/wp-content\/uploads\/2019\/03\/que-es-la-fotogrametria-300x140.jpg 300w\" sizes=\"(max-width: 768px) 100vw, 768px\" \/><\/figure>\n\n<p>A fotogrametria \u00e9 a t\u00e9cnica mais simples, que consiste em digitalizar o objeto a partir de muitas imagens tiradas com uma c\u00e2mara normal \u00e0 volta do que queremos digitalizar.<\/p>\n\n<p>Um software \u00e9 respons\u00e1vel de posicionar estas imagens no espa\u00e7o e reconstruir o objeto a partir de todas as vistas que temos.<\/p><\/div>\n\n<div class=\"wp-block-column is-layout-flow wp-block-column-is-layout-flow\"><h3 class=\"has-text-align-center wp-block-heading\">Luz estruturada<\/h3>\n\n<figure class=\"wp-block-image\"><img decoding=\"async\" width=\"500\" height=\"500\" src=\"https:\/\/bitfab.io\/wp-content\/uploads\/2019\/08\/escaner-luz-estructurada.png\" alt=\"\" class=\"wp-image-7206\" srcset=\"https:\/\/bitfab.io\/wp-content\/uploads\/2019\/08\/escaner-luz-estructurada.png 500w, https:\/\/bitfab.io\/wp-content\/uploads\/2019\/08\/escaner-luz-estructurada-300x300.png 300w, https:\/\/bitfab.io\/wp-content\/uploads\/2019\/08\/escaner-luz-estructurada-100x100.png 100w, https:\/\/bitfab.io\/wp-content\/uploads\/2019\/08\/escaner-luz-estructurada-150x150.png 150w\" sizes=\"(max-width: 500px) 100vw, 500px\" \/><\/figure>\n\n<p>O scanner de luz estruturada ajuda as c\u00e2maras projetando um padr\u00e3o de luz no objeto que facilita a reconstruir a forma com maior facilidade.<\/p><\/div>\n\n<div class=\"wp-block-column is-layout-flow wp-block-column-is-layout-flow\"><h3 class=\"has-text-align-center wp-block-heading\">Digitaliza\u00e7\u00e3o laser<\/h3>\n\n<figure class=\"wp-block-image\"><img decoding=\"async\" width=\"325\" height=\"277\" src=\"https:\/\/bitfab.io\/wp-content\/uploads\/2019\/08\/escaner-3d-laser.png\" alt=\"\" class=\"wp-image-7211\"\/><\/figure>\n\n<p>Na digitaliza\u00e7\u00e3o a laser tamb\u00e9m se usa uma proje\u00e7\u00e3o a laser sobre o objeto para ajudar a c\u00e2mara a captar a forma do objeto e reconstru\u00ed-lo em 3D.<\/p><\/div><\/div><h2 class=\"wp-block-heading\">Queres continuar a ler sobre digitaliza\u00e7\u00e3o 3D?<\/h2><p>Escrevemos alguns artigos sobre este tema no blog da Bitfab:<\/p><div class=\"wp-block-uagb-post-grid uagb-post-grid  uagb-post__image-position-top uagb-post__image-enabled uagb-block-0d42d57d-629a-409d-8cc2-42b5d88dca6e     uagb-post__items uagb-post__columns-3 is-grid uagb-post__columns-tablet-2 uagb-post__columns-mobile-1 uagb-post__equal-height\" data-total=\"1\" style=\"\">\n\n\t\t\t\t\t\t\t\t\t\t\t\t<article class=\"uagb-post__inner-wrap\">\t\t\t\t\t\t\t\t<div class='uagb-post__image'>\n\t\t\t\t\t\t\t\t\t<a href=\"https:\/\/bitfab.io\/pt-pt\/blog\/as-melhores-alternativas-ao-autocad-especialmente-para-impressao-3d\/\" target=\"_self\" rel=\"bookmark noopener noreferrer\" class='uagb-image-ratio-inherit'><img decoding=\"async\" width=\"1024\" height=\"513\" src=\"https:\/\/bitfab.io\/wp-content\/uploads\/2020\/07\/portada-1024x513.png\" class=\"attachment-large size-large\" alt=\"\" srcset=\"https:\/\/bitfab.io\/wp-content\/uploads\/2020\/07\/portada-1024x513.png 1024w, https:\/\/bitfab.io\/wp-content\/uploads\/2020\/07\/portada-600x300.png 600w, https:\/\/bitfab.io\/wp-content\/uploads\/2020\/07\/portada-300x150.png 300w, https:\/\/bitfab.io\/wp-content\/uploads\/2020\/07\/portada-768x385.png 768w, https:\/\/bitfab.io\/wp-content\/uploads\/2020\/07\/portada.png 1312w\" sizes=\"(max-width: 1024px) 100vw, 1024px\" \/>\t\t\t\t\t<\/a>\n\t\t\t\t\t\t\t<\/div>\n\t\t\t\t\t\t<h4 class=\"uagb-post__title uagb-post__text\">\n\t\t\t\t<a href=\"https:\/\/bitfab.io\/pt-pt\/blog\/as-melhores-alternativas-ao-autocad-especialmente-para-impressao-3d\/\" target=\"_self\" rel=\"bookmark noopener noreferrer\">As melhores alternativas ao Autocad (especialmente para impress\u00e3o 3D)<\/a>\n\t\t\t<\/h4>\n\t\t\t\t\t\t<div class='uagb-post__text uagb-post-grid-byline'>\n\t\t\t\t\t\t\t<\/div>\n\t\t\t\n\t\t\t\t\t\t\t\t\t<\/article>\n\t\t\t\t\t\t\t\t\t\t\t\t\t\t\t\t<article class=\"uagb-post__inner-wrap\">\t\t\t\t\t\t\t\t<div class='uagb-post__image'>\n\t\t\t\t\t\t\t\t\t<a href=\"https:\/\/bitfab.io\/pt-pt\/blog\/as-5-melhores-apps-gratuitas-para-digitalizar-objetos-em-3d-com-o-teu-telemovel\/\" target=\"_self\" rel=\"bookmark noopener noreferrer\" class='uagb-image-ratio-inherit'><img decoding=\"async\" width=\"1000\" height=\"500\" src=\"https:\/\/bitfab.io\/wp-content\/uploads\/2019\/03\/Escanear-3D-movil.png\" class=\"attachment-large size-large\" alt=\"\" srcset=\"https:\/\/bitfab.io\/wp-content\/uploads\/2019\/03\/Escanear-3D-movil.png 1000w, https:\/\/bitfab.io\/wp-content\/uploads\/2019\/03\/Escanear-3D-movil-600x300.png 600w, https:\/\/bitfab.io\/wp-content\/uploads\/2019\/03\/Escanear-3D-movil-300x150.png 300w, https:\/\/bitfab.io\/wp-content\/uploads\/2019\/03\/Escanear-3D-movil-768x384.png 768w\" sizes=\"(max-width: 1000px) 100vw, 1000px\" \/>\t\t\t\t\t<\/a>\n\t\t\t\t\t\t\t<\/div>\n\t\t\t\t\t\t<h4 class=\"uagb-post__title uagb-post__text\">\n\t\t\t\t<a href=\"https:\/\/bitfab.io\/pt-pt\/blog\/as-5-melhores-apps-gratuitas-para-digitalizar-objetos-em-3d-com-o-teu-telemovel\/\" target=\"_self\" rel=\"bookmark noopener noreferrer\">As 5 Melhores Apps Gratuitas para Digitalizar Objetos em 3D com o teu Telem\u00f3vel<\/a>\n\t\t\t<\/h4>\n\t\t\t\t\t\t<div class='uagb-post__text uagb-post-grid-byline'>\n\t\t\t\t\t\t\t<\/div>\n\t\t\t\n\t\t\t\t\t\t\t\t\t<\/article>\n\t\t\t\t\t\t\t\t\t\t\t<\/div>","protected":false},"excerpt":{"rendered":"<p>O que \u00e9 a digitaliza\u00e7\u00e3o 3D? A digitaliza\u00e7\u00e3o 3D ou scanning 3D \u00e9 a t\u00e9cnica que nos permite obter modelos tridimensionais de objetos f\u00edsicos. Estes modelos s\u00e3o malhas de pontos ou tri\u00e2ngulos que representam a superf\u00edcie externa do objeto que digitalizamos e geralmente requerem p\u00f3s-processamento no computador para reconstruir o objeto, reparar as malhas ou &#8230; <a title=\"Servi\u00e7o de digitaliza\u00e7\u00e3o 3D pela Bitfab\" class=\"read-more\" href=\"https:\/\/bitfab.io\/pt-pt\/digitalizacao-3d\/\" aria-label=\"Leia mais sobre Servi\u00e7o de digitaliza\u00e7\u00e3o 3D pela Bitfab\">Read more<\/a><\/p>\n","protected":false},"author":1,"featured_media":0,"parent":0,"menu_order":0,"comment_status":"closed","ping_status":"closed","template":"","meta":{"_uag_custom_page_level_css":"","footnotes":""},"class_list":["post-12184","page","type-page","status-publish"],"yoast_head":"<!-- This site is optimized with the Yoast SEO plugin v23.6 - https:\/\/yoast.com\/wordpress\/plugins\/seo\/ -->\n<title>Servi\u00e7o de digitaliza\u00e7\u00e3o 3D pela Bitfab - Bitfab<\/title>\n<meta name=\"robots\" content=\"index, follow, max-snippet:-1, max-image-preview:large, max-video-preview:-1\" \/>\n<link rel=\"canonical\" href=\"https:\/\/bitfab.io\/pt-pt\/digitalizacao-3d\/\" \/>\n<meta property=\"og:locale\" content=\"pt_PT\" \/>\n<meta property=\"og:type\" content=\"article\" \/>\n<meta property=\"og:title\" content=\"Servi\u00e7o de digitaliza\u00e7\u00e3o 3D pela Bitfab - Bitfab\" \/>\n<meta property=\"og:description\" content=\"O que \u00e9 a digitaliza\u00e7\u00e3o 3D? A digitaliza\u00e7\u00e3o 3D ou scanning 3D \u00e9 a t\u00e9cnica que nos permite obter modelos tridimensionais de objetos f\u00edsicos. Estes modelos s\u00e3o malhas de pontos ou tri\u00e2ngulos que representam a superf\u00edcie externa do objeto que digitalizamos e geralmente requerem p\u00f3s-processamento no computador para reconstruir o objeto, reparar as malhas ou ... Read more\" \/>\n<meta property=\"og:url\" content=\"https:\/\/bitfab.io\/pt-pt\/digitalizacao-3d\/\" \/>\n<meta property=\"og:site_name\" content=\"Bitfab\" \/>\n<meta property=\"article:publisher\" content=\"https:\/\/facebook.com\/bitfab\/\" \/>\n<meta property=\"article:modified_time\" content=\"2020-08-04T10:05:54+00:00\" \/>\n<meta property=\"og:image\" content=\"https:\/\/bitfab.io\/wp-content\/uploads\/2019\/08\/escaneado-3d-300x223.png\" \/>\n<meta name=\"twitter:card\" content=\"summary_large_image\" \/>\n<meta name=\"twitter:site\" content=\"@bitfab_io\" \/>\n<meta name=\"twitter:label1\" content=\"Tempo estimado de leitura\" \/>\n\t<meta name=\"twitter:data1\" content=\"3 minutos\" \/>\n<script type=\"application\/ld+json\" class=\"yoast-schema-graph\">{\"@context\":\"https:\/\/schema.org\",\"@graph\":[{\"@type\":\"WebPage\",\"@id\":\"https:\/\/bitfab.io\/pt-pt\/digitalizacao-3d\/\",\"url\":\"https:\/\/bitfab.io\/pt-pt\/digitalizacao-3d\/\",\"name\":\"Servi\u00e7o de digitaliza\u00e7\u00e3o 3D pela Bitfab - Bitfab\",\"isPartOf\":{\"@id\":\"https:\/\/bitfab.io\/pt-pt\/#website\"},\"primaryImageOfPage\":{\"@id\":\"https:\/\/bitfab.io\/pt-pt\/digitalizacao-3d\/#primaryimage\"},\"image\":{\"@id\":\"https:\/\/bitfab.io\/pt-pt\/digitalizacao-3d\/#primaryimage\"},\"thumbnailUrl\":\"https:\/\/bitfab.io\/wp-content\/uploads\/2019\/08\/escaneado-3d-300x223.png\",\"datePublished\":\"2020-07-16T12:18:51+00:00\",\"dateModified\":\"2020-08-04T10:05:54+00:00\",\"breadcrumb\":{\"@id\":\"https:\/\/bitfab.io\/pt-pt\/digitalizacao-3d\/#breadcrumb\"},\"inLanguage\":\"pt-PT\",\"potentialAction\":[{\"@type\":\"ReadAction\",\"target\":[\"https:\/\/bitfab.io\/pt-pt\/digitalizacao-3d\/\"]}]},{\"@type\":\"ImageObject\",\"inLanguage\":\"pt-PT\",\"@id\":\"https:\/\/bitfab.io\/pt-pt\/digitalizacao-3d\/#primaryimage\",\"url\":\"https:\/\/bitfab.io\/wp-content\/uploads\/2019\/08\/escaneado-3d-300x223.png\",\"contentUrl\":\"https:\/\/bitfab.io\/wp-content\/uploads\/2019\/08\/escaneado-3d-300x223.png\"},{\"@type\":\"BreadcrumbList\",\"@id\":\"https:\/\/bitfab.io\/pt-pt\/digitalizacao-3d\/#breadcrumb\",\"itemListElement\":[{\"@type\":\"ListItem\",\"position\":1,\"name\":\"Bitfab\",\"item\":\"https:\/\/bitfab.io\/pt-pt\/\"},{\"@type\":\"ListItem\",\"position\":2,\"name\":\"Servi\u00e7o de digitaliza\u00e7\u00e3o 3D pela Bitfab\"}]},{\"@type\":\"WebSite\",\"@id\":\"https:\/\/bitfab.io\/pt-pt\/#website\",\"url\":\"https:\/\/bitfab.io\/pt-pt\/\",\"name\":\"Bitfab\",\"description\":\"Servicio de impresi\u00f3n 3D\",\"publisher\":{\"@id\":\"https:\/\/bitfab.io\/pt-pt\/#organization\"},\"potentialAction\":[{\"@type\":\"SearchAction\",\"target\":{\"@type\":\"EntryPoint\",\"urlTemplate\":\"https:\/\/bitfab.io\/pt-pt\/?s={search_term_string}\"},\"query-input\":{\"@type\":\"PropertyValueSpecification\",\"valueRequired\":true,\"valueName\":\"search_term_string\"}}],\"inLanguage\":\"pt-PT\"},{\"@type\":\"Organization\",\"@id\":\"https:\/\/bitfab.io\/pt-pt\/#organization\",\"name\":\"Bitfab\",\"url\":\"https:\/\/bitfab.io\/pt-pt\/\",\"logo\":{\"@type\":\"ImageObject\",\"inLanguage\":\"pt-PT\",\"@id\":\"https:\/\/bitfab.io\/pt-pt\/#\/schema\/logo\/image\/\",\"url\":\"https:\/\/bitfab.io\/wp-content\/uploads\/2017\/12\/rectangle_1000x500_with_background.png\",\"contentUrl\":\"https:\/\/bitfab.io\/wp-content\/uploads\/2017\/12\/rectangle_1000x500_with_background.png\",\"width\":1000,\"height\":500,\"caption\":\"Bitfab\"},\"image\":{\"@id\":\"https:\/\/bitfab.io\/pt-pt\/#\/schema\/logo\/image\/\"},\"sameAs\":[\"https:\/\/facebook.com\/bitfab\/\",\"https:\/\/x.com\/bitfab_io\",\"https:\/\/instagram.com\/bitfab\",\"https:\/\/www.linkedin.com\/company\/bitfab\",\"https:\/\/www.pinterest.es\/bitfab\/\",\"https:\/\/www.youtube.com\/channel\/UCZgATY_8YVx3ndFrNgyfyWg\/\"]}]}<\/script>\n<!-- \/ Yoast SEO plugin. -->","yoast_head_json":{"title":"Servi\u00e7o de digitaliza\u00e7\u00e3o 3D pela Bitfab - Bitfab","robots":{"index":"index","follow":"follow","max-snippet":"max-snippet:-1","max-image-preview":"max-image-preview:large","max-video-preview":"max-video-preview:-1"},"canonical":"https:\/\/bitfab.io\/pt-pt\/digitalizacao-3d\/","og_locale":"pt_PT","og_type":"article","og_title":"Servi\u00e7o de digitaliza\u00e7\u00e3o 3D pela Bitfab - Bitfab","og_description":"O que \u00e9 a digitaliza\u00e7\u00e3o 3D? A digitaliza\u00e7\u00e3o 3D ou scanning 3D \u00e9 a t\u00e9cnica que nos permite obter modelos tridimensionais de objetos f\u00edsicos. Estes modelos s\u00e3o malhas de pontos ou tri\u00e2ngulos que representam a superf\u00edcie externa do objeto que digitalizamos e geralmente requerem p\u00f3s-processamento no computador para reconstruir o objeto, reparar as malhas ou ... Read more","og_url":"https:\/\/bitfab.io\/pt-pt\/digitalizacao-3d\/","og_site_name":"Bitfab","article_publisher":"https:\/\/facebook.com\/bitfab\/","article_modified_time":"2020-08-04T10:05:54+00:00","og_image":[{"url":"https:\/\/bitfab.io\/wp-content\/uploads\/2019\/08\/escaneado-3d-300x223.png"}],"twitter_card":"summary_large_image","twitter_site":"@bitfab_io","twitter_misc":{"Tempo estimado de leitura":"3 minutos"},"schema":{"@context":"https:\/\/schema.org","@graph":[{"@type":"WebPage","@id":"https:\/\/bitfab.io\/pt-pt\/digitalizacao-3d\/","url":"https:\/\/bitfab.io\/pt-pt\/digitalizacao-3d\/","name":"Servi\u00e7o de digitaliza\u00e7\u00e3o 3D pela Bitfab - Bitfab","isPartOf":{"@id":"https:\/\/bitfab.io\/pt-pt\/#website"},"primaryImageOfPage":{"@id":"https:\/\/bitfab.io\/pt-pt\/digitalizacao-3d\/#primaryimage"},"image":{"@id":"https:\/\/bitfab.io\/pt-pt\/digitalizacao-3d\/#primaryimage"},"thumbnailUrl":"https:\/\/bitfab.io\/wp-content\/uploads\/2019\/08\/escaneado-3d-300x223.png","datePublished":"2020-07-16T12:18:51+00:00","dateModified":"2020-08-04T10:05:54+00:00","breadcrumb":{"@id":"https:\/\/bitfab.io\/pt-pt\/digitalizacao-3d\/#breadcrumb"},"inLanguage":"pt-PT","potentialAction":[{"@type":"ReadAction","target":["https:\/\/bitfab.io\/pt-pt\/digitalizacao-3d\/"]}]},{"@type":"ImageObject","inLanguage":"pt-PT","@id":"https:\/\/bitfab.io\/pt-pt\/digitalizacao-3d\/#primaryimage","url":"https:\/\/bitfab.io\/wp-content\/uploads\/2019\/08\/escaneado-3d-300x223.png","contentUrl":"https:\/\/bitfab.io\/wp-content\/uploads\/2019\/08\/escaneado-3d-300x223.png"},{"@type":"BreadcrumbList","@id":"https:\/\/bitfab.io\/pt-pt\/digitalizacao-3d\/#breadcrumb","itemListElement":[{"@type":"ListItem","position":1,"name":"Bitfab","item":"https:\/\/bitfab.io\/pt-pt\/"},{"@type":"ListItem","position":2,"name":"Servi\u00e7o de digitaliza\u00e7\u00e3o 3D pela Bitfab"}]},{"@type":"WebSite","@id":"https:\/\/bitfab.io\/pt-pt\/#website","url":"https:\/\/bitfab.io\/pt-pt\/","name":"Bitfab","description":"Servicio de impresi\u00f3n 3D","publisher":{"@id":"https:\/\/bitfab.io\/pt-pt\/#organization"},"potentialAction":[{"@type":"SearchAction","target":{"@type":"EntryPoint","urlTemplate":"https:\/\/bitfab.io\/pt-pt\/?s={search_term_string}"},"query-input":{"@type":"PropertyValueSpecification","valueRequired":true,"valueName":"search_term_string"}}],"inLanguage":"pt-PT"},{"@type":"Organization","@id":"https:\/\/bitfab.io\/pt-pt\/#organization","name":"Bitfab","url":"https:\/\/bitfab.io\/pt-pt\/","logo":{"@type":"ImageObject","inLanguage":"pt-PT","@id":"https:\/\/bitfab.io\/pt-pt\/#\/schema\/logo\/image\/","url":"https:\/\/bitfab.io\/wp-content\/uploads\/2017\/12\/rectangle_1000x500_with_background.png","contentUrl":"https:\/\/bitfab.io\/wp-content\/uploads\/2017\/12\/rectangle_1000x500_with_background.png","width":1000,"height":500,"caption":"Bitfab"},"image":{"@id":"https:\/\/bitfab.io\/pt-pt\/#\/schema\/logo\/image\/"},"sameAs":["https:\/\/facebook.com\/bitfab\/","https:\/\/x.com\/bitfab_io","https:\/\/instagram.com\/bitfab","https:\/\/www.linkedin.com\/company\/bitfab","https:\/\/www.pinterest.es\/bitfab\/","https:\/\/www.youtube.com\/channel\/UCZgATY_8YVx3ndFrNgyfyWg\/"]}]}},"uagb_featured_image_src":{"full":false,"thumbnail":false,"medium":false,"medium_large":false,"large":false,"1536x1536":false,"2048x2048":false,"woocommerce_thumbnail":false,"woocommerce_single":false,"woocommerce_gallery_thumbnail":false},"uagb_author_info":{"display_name":"Diego Trapero","author_link":"https:\/\/bitfab.io\/pt-pt\/blog\/author\/diegotrap\/"},"uagb_comment_info":0,"uagb_excerpt":"O que \u00e9 a digitaliza\u00e7\u00e3o 3D? A digitaliza\u00e7\u00e3o 3D ou scanning 3D \u00e9 a t\u00e9cnica que nos permite obter modelos tridimensionais de objetos f\u00edsicos. Estes modelos s\u00e3o malhas de pontos ou tri\u00e2ngulos que representam a superf\u00edcie externa do objeto que digitalizamos e geralmente requerem p\u00f3s-processamento no computador para reconstruir o objeto, reparar as malhas ou&hellip;","_links":{"self":[{"href":"https:\/\/bitfab.io\/pt-pt\/wp-json\/wp\/v2\/pages\/12184"}],"collection":[{"href":"https:\/\/bitfab.io\/pt-pt\/wp-json\/wp\/v2\/pages"}],"about":[{"href":"https:\/\/bitfab.io\/pt-pt\/wp-json\/wp\/v2\/types\/page"}],"author":[{"embeddable":true,"href":"https:\/\/bitfab.io\/pt-pt\/wp-json\/wp\/v2\/users\/1"}],"replies":[{"embeddable":true,"href":"https:\/\/bitfab.io\/pt-pt\/wp-json\/wp\/v2\/comments?post=12184"}],"version-history":[{"count":5,"href":"https:\/\/bitfab.io\/pt-pt\/wp-json\/wp\/v2\/pages\/12184\/revisions"}],"predecessor-version":[{"id":12505,"href":"https:\/\/bitfab.io\/pt-pt\/wp-json\/wp\/v2\/pages\/12184\/revisions\/12505"}],"wp:attachment":[{"href":"https:\/\/bitfab.io\/pt-pt\/wp-json\/wp\/v2\/media?parent=12184"}],"curies":[{"name":"wp","href":"https:\/\/api.w.org\/{rel}","templated":true}]}}