{"id":17135,"date":"2023-05-11T19:41:21","date_gmt":"2023-05-11T18:41:21","guid":{"rendered":"https:\/\/bitfab.io\/?post_type=product&#038;p=17135"},"modified":"2026-02-13T21:46:39","modified_gmt":"2026-02-13T19:46:39","slug":"curso-introduccion-impresion-3d","status":"publish","type":"product","link":"https:\/\/bitfab.io\/es\/product\/curso-introduccion-impresion-3d\/","title":{"rendered":"Curso Introducci\u00f3n a la Impresi\u00f3n 3D de Bitfab"},"content":{"rendered":"<p>Toda la informaci\u00f3n y lecciones de prueba en <a href=\"https:\/\/bitfab.io\/es\/cursos\/introduccion-impresion-3d\/\">la p\u00e1gina del curso<\/a>.<\/p>\n<p>La compra del curso da acceso durante tiempo ilimitado al material del curso, las actualizaciones del curso y los bonus.<\/p>\n<p>M\u00f3dulos del curso:<\/p>\n<ul>\n<li>Introducci\u00f3n al curso<\/li>\n<li>Las impresoras 3D<\/li>\n<li>Los materiales de impresi\u00f3n 3D<\/li>\n<li>Laminado con Prusa Slicer<\/li>\n<li>Resoluci\u00f3n de problemas<\/li>\n<li>Conclusi\u00f3n del curso<\/li>\n<\/ul>\n","protected":false},"excerpt":{"rendered":"<p>\ud83d\uded2 Aqu\u00ed puedes comprar el Curso de Iniciaci\u00f3n a la Impresi\u00f3n 3D de Bitfab.<\/p>\n","protected":false},"featured_media":17146,"template":"","meta":{"_uag_custom_page_level_css":""},"product_cat":[],"product_tag":[],"class_list":{"0":"post-17135","1":"product","2":"type-product","3":"status-publish","4":"has-post-thumbnail","6":"resize-featured-image","7":"sales-flash-overlay","8":"woocommerce-text-align-center","9":"woocommerce-image-align-center","10":"do-quantity-buttons","12":"first","13":"instock","14":"virtual","15":"sold-individually","16":"purchasable","17":"product-type-course"},"yoast_head":"<!-- This site is optimized with the Yoast SEO plugin v23.6 - https:\/\/yoast.com\/wordpress\/plugins\/seo\/ -->\n<title>Curso Introducci\u00f3n a la Impresi\u00f3n 3D de Bitfab - Bitfab<\/title>\n<meta name=\"robots\" content=\"index, follow, max-snippet:-1, max-image-preview:large, max-video-preview:-1\" \/>\n<link rel=\"canonical\" href=\"https:\/\/bitfab.io\/es\/product\/curso-introduccion-impresion-3d\/\" \/>\n<meta property=\"og:locale\" content=\"es_ES\" \/>\n<meta property=\"og:type\" content=\"article\" \/>\n<meta property=\"og:title\" content=\"Curso Introducci\u00f3n a la Impresi\u00f3n 3D de Bitfab - Bitfab\" \/>\n<meta property=\"og:description\" content=\"\ud83d\uded2 Aqu\u00ed puedes comprar el Curso de Iniciaci\u00f3n a la Impresi\u00f3n 3D de Bitfab.\" \/>\n<meta property=\"og:url\" content=\"https:\/\/bitfab.io\/es\/product\/curso-introduccion-impresion-3d\/\" \/>\n<meta property=\"og:site_name\" content=\"Bitfab\" \/>\n<meta property=\"article:publisher\" content=\"https:\/\/facebook.com\/bitfab\/\" \/>\n<meta property=\"article:modified_time\" content=\"2026-02-13T19:46:39+00:00\" \/>\n<meta property=\"og:image\" content=\"https:\/\/bitfab.io\/wp-content\/uploads\/2023\/01\/Portada-Curso-Impresion-3D.png\" \/>\n\t<meta property=\"og:image:width\" content=\"1024\" \/>\n\t<meta property=\"og:image:height\" content=\"512\" \/>\n\t<meta property=\"og:image:type\" content=\"image\/png\" \/>\n<meta name=\"twitter:card\" content=\"summary_large_image\" \/>\n<meta name=\"twitter:site\" content=\"@bitfab_io\" \/>\n<meta name=\"twitter:label1\" content=\"Tiempo de lectura\" \/>\n\t<meta name=\"twitter:data1\" content=\"1 minuto\" \/>\n<script type=\"application\/ld+json\" class=\"yoast-schema-graph\">{\"@context\":\"https:\/\/schema.org\",\"@graph\":[{\"@type\":\"WebPage\",\"@id\":\"https:\/\/bitfab.io\/es\/product\/curso-introduccion-impresion-3d\/\",\"url\":\"https:\/\/bitfab.io\/es\/product\/curso-introduccion-impresion-3d\/\",\"name\":\"Curso Introducci\u00f3n a la Impresi\u00f3n 3D de Bitfab - Bitfab\",\"isPartOf\":{\"@id\":\"https:\/\/bitfab.io\/es\/#website\"},\"primaryImageOfPage\":{\"@id\":\"https:\/\/bitfab.io\/es\/product\/curso-introduccion-impresion-3d\/#primaryimage\"},\"image\":{\"@id\":\"https:\/\/bitfab.io\/es\/product\/curso-introduccion-impresion-3d\/#primaryimage\"},\"thumbnailUrl\":\"https:\/\/bitfab.io\/wp-content\/uploads\/2023\/01\/Portada-Curso-Impresion-3D.png\",\"datePublished\":\"2023-05-11T18:41:21+00:00\",\"dateModified\":\"2026-02-13T19:46:39+00:00\",\"breadcrumb\":{\"@id\":\"https:\/\/bitfab.io\/es\/product\/curso-introduccion-impresion-3d\/#breadcrumb\"},\"inLanguage\":\"es\",\"potentialAction\":[{\"@type\":\"ReadAction\",\"target\":[\"https:\/\/bitfab.io\/es\/product\/curso-introduccion-impresion-3d\/\"]}]},{\"@type\":\"ImageObject\",\"inLanguage\":\"es\",\"@id\":\"https:\/\/bitfab.io\/es\/product\/curso-introduccion-impresion-3d\/#primaryimage\",\"url\":\"https:\/\/bitfab.io\/wp-content\/uploads\/2023\/01\/Portada-Curso-Impresion-3D.png\",\"contentUrl\":\"https:\/\/bitfab.io\/wp-content\/uploads\/2023\/01\/Portada-Curso-Impresion-3D.png\",\"width\":1024,\"height\":512},{\"@type\":\"BreadcrumbList\",\"@id\":\"https:\/\/bitfab.io\/es\/product\/curso-introduccion-impresion-3d\/#breadcrumb\",\"itemListElement\":[{\"@type\":\"ListItem\",\"position\":1,\"name\":\"Bitfab\",\"item\":\"https:\/\/bitfab.io\/es\/\"},{\"@type\":\"ListItem\",\"position\":2,\"name\":\"Productos\",\"item\":\"https:\/\/bitfab.io\/es\/productos\/\"},{\"@type\":\"ListItem\",\"position\":3,\"name\":\"Curso Introducci\u00f3n a la Impresi\u00f3n 3D de Bitfab\"}]},{\"@type\":\"WebSite\",\"@id\":\"https:\/\/bitfab.io\/es\/#website\",\"url\":\"https:\/\/bitfab.io\/es\/\",\"name\":\"Bitfab\",\"description\":\"Servicio de impresi\u00f3n 3D\",\"publisher\":{\"@id\":\"https:\/\/bitfab.io\/es\/#organization\"},\"potentialAction\":[{\"@type\":\"SearchAction\",\"target\":{\"@type\":\"EntryPoint\",\"urlTemplate\":\"https:\/\/bitfab.io\/es\/?s={search_term_string}\"},\"query-input\":{\"@type\":\"PropertyValueSpecification\",\"valueRequired\":true,\"valueName\":\"search_term_string\"}}],\"inLanguage\":\"es\"},{\"@type\":\"Organization\",\"@id\":\"https:\/\/bitfab.io\/es\/#organization\",\"name\":\"Bitfab\",\"url\":\"https:\/\/bitfab.io\/es\/\",\"logo\":{\"@type\":\"ImageObject\",\"inLanguage\":\"es\",\"@id\":\"https:\/\/bitfab.io\/es\/#\/schema\/logo\/image\/\",\"url\":\"https:\/\/bitfab.io\/wp-content\/uploads\/2017\/12\/rectangle_1000x500_with_background.png\",\"contentUrl\":\"https:\/\/bitfab.io\/wp-content\/uploads\/2017\/12\/rectangle_1000x500_with_background.png\",\"width\":1000,\"height\":500,\"caption\":\"Bitfab\"},\"image\":{\"@id\":\"https:\/\/bitfab.io\/es\/#\/schema\/logo\/image\/\"},\"sameAs\":[\"https:\/\/facebook.com\/bitfab\/\",\"https:\/\/x.com\/bitfab_io\",\"https:\/\/instagram.com\/bitfab\",\"https:\/\/www.linkedin.com\/company\/bitfab\",\"https:\/\/www.pinterest.es\/bitfab\/\",\"https:\/\/www.youtube.com\/channel\/UCZgATY_8YVx3ndFrNgyfyWg\/\"]}]}<\/script>\n<!-- \/ Yoast SEO plugin. -->","yoast_head_json":{"title":"Curso Introducci\u00f3n a la Impresi\u00f3n 3D de Bitfab - Bitfab","robots":{"index":"index","follow":"follow","max-snippet":"max-snippet:-1","max-image-preview":"max-image-preview:large","max-video-preview":"max-video-preview:-1"},"canonical":"https:\/\/bitfab.io\/es\/product\/curso-introduccion-impresion-3d\/","og_locale":"es_ES","og_type":"article","og_title":"Curso Introducci\u00f3n a la Impresi\u00f3n 3D de Bitfab - Bitfab","og_description":"\ud83d\uded2 Aqu\u00ed puedes comprar el Curso de Iniciaci\u00f3n a la Impresi\u00f3n 3D de Bitfab.","og_url":"https:\/\/bitfab.io\/es\/product\/curso-introduccion-impresion-3d\/","og_site_name":"Bitfab","article_publisher":"https:\/\/facebook.com\/bitfab\/","article_modified_time":"2026-02-13T19:46:39+00:00","og_image":[{"width":1024,"height":512,"url":"https:\/\/bitfab.io\/wp-content\/uploads\/2023\/01\/Portada-Curso-Impresion-3D.png","type":"image\/png"}],"twitter_card":"summary_large_image","twitter_site":"@bitfab_io","twitter_misc":{"Tiempo de lectura":"1 minuto"},"schema":{"@context":"https:\/\/schema.org","@graph":[{"@type":"WebPage","@id":"https:\/\/bitfab.io\/es\/product\/curso-introduccion-impresion-3d\/","url":"https:\/\/bitfab.io\/es\/product\/curso-introduccion-impresion-3d\/","name":"Curso Introducci\u00f3n a la Impresi\u00f3n 3D de Bitfab - Bitfab","isPartOf":{"@id":"https:\/\/bitfab.io\/es\/#website"},"primaryImageOfPage":{"@id":"https:\/\/bitfab.io\/es\/product\/curso-introduccion-impresion-3d\/#primaryimage"},"image":{"@id":"https:\/\/bitfab.io\/es\/product\/curso-introduccion-impresion-3d\/#primaryimage"},"thumbnailUrl":"https:\/\/bitfab.io\/wp-content\/uploads\/2023\/01\/Portada-Curso-Impresion-3D.png","datePublished":"2023-05-11T18:41:21+00:00","dateModified":"2026-02-13T19:46:39+00:00","breadcrumb":{"@id":"https:\/\/bitfab.io\/es\/product\/curso-introduccion-impresion-3d\/#breadcrumb"},"inLanguage":"es","potentialAction":[{"@type":"ReadAction","target":["https:\/\/bitfab.io\/es\/product\/curso-introduccion-impresion-3d\/"]}]},{"@type":"ImageObject","inLanguage":"es","@id":"https:\/\/bitfab.io\/es\/product\/curso-introduccion-impresion-3d\/#primaryimage","url":"https:\/\/bitfab.io\/wp-content\/uploads\/2023\/01\/Portada-Curso-Impresion-3D.png","contentUrl":"https:\/\/bitfab.io\/wp-content\/uploads\/2023\/01\/Portada-Curso-Impresion-3D.png","width":1024,"height":512},{"@type":"BreadcrumbList","@id":"https:\/\/bitfab.io\/es\/product\/curso-introduccion-impresion-3d\/#breadcrumb","itemListElement":[{"@type":"ListItem","position":1,"name":"Bitfab","item":"https:\/\/bitfab.io\/es\/"},{"@type":"ListItem","position":2,"name":"Productos","item":"https:\/\/bitfab.io\/es\/productos\/"},{"@type":"ListItem","position":3,"name":"Curso Introducci\u00f3n a la Impresi\u00f3n 3D de Bitfab"}]},{"@type":"WebSite","@id":"https:\/\/bitfab.io\/es\/#website","url":"https:\/\/bitfab.io\/es\/","name":"Bitfab","description":"Servicio de impresi\u00f3n 3D","publisher":{"@id":"https:\/\/bitfab.io\/es\/#organization"},"potentialAction":[{"@type":"SearchAction","target":{"@type":"EntryPoint","urlTemplate":"https:\/\/bitfab.io\/es\/?s={search_term_string}"},"query-input":{"@type":"PropertyValueSpecification","valueRequired":true,"valueName":"search_term_string"}}],"inLanguage":"es"},{"@type":"Organization","@id":"https:\/\/bitfab.io\/es\/#organization","name":"Bitfab","url":"https:\/\/bitfab.io\/es\/","logo":{"@type":"ImageObject","inLanguage":"es","@id":"https:\/\/bitfab.io\/es\/#\/schema\/logo\/image\/","url":"https:\/\/bitfab.io\/wp-content\/uploads\/2017\/12\/rectangle_1000x500_with_background.png","contentUrl":"https:\/\/bitfab.io\/wp-content\/uploads\/2017\/12\/rectangle_1000x500_with_background.png","width":1000,"height":500,"caption":"Bitfab"},"image":{"@id":"https:\/\/bitfab.io\/es\/#\/schema\/logo\/image\/"},"sameAs":["https:\/\/facebook.com\/bitfab\/","https:\/\/x.com\/bitfab_io","https:\/\/instagram.com\/bitfab","https:\/\/www.linkedin.com\/company\/bitfab","https:\/\/www.pinterest.es\/bitfab\/","https:\/\/www.youtube.com\/channel\/UCZgATY_8YVx3ndFrNgyfyWg\/"]}]}},"uagb_featured_image_src":{"full":["https:\/\/bitfab.io\/wp-content\/uploads\/2023\/01\/Portada-Curso-Impresion-3D.png",1024,512,false],"thumbnail":["https:\/\/bitfab.io\/wp-content\/uploads\/2023\/01\/Portada-Curso-Impresion-3D-150x150.png",150,150,true],"medium":["https:\/\/bitfab.io\/wp-content\/uploads\/2023\/01\/Portada-Curso-Impresion-3D-300x150.png",300,150,true],"medium_large":["https:\/\/bitfab.io\/wp-content\/uploads\/2023\/01\/Portada-Curso-Impresion-3D-768x384.png",768,384,true],"large":["https:\/\/bitfab.io\/wp-content\/uploads\/2023\/01\/Portada-Curso-Impresion-3D.png",1024,512,false],"1536x1536":["https:\/\/bitfab.io\/wp-content\/uploads\/2023\/01\/Portada-Curso-Impresion-3D.png",1024,512,false],"2048x2048":["https:\/\/bitfab.io\/wp-content\/uploads\/2023\/01\/Portada-Curso-Impresion-3D.png",1024,512,false],"woocommerce_thumbnail":["https:\/\/bitfab.io\/wp-content\/uploads\/2023\/01\/Portada-Curso-Impresion-3D-300x300.png",300,300,true],"woocommerce_single":["https:\/\/bitfab.io\/wp-content\/uploads\/2023\/01\/Portada-Curso-Impresion-3D-600x300.png",600,300,true],"woocommerce_gallery_thumbnail":["https:\/\/bitfab.io\/wp-content\/uploads\/2023\/01\/Portada-Curso-Impresion-3D-100x100.png",100,100,true]},"uagb_author_info":{"display_name":"Diego Trapero","author_link":"https:\/\/bitfab.io\/es\/blog\/author\/"},"uagb_comment_info":0,"uagb_excerpt":"\ud83d\uded2 Aqu\u00ed puedes comprar el Curso de Iniciaci\u00f3n a la Impresi\u00f3n 3D de Bitfab.","_links":{"self":[{"href":"https:\/\/bitfab.io\/es\/wp-json\/wp\/v2\/product\/17135"}],"collection":[{"href":"https:\/\/bitfab.io\/es\/wp-json\/wp\/v2\/product"}],"about":[{"href":"https:\/\/bitfab.io\/es\/wp-json\/wp\/v2\/types\/product"}],"wp:featuredmedia":[{"embeddable":true,"href":"https:\/\/bitfab.io\/es\/wp-json\/wp\/v2\/media\/17146"}],"wp:attachment":[{"href":"https:\/\/bitfab.io\/es\/wp-json\/wp\/v2\/media?parent=17135"}],"wp:term":[{"taxonomy":"product_cat","embeddable":true,"href":"https:\/\/bitfab.io\/es\/wp-json\/wp\/v2\/product_cat?post=17135"},{"taxonomy":"product_tag","embeddable":true,"href":"https:\/\/bitfab.io\/es\/wp-json\/wp\/v2\/product_tag?post=17135"}],"curies":[{"name":"wp","href":"https:\/\/api.w.org\/{rel}","templated":true}]}}