{"id":5140,"date":"2019-02-25T21:58:24","date_gmt":"2019-02-25T20:58:24","guid":{"rendered":"http:\/\/bitfab.io\/?page_id=5140"},"modified":"2023-01-19T21:02:43","modified_gmt":"2023-01-19T20:02:43","slug":"podcast","status":"publish","type":"page","link":"https:\/\/bitfab.io\/es\/podcast\/","title":{"rendered":"Podcast Impresi\u00f3n 3D con Bitfab"},"content":{"rendered":"<section class=\"wpb-content-wrapper\"><p>[vc_row][vc_column width=&#8221;1\/2&#8243;][vc_column_text]<\/p>\n<h1 style=\"text-align: center;\">Podcast Impresi\u00f3n 3D con Bitfab<\/h1>\n<p><strong>\u00bfQuieres imprimir en 3D y no sabes c\u00f3mo empezar?<\/strong> Cada dos semanas compartimos nuestra experiencia en el mundo de la impresi\u00f3n 3D para ayudarte a iniciarte en este mundo.[\/vc_column_text][vc_column_text css=&#8221;.vc_custom_1551897875830{margin-bottom: 10px !important;}&#8221;]<\/p>\n<h3>Esc\u00fachanos en<\/h3>\n<p>[\/vc_column_text][vc_row_inner][vc_column_inner width=&#8221;1\/2&#8243;][vc_btn title=&#8221;Apple Podcasts&#8221; style=&#8221;outline&#8221; color=&#8221;black&#8221; size=&#8221;lg&#8221; link=&#8221;url:https%3A%2F%2Fitunes.apple.com%2Fus%2Fpodcast%2Fimpresi%25C3%25B3n-3d-con-bitfab%2Fid1453749804%3Fmt%3D2|||&#8221;][vc_btn title=&#8221;Youtube&#8221; style=&#8221;outline&#8221; color=&#8221;danger&#8221; size=&#8221;lg&#8221; link=&#8221;url:https%3A%2F%2Fwww.youtube.com%2Fchannel%2FUCZgATY_8YVx3ndFrNgyfyWg|||&#8221;][\/vc_column_inner][vc_column_inner width=&#8221;1\/2&#8243;][vc_btn title=&#8221;Ivoox&#8221; style=&#8221;outline&#8221; color=&#8221;orange&#8221; size=&#8221;lg&#8221; link=&#8221;url:https%3A%2F%2Fwww.ivoox.com%2Fpodcast-impresion-3d-bitfab_sq_f1666418_1.html|||&#8221;][vc_btn title=&#8221;Spreaker&#8221; style=&#8221;outline&#8221; color=&#8221;chino&#8221; size=&#8221;lg&#8221; link=&#8221;url:https%3A%2F%2Fwww.spreaker.com%2Fshow%2F3371229|||&#8221;][\/vc_column_inner][\/vc_row_inner][\/vc_column][vc_column width=&#8221;1\/2&#8243;][vc_single_image image=&#8221;5511&#8243; img_size=&#8221;large&#8221;][\/vc_column][\/vc_row][vc_row full_width=&#8221;stretch_row&#8221; css=&#8221;.vc_custom_1556368148385{background-color: #ececec !important;}&#8221;][vc_column][vc_empty_space][vc_column_text]<\/p>\n<h2>Suscribirse a la lista de correo para recibir las novedades<\/h2>\n<p>[\/vc_column_text][vc_raw_html]JTNDZGl2JTIwZGF0YS10Zi13aWRnZXQlM0QlMjJPMmlMZ3FXTyUyMiUyMGRhdGEtdGYtb3BhY2l0eSUzRCUyMjEwMCUyMiUyMGRhdGEtdGYtaWZyYW1lLXByb3BzJTNEJTIydGl0bGUlM0RMYSUyMG5ld3NsZXR0ZXIlMjBkZSUyMGltcHJlc2klQzMlQjNuJTIwM0QlMjBkZSUyMEJpdGZhYiUyMiUyMGRhdGEtdGYtdHJhbnNpdGl2ZS1zZWFyY2gtcGFyYW1zJTIwZGF0YS10Zi1tZWRpdW0lM0QlMjJzbmlwcGV0JTIyJTIwZGF0YS10Zi1oaWRkZW4lM0QlMjJ0YWclM0QlMjIlMjBzdHlsZSUzRCUyMndpZHRoJTNBMTAwJTI1JTNCaGVpZ2h0JTNBMzAwcHglM0IlMjIlM0UlM0MlMkZkaXYlM0UlM0NzY3JpcHQlMjBzcmMlM0QlMjIlMkYlMkZlbWJlZC50eXBlZm9ybS5jb20lMkZuZXh0JTJGZW1iZWQuanMlMjIlM0UlM0MlMkZzY3JpcHQlM0U=[\/vc_raw_html][\/vc_column][\/vc_row][vc_row][vc_column][vc_column_text]<\/p>\n<h2>\u00daltimos episodios del podcast<\/h2>\n<p>[\/vc_column_text][vc_basic_grid post_type=&#8221;post&#8221; max_items=&#8221;3&#8243; item=&#8221;basicGrid_NoAnimation&#8221; initial_loading_animation=&#8221;none&#8221; grid_id=&#8221;vc_gid:1674158374845-21c244783dbc88eff3e1aa5ba010d311-4&#8243; taxonomies=&#8221;92&#8243;][\/vc_column][\/vc_row][vc_row][vc_column][\/vc_column][\/vc_row]<\/p>\n<\/section>","protected":false},"excerpt":{"rendered":"<p>[vc_row][vc_column width=&#8221;1\/2&#8243;][vc_column_text] Podcast Impresi\u00f3n 3D con Bitfab \u00bfQuieres imprimir en 3D y no sabes c\u00f3mo empezar? Cada dos semanas compartimos nuestra experiencia en el mundo de la impresi\u00f3n 3D para ayudarte a iniciarte en este mundo.[\/vc_column_text][vc_column_text css=&#8221;.vc_custom_1551897875830{margin-bottom: 10px !important;}&#8221;] Esc\u00fachanos en [\/vc_column_text][vc_row_inner][vc_column_inner width=&#8221;1\/2&#8243;][vc_btn title=&#8221;Apple Podcasts&#8221; style=&#8221;outline&#8221; color=&#8221;black&#8221; size=&#8221;lg&#8221; link=&#8221;url:https%3A%2F%2Fitunes.apple.com%2Fus%2Fpodcast%2Fimpresi%25C3%25B3n-3d-con-bitfab%2Fid1453749804%3Fmt%3D2|||&#8221;][vc_btn title=&#8221;Youtube&#8221; style=&#8221;outline&#8221; color=&#8221;danger&#8221; size=&#8221;lg&#8221; link=&#8221;url:https%3A%2F%2Fwww.youtube.com%2Fchannel%2FUCZgATY_8YVx3ndFrNgyfyWg|||&#8221;][\/vc_column_inner][vc_column_inner width=&#8221;1\/2&#8243;][vc_btn &#8230; <a title=\"Podcast Impresi\u00f3n 3D con Bitfab\" class=\"read-more\" href=\"https:\/\/bitfab.io\/es\/podcast\/\" aria-label=\"Leer m\u00e1s sobre Podcast Impresi\u00f3n 3D con Bitfab\">Read more<\/a><\/p>\n","protected":false},"author":1,"featured_media":0,"parent":0,"menu_order":0,"comment_status":"closed","ping_status":"closed","template":"","meta":{"_uag_custom_page_level_css":"","footnotes":""},"class_list":["post-5140","page","type-page","status-publish"],"yoast_head":"<!-- This site is optimized with the Yoast SEO plugin v23.6 - https:\/\/yoast.com\/wordpress\/plugins\/seo\/ -->\n<title>\ud83c\udfa7Podcast Impresi\u00f3n 3D con Bitfab - Novedades, reviews, tutoriales...<\/title>\n<meta name=\"description\" content=\"Escucha y descarga todos los cap\u00edtulos del podcast de impresi\u00f3n 3D con Bitfab, un podcast semanal para iniciarse en la impresi\u00f3n 3D hecho por profesionales.\" \/>\n<meta name=\"robots\" content=\"index, follow, max-snippet:-1, max-image-preview:large, max-video-preview:-1\" \/>\n<link rel=\"canonical\" href=\"https:\/\/bitfab.io\/es\/podcast\/\" \/>\n<meta property=\"og:locale\" content=\"es_ES\" \/>\n<meta property=\"og:type\" content=\"article\" \/>\n<meta property=\"og:title\" content=\"\ud83c\udfa7Podcast Impresi\u00f3n 3D con Bitfab - Novedades, reviews, tutoriales...\" \/>\n<meta property=\"og:description\" content=\"Escucha y descarga todos los cap\u00edtulos del podcast de impresi\u00f3n 3D con Bitfab, un podcast semanal para iniciarse en la impresi\u00f3n 3D hecho por profesionales.\" \/>\n<meta property=\"og:url\" content=\"https:\/\/bitfab.io\/es\/podcast\/\" \/>\n<meta property=\"og:site_name\" content=\"Bitfab\" \/>\n<meta property=\"article:publisher\" content=\"https:\/\/facebook.com\/bitfab\/\" \/>\n<meta property=\"article:modified_time\" content=\"2023-01-19T20:02:43+00:00\" \/>\n<meta name=\"twitter:card\" content=\"summary_large_image\" \/>\n<meta name=\"twitter:site\" content=\"@bitfab_io\" \/>\n<meta name=\"twitter:label1\" content=\"Tiempo de lectura\" \/>\n\t<meta name=\"twitter:data1\" content=\"2 minutos\" \/>\n<script type=\"application\/ld+json\" class=\"yoast-schema-graph\">{\"@context\":\"https:\/\/schema.org\",\"@graph\":[{\"@type\":\"WebPage\",\"@id\":\"https:\/\/bitfab.io\/es\/podcast\/\",\"url\":\"https:\/\/bitfab.io\/es\/podcast\/\",\"name\":\"\ud83c\udfa7Podcast Impresi\u00f3n 3D con Bitfab - Novedades, reviews, tutoriales...\",\"isPartOf\":{\"@id\":\"https:\/\/bitfab.io\/es\/#website\"},\"datePublished\":\"2019-02-25T20:58:24+00:00\",\"dateModified\":\"2023-01-19T20:02:43+00:00\",\"description\":\"Escucha y descarga todos los cap\u00edtulos del podcast de impresi\u00f3n 3D con Bitfab, un podcast semanal para iniciarse en la impresi\u00f3n 3D hecho por profesionales.\",\"breadcrumb\":{\"@id\":\"https:\/\/bitfab.io\/es\/podcast\/#breadcrumb\"},\"inLanguage\":\"es\",\"potentialAction\":[{\"@type\":\"ReadAction\",\"target\":[\"https:\/\/bitfab.io\/es\/podcast\/\"]}]},{\"@type\":\"BreadcrumbList\",\"@id\":\"https:\/\/bitfab.io\/es\/podcast\/#breadcrumb\",\"itemListElement\":[{\"@type\":\"ListItem\",\"position\":1,\"name\":\"Bitfab\",\"item\":\"https:\/\/bitfab.io\/es\/\"},{\"@type\":\"ListItem\",\"position\":2,\"name\":\"Podcast Impresi\u00f3n 3D con Bitfab\"}]},{\"@type\":\"WebSite\",\"@id\":\"https:\/\/bitfab.io\/es\/#website\",\"url\":\"https:\/\/bitfab.io\/es\/\",\"name\":\"Bitfab\",\"description\":\"Servicio de impresi\u00f3n 3D\",\"publisher\":{\"@id\":\"https:\/\/bitfab.io\/es\/#organization\"},\"potentialAction\":[{\"@type\":\"SearchAction\",\"target\":{\"@type\":\"EntryPoint\",\"urlTemplate\":\"https:\/\/bitfab.io\/es\/?s={search_term_string}\"},\"query-input\":{\"@type\":\"PropertyValueSpecification\",\"valueRequired\":true,\"valueName\":\"search_term_string\"}}],\"inLanguage\":\"es\"},{\"@type\":\"Organization\",\"@id\":\"https:\/\/bitfab.io\/es\/#organization\",\"name\":\"Bitfab\",\"url\":\"https:\/\/bitfab.io\/es\/\",\"logo\":{\"@type\":\"ImageObject\",\"inLanguage\":\"es\",\"@id\":\"https:\/\/bitfab.io\/es\/#\/schema\/logo\/image\/\",\"url\":\"https:\/\/bitfab.io\/wp-content\/uploads\/2017\/12\/rectangle_1000x500_with_background.png\",\"contentUrl\":\"https:\/\/bitfab.io\/wp-content\/uploads\/2017\/12\/rectangle_1000x500_with_background.png\",\"width\":1000,\"height\":500,\"caption\":\"Bitfab\"},\"image\":{\"@id\":\"https:\/\/bitfab.io\/es\/#\/schema\/logo\/image\/\"},\"sameAs\":[\"https:\/\/facebook.com\/bitfab\/\",\"https:\/\/x.com\/bitfab_io\",\"https:\/\/instagram.com\/bitfab\",\"https:\/\/www.linkedin.com\/company\/bitfab\",\"https:\/\/www.pinterest.es\/bitfab\/\",\"https:\/\/www.youtube.com\/channel\/UCZgATY_8YVx3ndFrNgyfyWg\/\"]}]}<\/script>\n<!-- \/ Yoast SEO plugin. -->","yoast_head_json":{"title":"\ud83c\udfa7Podcast Impresi\u00f3n 3D con Bitfab - Novedades, reviews, tutoriales...","description":"Escucha y descarga todos los cap\u00edtulos del podcast de impresi\u00f3n 3D con Bitfab, un podcast semanal para iniciarse en la impresi\u00f3n 3D hecho por profesionales.","robots":{"index":"index","follow":"follow","max-snippet":"max-snippet:-1","max-image-preview":"max-image-preview:large","max-video-preview":"max-video-preview:-1"},"canonical":"https:\/\/bitfab.io\/es\/podcast\/","og_locale":"es_ES","og_type":"article","og_title":"\ud83c\udfa7Podcast Impresi\u00f3n 3D con Bitfab - Novedades, reviews, tutoriales...","og_description":"Escucha y descarga todos los cap\u00edtulos del podcast de impresi\u00f3n 3D con Bitfab, un podcast semanal para iniciarse en la impresi\u00f3n 3D hecho por profesionales.","og_url":"https:\/\/bitfab.io\/es\/podcast\/","og_site_name":"Bitfab","article_publisher":"https:\/\/facebook.com\/bitfab\/","article_modified_time":"2023-01-19T20:02:43+00:00","twitter_card":"summary_large_image","twitter_site":"@bitfab_io","twitter_misc":{"Tiempo de lectura":"2 minutos"},"schema":{"@context":"https:\/\/schema.org","@graph":[{"@type":"WebPage","@id":"https:\/\/bitfab.io\/es\/podcast\/","url":"https:\/\/bitfab.io\/es\/podcast\/","name":"\ud83c\udfa7Podcast Impresi\u00f3n 3D con Bitfab - Novedades, reviews, tutoriales...","isPartOf":{"@id":"https:\/\/bitfab.io\/es\/#website"},"datePublished":"2019-02-25T20:58:24+00:00","dateModified":"2023-01-19T20:02:43+00:00","description":"Escucha y descarga todos los cap\u00edtulos del podcast de impresi\u00f3n 3D con Bitfab, un podcast semanal para iniciarse en la impresi\u00f3n 3D hecho por profesionales.","breadcrumb":{"@id":"https:\/\/bitfab.io\/es\/podcast\/#breadcrumb"},"inLanguage":"es","potentialAction":[{"@type":"ReadAction","target":["https:\/\/bitfab.io\/es\/podcast\/"]}]},{"@type":"BreadcrumbList","@id":"https:\/\/bitfab.io\/es\/podcast\/#breadcrumb","itemListElement":[{"@type":"ListItem","position":1,"name":"Bitfab","item":"https:\/\/bitfab.io\/es\/"},{"@type":"ListItem","position":2,"name":"Podcast Impresi\u00f3n 3D con Bitfab"}]},{"@type":"WebSite","@id":"https:\/\/bitfab.io\/es\/#website","url":"https:\/\/bitfab.io\/es\/","name":"Bitfab","description":"Servicio de impresi\u00f3n 3D","publisher":{"@id":"https:\/\/bitfab.io\/es\/#organization"},"potentialAction":[{"@type":"SearchAction","target":{"@type":"EntryPoint","urlTemplate":"https:\/\/bitfab.io\/es\/?s={search_term_string}"},"query-input":{"@type":"PropertyValueSpecification","valueRequired":true,"valueName":"search_term_string"}}],"inLanguage":"es"},{"@type":"Organization","@id":"https:\/\/bitfab.io\/es\/#organization","name":"Bitfab","url":"https:\/\/bitfab.io\/es\/","logo":{"@type":"ImageObject","inLanguage":"es","@id":"https:\/\/bitfab.io\/es\/#\/schema\/logo\/image\/","url":"https:\/\/bitfab.io\/wp-content\/uploads\/2017\/12\/rectangle_1000x500_with_background.png","contentUrl":"https:\/\/bitfab.io\/wp-content\/uploads\/2017\/12\/rectangle_1000x500_with_background.png","width":1000,"height":500,"caption":"Bitfab"},"image":{"@id":"https:\/\/bitfab.io\/es\/#\/schema\/logo\/image\/"},"sameAs":["https:\/\/facebook.com\/bitfab\/","https:\/\/x.com\/bitfab_io","https:\/\/instagram.com\/bitfab","https:\/\/www.linkedin.com\/company\/bitfab","https:\/\/www.pinterest.es\/bitfab\/","https:\/\/www.youtube.com\/channel\/UCZgATY_8YVx3ndFrNgyfyWg\/"]}]}},"uagb_featured_image_src":{"full":false,"thumbnail":false,"medium":false,"medium_large":false,"large":false,"1536x1536":false,"2048x2048":false,"woocommerce_thumbnail":false,"woocommerce_single":false,"woocommerce_gallery_thumbnail":false},"uagb_author_info":{"display_name":"Diego Trapero","author_link":"https:\/\/bitfab.io\/es\/blog\/author\/diegotrap\/"},"uagb_comment_info":0,"uagb_excerpt":"[vc_row][vc_column width=&#8221;1\/2&#8243;][vc_column_text] Podcast Impresi\u00f3n 3D con Bitfab \u00bfQuieres imprimir en 3D y no sabes c\u00f3mo empezar? Cada dos semanas compartimos nuestra experiencia en el mundo de la impresi\u00f3n 3D para ayudarte a iniciarte en este mundo.[\/vc_column_text][vc_column_text css=&#8221;.vc_custom_1551897875830{margin-bottom: 10px !important;}&#8221;] Esc\u00fachanos en [\/vc_column_text][vc_row_inner][vc_column_inner width=&#8221;1\/2&#8243;][vc_btn title=&#8221;Apple Podcasts&#8221; style=&#8221;outline&#8221; color=&#8221;black&#8221; size=&#8221;lg&#8221; link=&#8221;url:https%3A%2F%2Fitunes.apple.com%2Fus%2Fpodcast%2Fimpresi%25C3%25B3n-3d-con-bitfab%2Fid1453749804%3Fmt%3D2|||&#8221;][vc_btn title=&#8221;Youtube&#8221; style=&#8221;outline&#8221; color=&#8221;danger&#8221; size=&#8221;lg&#8221; link=&#8221;url:https%3A%2F%2Fwww.youtube.com%2Fchannel%2FUCZgATY_8YVx3ndFrNgyfyWg|||&#8221;][\/vc_column_inner][vc_column_inner width=&#8221;1\/2&#8243;][vc_btn&hellip;","_links":{"self":[{"href":"https:\/\/bitfab.io\/es\/wp-json\/wp\/v2\/pages\/5140"}],"collection":[{"href":"https:\/\/bitfab.io\/es\/wp-json\/wp\/v2\/pages"}],"about":[{"href":"https:\/\/bitfab.io\/es\/wp-json\/wp\/v2\/types\/page"}],"author":[{"embeddable":true,"href":"https:\/\/bitfab.io\/es\/wp-json\/wp\/v2\/users\/1"}],"replies":[{"embeddable":true,"href":"https:\/\/bitfab.io\/es\/wp-json\/wp\/v2\/comments?post=5140"}],"version-history":[{"count":21,"href":"https:\/\/bitfab.io\/es\/wp-json\/wp\/v2\/pages\/5140\/revisions"}],"predecessor-version":[{"id":17071,"href":"https:\/\/bitfab.io\/es\/wp-json\/wp\/v2\/pages\/5140\/revisions\/17071"}],"wp:attachment":[{"href":"https:\/\/bitfab.io\/es\/wp-json\/wp\/v2\/media?parent=5140"}],"curies":[{"name":"wp","href":"https:\/\/api.w.org\/{rel}","templated":true}]}}