{"id":4655,"date":"2018-08-14T20:55:15","date_gmt":"2018-08-14T18:55:15","guid":{"rendered":"http:\/\/bitfab.io\/?page_id=4655"},"modified":"2019-08-29T16:30:10","modified_gmt":"2019-08-29T16:30:10","slug":"como-disenar-para-impresion-3d-ebook","status":"publish","type":"page","link":"https:\/\/bitfab.io\/es\/como-disenar-para-impresion-3d-ebook\/","title":{"rendered":"C\u00f3mo dise\u00f1ar para impresi\u00f3n 3D &#8211; Ebook de Bitfab"},"content":{"rendered":"<section class=\"wpb-content-wrapper\"><p>[vc_row full_width=&#8221;stretch_row&#8221; bg_type=&#8221;color&#8221; bg_color=&#8221;#ececec&#8221;][vc_column][vc_row_inner][vc_column_inner width=&#8221;1\/2&#8243;][vc_single_image image=&#8221;5483&#8243; img_size=&#8221;full&#8221; alignment=&#8221;center&#8221; css_animation=&#8221;bounceInLeft&#8221;][\/vc_column_inner][vc_column_inner width=&#8221;1\/2&#8243;][vc_column_text]<\/p>\n<div class=\"wpb_text_column wpb_content_element vc_custom_1533411017151\">\n<div class=\"wpb_wrapper\">\n<p>Un ebook compacto con tips e informaci\u00f3n sobre <a href=\"https:\/\/bitfab.io\/es\/diseno-3d\/\">dise\u00f1o 3D<\/a> de piezas que pueden ser impresas con impresi\u00f3n 3D FDM.<\/p>\n<ul>\n<li>\u00bfQu\u00e9 es la impresi\u00f3n 3D?<\/li>\n<li>\u00bfQu\u00e9 tipo de piezas se pueden producir con impresi\u00f3n 3D?<\/li>\n<li>\u00bfC\u00f3mo se presupuestan las piezas impresas?<\/li>\n<li>Muchos consejos y reglas para dise\u00f1ar piezas imprimibles en 3D<\/li>\n<li>C\u00f3mo optimizar mi dise\u00f1o para mejorar su resistencia o acabado<\/li>\n<\/ul>\n<\/div>\n<\/div>\n<div class=\"wpb_text_column wpb_content_element \">\n<div class=\"wpb_wrapper\">\n<p>\u00bfQuieres dise\u00f1ar piezas imprimibles?\u00bfNo tienes mucho tiempo para aprender? Este libro es para ti, aprende las claves de dise\u00f1ar piezas impresas con nuestros consejos.<\/p>\n<\/div>\n<\/div>\n<p>[\/vc_column_text][vc_raw_html]JTNDY2VudGVyJTNFJTNDYSUyMGNsYXNzJTNEJTIydHlwZWZvcm0tc2hhcmUlMjBidXR0b24lMjIlMjBocmVmJTNEJTIyaHR0cHMlM0ElMkYlMkZiaXRmYWIudHlwZWZvcm0uY29tJTJGdG8lMkZsd3laYjclMjIlMjBkYXRhLW1vZGUlM0QlMjJwb3B1cCUyMiUyMHN0eWxlJTNEJTIyZGlzcGxheSUzQWlubGluZS1ibG9jayUzQnRleHQtZGVjb3JhdGlvbiUzQW5vbmUlM0JiYWNrZ3JvdW5kLWNvbG9yJTNBJTIzRUM0QTQyJTNCY29sb3IlM0F3aGl0ZSUzQmN1cnNvciUzQXBvaW50ZXIlM0Jmb250LWZhbWlseSUzQUhlbHZldGljYSUyQ0FyaWFsJTJDc2Fucy1zZXJpZiUzQmZvbnQtc2l6ZSUzQTIwcHglM0JsaW5lLWhlaWdodCUzQTUwcHglM0J0ZXh0LWFsaWduJTNBY2VudGVyJTNCbWFyZ2luJTNBMCUzQmhlaWdodCUzQTUwcHglM0JwYWRkaW5nJTNBMHB4JTIwMzNweCUzQmJvcmRlci1yYWRpdXMlM0E3cHglM0JtYXgtd2lkdGglM0ExMDAlMjUlM0J3aGl0ZS1zcGFjZSUzQW5vd3JhcCUzQm92ZXJmbG93JTNBaGlkZGVuJTNCdGV4dC1vdmVyZmxvdyUzQWVsbGlwc2lzJTNCZm9udC13ZWlnaHQlM0Fib2xkJTNCLXdlYmtpdC1mb250LXNtb290aGluZyUzQWFudGlhbGlhc2VkJTNCLW1vei1vc3gtZm9udC1zbW9vdGhpbmclM0FncmF5c2NhbGUlM0IlMjIlMjBkYXRhLWhpZGUtaGVhZGVycyUzRHRydWUlMjBkYXRhLWhpZGUtZm9vdGVyJTNEdHJ1ZSUyMHRhcmdldCUzRCUyMl9ibGFuayUyMiUzRURlc2NhcmdhciUyMGVib29rJTIwZ3JhdGlzJTNDJTJGYSUzRSUyMCUzQ3NjcmlwdCUzRSUyMCUyOGZ1bmN0aW9uJTI4JTI5JTIwJTdCJTIwdmFyJTIwcXMlMkNqcyUyQ3ElMkNzJTJDZCUzRGRvY3VtZW50JTJDJTIwZ2klM0RkLmdldEVsZW1lbnRCeUlkJTJDJTIwY2UlM0RkLmNyZWF0ZUVsZW1lbnQlMkMlMjBndCUzRGQuZ2V0RWxlbWVudHNCeVRhZ05hbWUlMkMlMjBpZCUzRCUyMnR5cGVmX29ybV9zaGFyZSUyMiUyQyUyMGIlM0QlMjJodHRwcyUzQSUyRiUyRmVtYmVkLnR5cGVmb3JtLmNvbSUyRiUyMiUzQiUyMGlmJTI4JTIxZ2kuY2FsbCUyOGQlMkNpZCUyOSUyOSU3QiUyMGpzJTNEY2UuY2FsbCUyOGQlMkMlMjJzY3JpcHQlMjIlMjklM0IlMjBqcy5pZCUzRGlkJTNCJTIwanMuc3JjJTNEYiUyQiUyMmVtYmVkLmpzJTIyJTNCJTIwcSUzRGd0LmNhbGwlMjhkJTJDJTIyc2NyaXB0JTIyJTI5JTVCMCU1RCUzQiUyMHEucGFyZW50Tm9kZS5pbnNlcnRCZWZvcmUlMjhqcyUyQ3ElMjklMjAlN0QlMjAlN0QlMjklMjglMjklMjAlM0MlMkZzY3JpcHQlM0UlM0MlMkZjZW50ZXIlM0U=[\/vc_raw_html][\/vc_column_inner][\/vc_row_inner][\/vc_column][\/vc_row][vc_row top_padding=&#8221;50&#8243;][vc_column][vc_row_inner][vc_column_inner width=&#8221;1\/2&#8243;][vc_empty_space height=&#8221;100px&#8221;][vc_single_image image=&#8221;5333&#8243; img_size=&#8221;320&#215;254&#8243; alignment=&#8221;center&#8221;][\/vc_column_inner][vc_column_inner width=&#8221;1\/2&#8243;][vc_custom_heading text=&#8221;\u00bfQu\u00e9 voy a aprender?&#8221; font_container=&#8221;tag:h2|font_size:32px|text_align:center|color:%23333333&#8243; google_fonts=&#8221;font_family:Raleway%3A100%2C200%2C300%2Cregular%2C500%2C600%2C700%2C800%2C900|font_style:700%20bold%20regular%3A700%3Anormal&#8221;][vc_column_text]Este libro es para ti si <strong>ya sabes dise\u00f1ar modelos en 3D o est\u00e1s aprendiendo<\/strong> a hacerlo. Puedes usar <strong>cualquier programa de dise\u00f1o 3D<\/strong> para aprovechar la informaci\u00f3n del ebook, ya que todos los programas de modelado o CAD pueden exportar a formatos imprimibles.<\/p>\n<p>Empezamos con una <strong>breve introducci\u00f3n a la impresi\u00f3n 3D<\/strong> con los conceptos b\u00e1sicos del proceso para que entiendas c\u00f3mo se van a producir tus piezas. Despu\u00e9s hemos recogido una <strong>colecci\u00f3n de consejos y reglas<\/strong> para adaptar tus dise\u00f1os para que sean imprimibles.<\/p>\n<p><strong>No necesitas demasiado tiempo<\/strong> para absorber el contenido de este libro. Encontrar\u00e1s que hemos usado <strong>textos concisos y multitud de im\u00e1genes<\/strong> para hacer el contenido m\u00e1s atractivo y sencillo.<\/p>\n<p>Este libro es la gu\u00eda perfecta si quieres aprender <strong>r\u00e1pidamente<\/strong> a adaptar tus habilidades de dise\u00f1o 3D para producir <strong>piezas que se puedan fabricar con una impresora 3D FDM<\/strong>.[\/vc_column_text][\/vc_column_inner][\/vc_row_inner][\/vc_column][\/vc_row][vc_row][vc_column][vc_custom_heading text=&#8221;Contenidos del libro&#8221; font_container=&#8221;tag:h2|font_size:32px|text_align:center|color:%23333333&#8243; google_fonts=&#8221;font_family:Raleway%3A100%2C200%2C300%2Cregular%2C500%2C600%2C700%2C800%2C900|font_style:700%20bold%20regular%3A700%3Anormal&#8221;][vc_row_inner][vc_column_inner width=&#8221;1\/3&#8243;][vc_column_text]<\/p>\n<ul>\n<li><strong>Introducci\u00f3n a la impresi\u00f3n 3D FDM<\/strong>\n<ul>\n<li>Qu\u00e9 es la impresi\u00f3n 3D FDM<\/li>\n<li>Aplicaciones de la impresi\u00f3n 3D<\/li>\n<li>Fabricaci\u00f3n con impresi\u00f3n 3D<\/li>\n<li>Entendiendo el proceso de impresi\u00f3n FDM<\/li>\n<li>C\u00f3mo se presupuesta una pieza FDM<\/li>\n<li>Software de dise\u00f1o<\/li>\n<\/ul>\n<\/li>\n<\/ul>\n<p>[\/vc_column_text][\/vc_column_inner][vc_column_inner width=&#8221;1\/3&#8243;][vc_column_text]<\/p>\n<ul>\n<li><strong>Consejos de dise\u00f1o para impresi\u00f3n 3D FDM<\/strong>\n<ul>\n<li>Tama\u00f1o de la pieza<\/li>\n<li>Tolerancia de la pieza<\/li>\n<li>Muros<\/li>\n<li>Agujeros, pines y secciones peque\u00f1as<\/li>\n<li>Detalles grabados y en relieve<\/li>\n<li>Voladizos y puentes<\/li>\n<\/ul>\n<\/li>\n<\/ul>\n<p>[\/vc_column_text][\/vc_column_inner][vc_column_inner width=&#8221;1\/3&#8243;][vc_column_text]<\/p>\n<ul>\n<li><strong>Orientaci\u00f3n de impresi\u00f3n<\/strong>\n<ul>\n<li>Orientaci\u00f3n y acabado<\/li>\n<li>Orientaci\u00f3n y resistencia<\/li>\n<\/ul>\n<\/li>\n<\/ul>\n<p>[\/vc_column_text][\/vc_column_inner][\/vc_row_inner][\/vc_column][\/vc_row][vc_row][vc_column][vc_custom_heading text=&#8221;Muestra del contenido: Tama\u00f1o de la pieza&#8221; font_container=&#8221;tag:h2|font_size:32px|text_align:center|color:%23333333&#8243; google_fonts=&#8221;font_family:Raleway%3A100%2C200%2C300%2Cregular%2C500%2C600%2C700%2C800%2C900|font_style:700%20bold%20regular%3A700%3Anormal&#8221;][vc_row_inner][vc_column_inner width=&#8221;1\/2&#8243;][vc_single_image image=&#8221;5469&#8243; img_size=&#8221;medium&#8221; alignment=&#8221;center&#8221;][vc_column_text css=&#8221;.vc_custom_1536689780036{padding-right: 10% !important;padding-left: 10% !important;}&#8221;]<b>Dimensiones m\u00e1ximas:<\/b><span style=\"font-weight: 400;\"> 400 x 300 x 300 mil\u00edmetros (X, Y, Z axis)<\/span><\/p>\n<p><span style=\"font-weight: 400;\">Se pueden imprimir piezas m\u00e1s grandes bajo demanda o divididas en varias partes.<\/span>[\/vc_column_text][\/vc_column_inner][vc_column_inner width=&#8221;1\/2&#8243;][vc_single_image image=&#8221;5331&#8243; img_size=&#8221;medium&#8221; alignment=&#8221;center&#8221;][vc_column_text css=&#8221;.vc_custom_1536689792884{padding-right: 10% !important;padding-left: 10% !important;}&#8221;]<b>Piezas peque\u00f1as.<\/b><span style=\"font-weight: 400;\"> Las piezas de 20 x 20 x 20 \u00a0mil\u00edmetros o menos pueden ser dif\u00edciles de imprimir con tecnolog\u00eda FDM.<\/span><\/p>\n<p><span style=\"font-weight: 400;\">Las piezas tan peque\u00f1as deben tener geometr\u00edas sencillas para que se puedan imprimir.<\/span>[\/vc_column_text][\/vc_column_inner][\/vc_row_inner][vc_row_inner][vc_column_inner width=&#8221;1\/2&#8243;][vc_single_image image=&#8221;5330&#8243; img_size=&#8221;medium&#8221; alignment=&#8221;center&#8221;][vc_column_text css=&#8221;.vc_custom_1536689811583{padding-right: 10% !important;padding-left: 10% !important;}&#8221;]<b>Coste de piezas grandes<\/b><span style=\"font-weight: 400;\">. Debido que el volumen crece r\u00e1pidamente cuando escalamos las piezas (aumenta con el cubo de la distancia), las piezas grandes pueden ser caras de producir.<\/span><\/p>\n<p><span style=\"font-weight: 400;\">Podemos ofrecer optimizaciones de los par\u00e1metros para imprimir piezas grandes a un coste razonable.<\/span>[\/vc_column_text][\/vc_column_inner][vc_column_inner width=&#8221;1\/2&#8243;][vc_single_image image=&#8221;5468&#8243; img_size=&#8221;medium&#8221; alignment=&#8221;center&#8221;][vc_column_text css=&#8221;.vc_custom_1536689824356{padding-right: 10% !important;padding-left: 10% !important;}&#8221;]<b>Regla del 80%. <\/b><span style=\"font-weight: 400;\">Para reducir el volumen de la pieza a aproximadamente la mitad, s\u00f3lo hace falta reducir las dimensiones un 80%.<\/span><\/p>\n<p><span style=\"font-weight: 400;\">Esta es una medida para reducir costes en modelos en los que se puede reducir el tama\u00f1o del modelo sin afectar a la funcionalidad.<\/span>[\/vc_column_text][\/vc_column_inner][\/vc_row_inner][\/vc_column][\/vc_row][vc_row][vc_column][vc_custom_heading text=&#8221;M\u00e1s p\u00e1ginas de muestra&#8221; font_container=&#8221;tag:h2|font_size:32px|text_align:center|color:%23333333&#8243; google_fonts=&#8221;font_family:Raleway%3A100%2C200%2C300%2Cregular%2C500%2C600%2C700%2C800%2C900|font_style:700%20bold%20regular%3A700%3Anormal&#8221;][vc_row_inner][vc_column_inner width=&#8221;1\/3&#8243;][vc_single_image image=&#8221;5484&#8243; img_size=&#8221;full&#8221; alignment=&#8221;center&#8221;][\/vc_column_inner][vc_column_inner width=&#8221;1\/3&#8243;][vc_single_image image=&#8221;5485&#8243; img_size=&#8221;full&#8221; alignment=&#8221;center&#8221;][\/vc_column_inner][vc_column_inner width=&#8221;1\/3&#8243;][vc_single_image image=&#8221;5486&#8243; img_size=&#8221;full&#8221; alignment=&#8221;center&#8221;][\/vc_column_inner][\/vc_row_inner][\/vc_column][\/vc_row][vc_row full_width=&#8221;stretch_row&#8221; bg_type=&#8221;color&#8221; bg_color=&#8221;#f9f9f9&#8243;][vc_column][vc_raw_html]JTNDY2VudGVyJTNFJTNDYSUyMGNsYXNzJTNEJTIydHlwZWZvcm0tc2hhcmUlMjBidXR0b24lMjIlMjBocmVmJTNEJTIyaHR0cHMlM0ElMkYlMkZiaXRmYWIudHlwZWZvcm0uY29tJTJGdG8lMkZsd3laYjclMjIlMjBkYXRhLW1vZGUlM0QlMjJwb3B1cCUyMiUyMHN0eWxlJTNEJTIyZGlzcGxheSUzQWlubGluZS1ibG9jayUzQnRleHQtZGVjb3JhdGlvbiUzQW5vbmUlM0JiYWNrZ3JvdW5kLWNvbG9yJTNBJTIzRUM0QTQyJTNCY29sb3IlM0F3aGl0ZSUzQmN1cnNvciUzQXBvaW50ZXIlM0Jmb250LWZhbWlseSUzQUhlbHZldGljYSUyQ0FyaWFsJTJDc2Fucy1zZXJpZiUzQmZvbnQtc2l6ZSUzQTIwcHglM0JsaW5lLWhlaWdodCUzQTUwcHglM0J0ZXh0LWFsaWduJTNBY2VudGVyJTNCbWFyZ2luJTNBMCUzQmhlaWdodCUzQTUwcHglM0JwYWRkaW5nJTNBMHB4JTIwMzNweCUzQmJvcmRlci1yYWRpdXMlM0E3cHglM0JtYXgtd2lkdGglM0ExMDAlMjUlM0J3aGl0ZS1zcGFjZSUzQW5vd3JhcCUzQm92ZXJmbG93JTNBaGlkZGVuJTNCdGV4dC1vdmVyZmxvdyUzQWVsbGlwc2lzJTNCZm9udC13ZWlnaHQlM0Fib2xkJTNCLXdlYmtpdC1mb250LXNtb290aGluZyUzQWFudGlhbGlhc2VkJTNCLW1vei1vc3gtZm9udC1zbW9vdGhpbmclM0FncmF5c2NhbGUlM0IlMjIlMjBkYXRhLWhpZGUtaGVhZGVycyUzRHRydWUlMjBkYXRhLWhpZGUtZm9vdGVyJTNEdHJ1ZSUyMHRhcmdldCUzRCUyMl9ibGFuayUyMiUzRURlc2NhcmdhciUyMGVib29rJTIwZ3JhdGlzJTNDJTJGYSUzRSUyMCUzQ3NjcmlwdCUzRSUyMCUyOGZ1bmN0aW9uJTI4JTI5JTIwJTdCJTIwdmFyJTIwcXMlMkNqcyUyQ3ElMkNzJTJDZCUzRGRvY3VtZW50JTJDJTIwZ2klM0RkLmdldEVsZW1lbnRCeUlkJTJDJTIwY2UlM0RkLmNyZWF0ZUVsZW1lbnQlMkMlMjBndCUzRGQuZ2V0RWxlbWVudHNCeVRhZ05hbWUlMkMlMjBpZCUzRCUyMnR5cGVmX29ybV9zaGFyZSUyMiUyQyUyMGIlM0QlMjJodHRwcyUzQSUyRiUyRmVtYmVkLnR5cGVmb3JtLmNvbSUyRiUyMiUzQiUyMGlmJTI4JTIxZ2kuY2FsbCUyOGQlMkNpZCUyOSUyOSU3QiUyMGpzJTNEY2UuY2FsbCUyOGQlMkMlMjJzY3JpcHQlMjIlMjklM0IlMjBqcy5pZCUzRGlkJTNCJTIwanMuc3JjJTNEYiUyQiUyMmVtYmVkLmpzJTIyJTNCJTIwcSUzRGd0LmNhbGwlMjhkJTJDJTIyc2NyaXB0JTIyJTI5JTVCMCU1RCUzQiUyMHEucGFyZW50Tm9kZS5pbnNlcnRCZWZvcmUlMjhqcyUyQ3ElMjklMjAlN0QlMjAlN0QlMjklMjglMjklMjAlM0MlMkZzY3JpcHQlM0UlM0MlMkZjZW50ZXIlM0U=[\/vc_raw_html][\/vc_column][\/vc_row][vc_row top_padding=&#8221;32&#8243;][vc_column width=&#8221;1\/4&#8243;][vc_empty_space][vc_single_image image=&#8221;5320&#8243; img_size=&#8221;200&#215;100&#8243; alignment=&#8221;center&#8221;][\/vc_column][vc_column width=&#8221;3\/4&#8243;][vc_custom_heading text=&#8221;\u00a1A\u00fan vas a tener que imprimir tus piezas!&#8221; font_container=&#8221;tag:h3|font_size:24px|text_align:left|color:%23333333&#8243; google_fonts=&#8221;font_family:Raleway%3A100%2C200%2C300%2Cregular%2C500%2C600%2C700%2C800%2C900|font_style:700%20bold%20regular%3A700%3Anormal&#8221;][vc_column_text]Somos Bitfab, un\u00a0<a href=\"https:\/\/bitfab.io\/es\/\">servicio de impresi\u00f3n 3D<\/a>\u00a0con 6 a\u00f1os de experiencia imprimiendo piezas. Podemos producir piezas con tecnolog\u00eda FDM, SLA y SLS y ayudarte a aprovechar los beneficios de la impresi\u00f3n 3D en tu empresa.[\/vc_column_text][vc_column_text]<\/p>\n<p style=\"text-align: center;\"><a class=\"typeform-share button\" href=\"https:\/\/bitfab.typeform.com\/to\/Twe4xh\" data-mode=\"drawer_right\" style=\"display:inline-block;text-decoration:none;background-color:#ec4a42;color:white;cursor:pointer;font-family:Helvetica,Arial,sans-serif;font-size:16px;line-height:40px;text-align:center;margin:0;height:40px;padding:0px 26px;border-radius:6px;max-width:100%;white-space:nowrap;overflow:hidden;text-overflow:ellipsis;font-weight:bold;-webkit-font-smoothing:antialiased;-moz-osx-font-smoothing:grayscale;\" target=\"_blank\" rel=\"noopener noreferrer\">D\u00e9janos un mensaje <\/a> <script> (function() { var qs,js,q,s,d=document, gi=d.getElementById, ce=d.createElement, gt=d.getElementsByTagName, id=\"typef_orm_share\", b=\"https:\/\/embed.typeform.com\/\"; if(!gi.call(d,id)){ js=ce.call(d,\"script\"); js.id=id; js.src=b+\"embed.js\"; q=gt.call(d,\"script\")[0]; q.parentNode.insertBefore(js,q) } })() <\/script><\/p>\n<p>[\/vc_column_text][\/vc_column][\/vc_row][vc_row][vc_column width=&#8221;1\/4&#8243;][vc_empty_space][vc_icon icon_fontawesome=&#8221;fa fa-github&#8221; color=&#8221;custom&#8221; size=&#8221;xl&#8221; align=&#8221;center&#8221; custom_color=&#8221;#707070&#8243;][\/vc_column][vc_column width=&#8221;3\/4&#8243;][vc_empty_space][vc_column_text]Este libro es\u00a0<strong>open source<\/strong>, como gran parte del trabajo que hacemos en Bitfab. Puedes usar las im\u00e1genes, modelos, contenido&#8230; Todos ellos est\u00e1n publicados bajo licencia Creative Commons Atribuci\u00f3n en el <a href=\"https:\/\/github.com\/Bitfab-io\/how-to-design-for-3d-printing-ebook\">repositorio del proyecto<\/a>.[\/vc_column_text][\/vc_column][\/vc_row]<\/p>\n<\/section>","protected":false},"excerpt":{"rendered":"<p>[vc_row full_width=&#8221;stretch_row&#8221; bg_type=&#8221;color&#8221; bg_color=&#8221;#ececec&#8221;][vc_column][vc_row_inner][vc_column_inner width=&#8221;1\/2&#8243;][vc_single_image image=&#8221;5483&#8243; img_size=&#8221;full&#8221; alignment=&#8221;center&#8221; css_animation=&#8221;bounceInLeft&#8221;][\/vc_column_inner][vc_column_inner width=&#8221;1\/2&#8243;][vc_column_text] Un ebook compacto con tips e informaci\u00f3n sobre dise\u00f1o 3D de piezas que pueden ser impresas con impresi\u00f3n 3D FDM. \u00bfQu\u00e9 es la impresi\u00f3n 3D? \u00bfQu\u00e9 tipo de piezas se pueden producir con impresi\u00f3n 3D? \u00bfC\u00f3mo se presupuestan las piezas impresas? Muchos consejos y reglas &#8230; <a title=\"C\u00f3mo dise\u00f1ar para impresi\u00f3n 3D &#8211; Ebook de Bitfab\" class=\"read-more\" href=\"https:\/\/bitfab.io\/es\/como-disenar-para-impresion-3d-ebook\/\" aria-label=\"Leer m\u00e1s sobre C\u00f3mo dise\u00f1ar para impresi\u00f3n 3D &#8211; Ebook de Bitfab\">Read more<\/a><\/p>\n","protected":false},"author":1,"featured_media":0,"parent":0,"menu_order":0,"comment_status":"closed","ping_status":"closed","template":"","meta":{"_uag_custom_page_level_css":"","footnotes":""},"class_list":["post-4655","page","type-page","status-publish"],"yoast_head":"<!-- This site is optimized with the Yoast SEO plugin v23.6 - https:\/\/yoast.com\/wordpress\/plugins\/seo\/ -->\n<title>C\u00f3mo dise\u00f1ar para impresi\u00f3n 3D - Ebook gratis de Bitfab<\/title>\n<meta name=\"description\" content=\"Un ebook compacto para aprender a dise\u00f1ar piezas para impresi\u00f3n 3D. Libro gratis con muchos consejos y reglas para dise\u00f1ar piezas imprimibles.\" \/>\n<meta name=\"robots\" content=\"index, follow, max-snippet:-1, max-image-preview:large, max-video-preview:-1\" \/>\n<link rel=\"canonical\" href=\"https:\/\/bitfab.io\/es\/como-disenar-para-impresion-3d-ebook\/\" \/>\n<meta property=\"og:locale\" content=\"es_ES\" \/>\n<meta property=\"og:type\" content=\"article\" \/>\n<meta property=\"og:title\" content=\"C\u00f3mo dise\u00f1ar para impresi\u00f3n 3D - Ebook gratis de Bitfab\" \/>\n<meta property=\"og:description\" content=\"Un ebook compacto para aprender a dise\u00f1ar piezas para impresi\u00f3n 3D. Libro gratis con muchos consejos y reglas para dise\u00f1ar piezas imprimibles.\" \/>\n<meta property=\"og:url\" content=\"https:\/\/bitfab.io\/es\/como-disenar-para-impresion-3d-ebook\/\" \/>\n<meta property=\"og:site_name\" content=\"Bitfab\" \/>\n<meta property=\"article:publisher\" content=\"https:\/\/facebook.com\/bitfab\/\" \/>\n<meta property=\"article:modified_time\" content=\"2019-08-29T16:30:10+00:00\" \/>\n<meta name=\"twitter:card\" content=\"summary_large_image\" \/>\n<meta name=\"twitter:site\" content=\"@bitfab_io\" \/>\n<meta name=\"twitter:label1\" content=\"Tiempo de lectura\" \/>\n\t<meta name=\"twitter:data1\" content=\"8 minutos\" \/>\n<script type=\"application\/ld+json\" class=\"yoast-schema-graph\">{\"@context\":\"https:\/\/schema.org\",\"@graph\":[{\"@type\":\"WebPage\",\"@id\":\"https:\/\/bitfab.io\/es\/como-disenar-para-impresion-3d-ebook\/\",\"url\":\"https:\/\/bitfab.io\/es\/como-disenar-para-impresion-3d-ebook\/\",\"name\":\"C\u00f3mo dise\u00f1ar para impresi\u00f3n 3D - Ebook gratis de Bitfab\",\"isPartOf\":{\"@id\":\"https:\/\/bitfab.io\/es\/#website\"},\"datePublished\":\"2018-08-14T18:55:15+00:00\",\"dateModified\":\"2019-08-29T16:30:10+00:00\",\"description\":\"Un ebook compacto para aprender a dise\u00f1ar piezas para impresi\u00f3n 3D. Libro gratis con muchos consejos y reglas para dise\u00f1ar piezas imprimibles.\",\"breadcrumb\":{\"@id\":\"https:\/\/bitfab.io\/es\/como-disenar-para-impresion-3d-ebook\/#breadcrumb\"},\"inLanguage\":\"es\",\"potentialAction\":[{\"@type\":\"ReadAction\",\"target\":[\"https:\/\/bitfab.io\/es\/como-disenar-para-impresion-3d-ebook\/\"]}]},{\"@type\":\"BreadcrumbList\",\"@id\":\"https:\/\/bitfab.io\/es\/como-disenar-para-impresion-3d-ebook\/#breadcrumb\",\"itemListElement\":[{\"@type\":\"ListItem\",\"position\":1,\"name\":\"Bitfab\",\"item\":\"https:\/\/bitfab.io\/es\/\"},{\"@type\":\"ListItem\",\"position\":2,\"name\":\"C\u00f3mo dise\u00f1ar para impresi\u00f3n 3D &#8211; Ebook de Bitfab\"}]},{\"@type\":\"WebSite\",\"@id\":\"https:\/\/bitfab.io\/es\/#website\",\"url\":\"https:\/\/bitfab.io\/es\/\",\"name\":\"Bitfab\",\"description\":\"Servicio de impresi\u00f3n 3D\",\"publisher\":{\"@id\":\"https:\/\/bitfab.io\/es\/#organization\"},\"potentialAction\":[{\"@type\":\"SearchAction\",\"target\":{\"@type\":\"EntryPoint\",\"urlTemplate\":\"https:\/\/bitfab.io\/es\/?s={search_term_string}\"},\"query-input\":{\"@type\":\"PropertyValueSpecification\",\"valueRequired\":true,\"valueName\":\"search_term_string\"}}],\"inLanguage\":\"es\"},{\"@type\":\"Organization\",\"@id\":\"https:\/\/bitfab.io\/es\/#organization\",\"name\":\"Bitfab\",\"url\":\"https:\/\/bitfab.io\/es\/\",\"logo\":{\"@type\":\"ImageObject\",\"inLanguage\":\"es\",\"@id\":\"https:\/\/bitfab.io\/es\/#\/schema\/logo\/image\/\",\"url\":\"https:\/\/bitfab.io\/wp-content\/uploads\/2017\/12\/rectangle_1000x500_with_background.png\",\"contentUrl\":\"https:\/\/bitfab.io\/wp-content\/uploads\/2017\/12\/rectangle_1000x500_with_background.png\",\"width\":1000,\"height\":500,\"caption\":\"Bitfab\"},\"image\":{\"@id\":\"https:\/\/bitfab.io\/es\/#\/schema\/logo\/image\/\"},\"sameAs\":[\"https:\/\/facebook.com\/bitfab\/\",\"https:\/\/x.com\/bitfab_io\",\"https:\/\/instagram.com\/bitfab\",\"https:\/\/www.linkedin.com\/company\/bitfab\",\"https:\/\/www.pinterest.es\/bitfab\/\",\"https:\/\/www.youtube.com\/channel\/UCZgATY_8YVx3ndFrNgyfyWg\/\"]}]}<\/script>\n<!-- \/ Yoast SEO plugin. -->","yoast_head_json":{"title":"C\u00f3mo dise\u00f1ar para impresi\u00f3n 3D - Ebook gratis de Bitfab","description":"Un ebook compacto para aprender a dise\u00f1ar piezas para impresi\u00f3n 3D. Libro gratis con muchos consejos y reglas para dise\u00f1ar piezas imprimibles.","robots":{"index":"index","follow":"follow","max-snippet":"max-snippet:-1","max-image-preview":"max-image-preview:large","max-video-preview":"max-video-preview:-1"},"canonical":"https:\/\/bitfab.io\/es\/como-disenar-para-impresion-3d-ebook\/","og_locale":"es_ES","og_type":"article","og_title":"C\u00f3mo dise\u00f1ar para impresi\u00f3n 3D - Ebook gratis de Bitfab","og_description":"Un ebook compacto para aprender a dise\u00f1ar piezas para impresi\u00f3n 3D. Libro gratis con muchos consejos y reglas para dise\u00f1ar piezas imprimibles.","og_url":"https:\/\/bitfab.io\/es\/como-disenar-para-impresion-3d-ebook\/","og_site_name":"Bitfab","article_publisher":"https:\/\/facebook.com\/bitfab\/","article_modified_time":"2019-08-29T16:30:10+00:00","twitter_card":"summary_large_image","twitter_site":"@bitfab_io","twitter_misc":{"Tiempo de lectura":"8 minutos"},"schema":{"@context":"https:\/\/schema.org","@graph":[{"@type":"WebPage","@id":"https:\/\/bitfab.io\/es\/como-disenar-para-impresion-3d-ebook\/","url":"https:\/\/bitfab.io\/es\/como-disenar-para-impresion-3d-ebook\/","name":"C\u00f3mo dise\u00f1ar para impresi\u00f3n 3D - Ebook gratis de Bitfab","isPartOf":{"@id":"https:\/\/bitfab.io\/es\/#website"},"datePublished":"2018-08-14T18:55:15+00:00","dateModified":"2019-08-29T16:30:10+00:00","description":"Un ebook compacto para aprender a dise\u00f1ar piezas para impresi\u00f3n 3D. Libro gratis con muchos consejos y reglas para dise\u00f1ar piezas imprimibles.","breadcrumb":{"@id":"https:\/\/bitfab.io\/es\/como-disenar-para-impresion-3d-ebook\/#breadcrumb"},"inLanguage":"es","potentialAction":[{"@type":"ReadAction","target":["https:\/\/bitfab.io\/es\/como-disenar-para-impresion-3d-ebook\/"]}]},{"@type":"BreadcrumbList","@id":"https:\/\/bitfab.io\/es\/como-disenar-para-impresion-3d-ebook\/#breadcrumb","itemListElement":[{"@type":"ListItem","position":1,"name":"Bitfab","item":"https:\/\/bitfab.io\/es\/"},{"@type":"ListItem","position":2,"name":"C\u00f3mo dise\u00f1ar para impresi\u00f3n 3D &#8211; Ebook de Bitfab"}]},{"@type":"WebSite","@id":"https:\/\/bitfab.io\/es\/#website","url":"https:\/\/bitfab.io\/es\/","name":"Bitfab","description":"Servicio de impresi\u00f3n 3D","publisher":{"@id":"https:\/\/bitfab.io\/es\/#organization"},"potentialAction":[{"@type":"SearchAction","target":{"@type":"EntryPoint","urlTemplate":"https:\/\/bitfab.io\/es\/?s={search_term_string}"},"query-input":{"@type":"PropertyValueSpecification","valueRequired":true,"valueName":"search_term_string"}}],"inLanguage":"es"},{"@type":"Organization","@id":"https:\/\/bitfab.io\/es\/#organization","name":"Bitfab","url":"https:\/\/bitfab.io\/es\/","logo":{"@type":"ImageObject","inLanguage":"es","@id":"https:\/\/bitfab.io\/es\/#\/schema\/logo\/image\/","url":"https:\/\/bitfab.io\/wp-content\/uploads\/2017\/12\/rectangle_1000x500_with_background.png","contentUrl":"https:\/\/bitfab.io\/wp-content\/uploads\/2017\/12\/rectangle_1000x500_with_background.png","width":1000,"height":500,"caption":"Bitfab"},"image":{"@id":"https:\/\/bitfab.io\/es\/#\/schema\/logo\/image\/"},"sameAs":["https:\/\/facebook.com\/bitfab\/","https:\/\/x.com\/bitfab_io","https:\/\/instagram.com\/bitfab","https:\/\/www.linkedin.com\/company\/bitfab","https:\/\/www.pinterest.es\/bitfab\/","https:\/\/www.youtube.com\/channel\/UCZgATY_8YVx3ndFrNgyfyWg\/"]}]}},"uagb_featured_image_src":{"full":false,"thumbnail":false,"medium":false,"medium_large":false,"large":false,"1536x1536":false,"2048x2048":false,"woocommerce_thumbnail":false,"woocommerce_single":false,"woocommerce_gallery_thumbnail":false},"uagb_author_info":{"display_name":"Diego Trapero","author_link":"https:\/\/bitfab.io\/es\/blog\/author\/diegotrap\/"},"uagb_comment_info":0,"uagb_excerpt":"[vc_row full_width=&#8221;stretch_row&#8221; bg_type=&#8221;color&#8221; bg_color=&#8221;#ececec&#8221;][vc_column][vc_row_inner][vc_column_inner width=&#8221;1\/2&#8243;][vc_single_image image=&#8221;5483&#8243; img_size=&#8221;full&#8221; alignment=&#8221;center&#8221; css_animation=&#8221;bounceInLeft&#8221;][\/vc_column_inner][vc_column_inner width=&#8221;1\/2&#8243;][vc_column_text] Un ebook compacto con tips e informaci\u00f3n sobre dise\u00f1o 3D de piezas que pueden ser impresas con impresi\u00f3n 3D FDM. \u00bfQu\u00e9 es la impresi\u00f3n 3D? \u00bfQu\u00e9 tipo de piezas se pueden producir con impresi\u00f3n 3D? \u00bfC\u00f3mo se presupuestan las piezas impresas? Muchos consejos y reglas&hellip;","_links":{"self":[{"href":"https:\/\/bitfab.io\/es\/wp-json\/wp\/v2\/pages\/4655"}],"collection":[{"href":"https:\/\/bitfab.io\/es\/wp-json\/wp\/v2\/pages"}],"about":[{"href":"https:\/\/bitfab.io\/es\/wp-json\/wp\/v2\/types\/page"}],"author":[{"embeddable":true,"href":"https:\/\/bitfab.io\/es\/wp-json\/wp\/v2\/users\/1"}],"replies":[{"embeddable":true,"href":"https:\/\/bitfab.io\/es\/wp-json\/wp\/v2\/comments?post=4655"}],"version-history":[{"count":6,"href":"https:\/\/bitfab.io\/es\/wp-json\/wp\/v2\/pages\/4655\/revisions"}],"predecessor-version":[{"id":7295,"href":"https:\/\/bitfab.io\/es\/wp-json\/wp\/v2\/pages\/4655\/revisions\/7295"}],"wp:attachment":[{"href":"https:\/\/bitfab.io\/es\/wp-json\/wp\/v2\/media?parent=4655"}],"curies":[{"name":"wp","href":"https:\/\/api.w.org\/{rel}","templated":true}]}}