{"id":4400,"date":"2018-05-25T14:06:50","date_gmt":"2018-05-25T12:06:50","guid":{"rendered":"http:\/\/bitfab.io\/?page_id=4400"},"modified":"2019-02-28T15:31:54","modified_gmt":"2019-02-28T15:31:54","slug":"politica-de-privacidad","status":"publish","type":"page","link":"https:\/\/bitfab.io\/es\/politica-de-privacidad\/","title":{"rendered":"Pol\u00edtica de privacidad"},"content":{"rendered":"<p>De conformidad con el art\u00edculo 5 de la Ley Org\u00e1nica 15\/1999 de 13 de diciembre, de Protecci\u00f3n de Datos de Car\u00e1cter Personal, se le informa al Usuario se le informa de la inclusi\u00f3n de sus datos en el fichero \u201cContactos, Clientes y Usuarios\u201d, del que es propietario Bitfab, y cuya finalidad es gestionar la agenda de contactos de la empresa, as\u00ed como la de comunicar acciones comerciales y de inter\u00e9s para el Usuario. Podr\u00e1 ejercitar los derechos de acceso, rectificaci\u00f3n, cancelaci\u00f3n y oposici\u00f3n, en los t\u00e9rminos establecidos en la legislaci\u00f3n vigente mediante comunicaci\u00f3n a Bitfab, C\/ Campuzano 5 2B (Madrid) C.P. 28017, o a trav\u00e9s del correo electr\u00f3nico info@bitfab.io indicando \u201cDerechos ARCO\u201d en el asunto del mensaje.<\/p>\n<p>En caso de ejercicio de Derechos ARCO por parte del Usuario, en la notificaci\u00f3n que env\u00ede a LA EMPRESA, tanto a la direcci\u00f3n ofrecida como a la direcci\u00f3n de correo electr\u00f3nico, deber\u00e1 adjuntar fotocopia de su DNI o documento identificativo con valor probatorio de similares caracter\u00edsticas, o un certificado electr\u00f3nico de tipo reconocido, que permita su validaci\u00f3n gratuita, para firmar la comunicaci\u00f3n.<\/p>\n<p>Esta Pol\u00edtica de Privacidad se refiere al sitio web de LA EMPRESA, no a las pol\u00edticas que ata\u00f1an a terceros que aparezcan en el sitio web o en el blog, o que operen en sitios web que contengan enlaces a la p\u00e1gina de LA EMPRESA, de los cuales \u00e9sta no se hace responsable por las posibles consecuencias derivadas de la actividad que el Usuario realice bajo dichas pol\u00edticas.<\/p>\n<p>Los tratamientos que LA EMPRESA realice sobre los datos personales recabados de los Usuarios se ce\u00f1ir\u00e1n exclusivamente a la finalidad se\u00f1alada en la anterior cl\u00e1usula de informaci\u00f3n, es decir, poder llevar a cabo de un modo satisfactorio la relaci\u00f3n contractual que se est\u00e1 suscribiendo entre el Usuario y LA EMPRESA mediante los T\u00e9rminos y Condiciones de Uso. Entre otras, las siguientes finalidades:<\/p>\n<ul>\n<li>Responder a sus consultas y atender peticiones.<\/li>\n<\/ul>\n<ul>\n<li>Facilitar informaci\u00f3n de los servicios que ofrece LA EMPRESA en su sitio web, as\u00ed como de eventos de diversa naturaleza o actualizaciones en Actualidad Jur\u00eddica.<\/li>\n<\/ul>\n<ul>\n<li>Notificar informaci\u00f3n relativa a las modificaciones que puedan sufrir los presentes T\u00e9rminos y Condiciones de Uso.<\/li>\n<\/ul>\n<ul>\n<li>Personalizar la experiencia del Usuario respecto de su actividad en el sitio web, presentando contenidos singularizados.<\/li>\n<\/ul>\n<ul>\n<li>Permitir al Usuario la interacci\u00f3n y participaci\u00f3n en los contenidos interactivos ofrecidos por la p\u00e1gina web.<\/li>\n<\/ul>\n<p>A su vez, la informaci\u00f3n relativa al Usuario ser\u00e1 retenida durante el per\u00edodo necesario para cumplir los objetivos indicados en la presente Pol\u00edtica de Privacidad, a no ser que se requiriese un per\u00edodo mayor, o lo permita o requiera la Ley.<\/p>\n<p>Por \u00faltimo, LA EMPRESA recomienda al Usuario se abstenga de enviar informaci\u00f3n personal sensible (tales como creencias religiosas, raza, datos sanitarios, etc.), dado que no ser\u00e1 requerida por el sitio web en ning\u00fan momento, salvo que fuese necesario para el buen t\u00e9rmino de la presente relaci\u00f3n contractual.<\/p>\n<p>Las v\u00edas a trav\u00e9s de las cu\u00e1les LA EMPRESA podr\u00e1 recabar datos personales de los Usuarios son:<\/p>\n<ul>\n<li>Formularios de contacto y correo electr\u00f3nico: LA EMPRESA pone a disposici\u00f3n del Usuario formularios de contacto con respecto a determinados servicios prestados en la p\u00e1gina web. Los datos personales que el Usuario consienta en proporcionar por dicho medio de contacto ser\u00e1n tratados de un modo automatizado e incorporados al fichero correspondiente, del cual LA EMPRESA es responsable. La finalidad a la que est\u00e1 destinada esa recogida de datos, y el consiguiente tratamiento, es la de solucionar la consulta, o servicio solicitado, que el Usuario ha pretendido que LA EMPRESA le gestione, a trav\u00e9s de dicha comunicaci\u00f3n.<\/li>\n<\/ul>\n<ul>\n<li>Redes Sociales: LA EMPRESA cuenta con perfiles en las principales redes sociales (Twitter, Facebook, LinkedIn), siendo responsable del tratamiento de esos datos cada una de las plataformas o redes sociales respecto de los seguidores o suscriptores con los que dichos perfiles cuenten en cada caso. El tratamiento de datos que se llevar\u00e1 a cabo ser\u00e1 aqu\u00e9l que la propia red social permita realizar a los perfiles empresariales, entre otros, informar sobre sus actividades, seminarios, publicaciones, ofertas o incluso prestar servicios a posibles clientes. Y en todo caso, respetando los T\u00e9rminos y Condiciones de Uso de cada una de las plataformas o redes sociales.<\/li>\n<\/ul>\n<ul>\n<li>Boletines, Newsletters o e-mail: entre otros servicios, LA EMPRESA pone a disposici\u00f3n de los Usuarios la posibilidad de suscribirse a un bolet\u00edn informativo con respecto a las actividades, publicaciones o ponencias que LA EMPRESA tenga pensado llevar a cabo. Dicho env\u00edo ser\u00e1 autom\u00e1tico y gratuito para el Usuario, quien podr\u00e1 darte de baja en cualquier momento.<\/li>\n<\/ul>\n<ul>\n<li>Acciones promocionales: aquellos datos que el Usuario consienta en enviar a LA EMPRESA por ser de su inter\u00e9s participar en estos actos, ser\u00e1n tratados exclusivamente para el fin indicado en cada acci\u00f3n.<\/li>\n<\/ul>\n<ul>\n<li>Empleo, becas, pr\u00e1cticas: LA EMPRESA pone a disposici\u00f3n de aquellos interesados en acceder a una oferta laboral o de formaci\u00f3n\/pr\u00e1cticas\/becas una serie de mecanismos de contacto en la p\u00e1gina web, por tanto, s\u00f3lo ser\u00e1n valoradas las comunicaciones que se hayan practicado a trav\u00e9s de dichos medios. Tambi\u00e9n se tendr\u00e1n en cuenta aquellas candidaturas que provengan de medios dispuestos en \u00e1reas de empleo y pr\u00e1cticas de los sitios web universitarios. Las solicitudes que no hayan respetado esos canales de contacto arbitrados por LA EMPRESA, ser\u00e1n denegadas y destruidas en el mismo momento de su recepci\u00f3n. Asimismo, el aspirante a la candidatura de empleo estar\u00e1 dando su consentimiento para que LA EMPRESA analice la informaci\u00f3n remitida en su candidatura, en la entrevista de trabajo, en los perfiles sociales de redes profesionales o aquella informaci\u00f3n que sea accesible directamente a trav\u00e9s de buscadores, en aras de lograr valorar de un modo efectivo la candidatura. En el caso en que el candidato no fuere seleccionado, y salvo oposici\u00f3n expresa por parte de \u00e9ste, LA EMPRESA guardar\u00e1 el Cv para su valoraci\u00f3n en futuras ofertas.<\/li>\n<\/ul>\n<ul>\n<li>Cookies: son ficheros creados en el navegador del Usuario para registrar su actividad en la p\u00e1gina web de LA EMPRESA, y lograr que la navegaci\u00f3n sea lo m\u00e1s eficaz y personalizada posible con respecto a los h\u00e1bitos manifestados por el Usuario. Tipos de cookies instaladas (t\u00e9cnicas), nombre de la cookies, prop\u00f3sito, pol\u00edticas concretas de las entidades cuyas cookies instalamos.<\/li>\n<\/ul>\n","protected":false},"excerpt":{"rendered":"<p>De conformidad con el art\u00edculo 5 de la Ley Org\u00e1nica 15\/1999 de 13 de diciembre, de Protecci\u00f3n de Datos de Car\u00e1cter Personal, se le informa al Usuario se le informa de la inclusi\u00f3n de sus datos en el fichero \u201cContactos, Clientes y Usuarios\u201d, del que es propietario Bitfab, y cuya finalidad es gestionar la agenda &#8230; <a title=\"Pol\u00edtica de privacidad\" class=\"read-more\" href=\"https:\/\/bitfab.io\/es\/politica-de-privacidad\/\" aria-label=\"Leer m\u00e1s sobre Pol\u00edtica de privacidad\">Read more<\/a><\/p>\n","protected":false},"author":1,"featured_media":0,"parent":0,"menu_order":0,"comment_status":"closed","ping_status":"closed","template":"","meta":{"_uag_custom_page_level_css":"","footnotes":""},"class_list":["post-4400","page","type-page","status-publish"],"yoast_head":"<!-- This site is optimized with the Yoast SEO plugin v23.6 - https:\/\/yoast.com\/wordpress\/plugins\/seo\/ -->\n<title>Pol\u00edtica de privacidad - Bitfab<\/title>\n<meta name=\"robots\" content=\"noindex, follow\" \/>\n<meta property=\"og:locale\" content=\"es_ES\" \/>\n<meta property=\"og:type\" content=\"article\" \/>\n<meta property=\"og:title\" content=\"Pol\u00edtica de privacidad - Bitfab\" \/>\n<meta property=\"og:description\" content=\"De conformidad con el art\u00edculo 5 de la Ley Org\u00e1nica 15\/1999 de 13 de diciembre, de Protecci\u00f3n de Datos de Car\u00e1cter Personal, se le informa al Usuario se le informa de la inclusi\u00f3n de sus datos en el fichero \u201cContactos, Clientes y Usuarios\u201d, del que es propietario Bitfab, y cuya finalidad es gestionar la agenda ... Read more\" \/>\n<meta property=\"og:url\" content=\"https:\/\/bitfab.io\/es\/politica-de-privacidad\/\" \/>\n<meta property=\"og:site_name\" content=\"Bitfab\" \/>\n<meta property=\"article:publisher\" content=\"https:\/\/facebook.com\/bitfab\/\" \/>\n<meta property=\"article:modified_time\" content=\"2019-02-28T15:31:54+00:00\" \/>\n<meta name=\"twitter:card\" content=\"summary_large_image\" \/>\n<meta name=\"twitter:site\" content=\"@bitfab_io\" \/>\n<meta name=\"twitter:label1\" content=\"Tiempo de lectura\" \/>\n\t<meta name=\"twitter:data1\" content=\"6 minutos\" \/>\n<script type=\"application\/ld+json\" class=\"yoast-schema-graph\">{\"@context\":\"https:\/\/schema.org\",\"@graph\":[{\"@type\":\"WebPage\",\"@id\":\"https:\/\/bitfab.io\/es\/politica-de-privacidad\/\",\"url\":\"https:\/\/bitfab.io\/es\/politica-de-privacidad\/\",\"name\":\"Pol\u00edtica de privacidad - Bitfab\",\"isPartOf\":{\"@id\":\"https:\/\/bitfab.io\/es\/#website\"},\"datePublished\":\"2018-05-25T12:06:50+00:00\",\"dateModified\":\"2019-02-28T15:31:54+00:00\",\"breadcrumb\":{\"@id\":\"https:\/\/bitfab.io\/es\/politica-de-privacidad\/#breadcrumb\"},\"inLanguage\":\"es\",\"potentialAction\":[{\"@type\":\"ReadAction\",\"target\":[\"https:\/\/bitfab.io\/es\/politica-de-privacidad\/\"]}]},{\"@type\":\"BreadcrumbList\",\"@id\":\"https:\/\/bitfab.io\/es\/politica-de-privacidad\/#breadcrumb\",\"itemListElement\":[{\"@type\":\"ListItem\",\"position\":1,\"name\":\"Bitfab\",\"item\":\"https:\/\/bitfab.io\/es\/\"},{\"@type\":\"ListItem\",\"position\":2,\"name\":\"Pol\u00edtica de privacidad\"}]},{\"@type\":\"WebSite\",\"@id\":\"https:\/\/bitfab.io\/es\/#website\",\"url\":\"https:\/\/bitfab.io\/es\/\",\"name\":\"Bitfab\",\"description\":\"Servicio de impresi\u00f3n 3D\",\"publisher\":{\"@id\":\"https:\/\/bitfab.io\/es\/#organization\"},\"potentialAction\":[{\"@type\":\"SearchAction\",\"target\":{\"@type\":\"EntryPoint\",\"urlTemplate\":\"https:\/\/bitfab.io\/es\/?s={search_term_string}\"},\"query-input\":{\"@type\":\"PropertyValueSpecification\",\"valueRequired\":true,\"valueName\":\"search_term_string\"}}],\"inLanguage\":\"es\"},{\"@type\":\"Organization\",\"@id\":\"https:\/\/bitfab.io\/es\/#organization\",\"name\":\"Bitfab\",\"url\":\"https:\/\/bitfab.io\/es\/\",\"logo\":{\"@type\":\"ImageObject\",\"inLanguage\":\"es\",\"@id\":\"https:\/\/bitfab.io\/es\/#\/schema\/logo\/image\/\",\"url\":\"https:\/\/bitfab.io\/wp-content\/uploads\/2017\/12\/rectangle_1000x500_with_background.png\",\"contentUrl\":\"https:\/\/bitfab.io\/wp-content\/uploads\/2017\/12\/rectangle_1000x500_with_background.png\",\"width\":1000,\"height\":500,\"caption\":\"Bitfab\"},\"image\":{\"@id\":\"https:\/\/bitfab.io\/es\/#\/schema\/logo\/image\/\"},\"sameAs\":[\"https:\/\/facebook.com\/bitfab\/\",\"https:\/\/x.com\/bitfab_io\",\"https:\/\/instagram.com\/bitfab\",\"https:\/\/www.linkedin.com\/company\/bitfab\",\"https:\/\/www.pinterest.es\/bitfab\/\",\"https:\/\/www.youtube.com\/channel\/UCZgATY_8YVx3ndFrNgyfyWg\/\"]}]}<\/script>\n<!-- \/ Yoast SEO plugin. -->","yoast_head_json":{"title":"Pol\u00edtica de privacidad - Bitfab","robots":{"index":"noindex","follow":"follow"},"og_locale":"es_ES","og_type":"article","og_title":"Pol\u00edtica de privacidad - Bitfab","og_description":"De conformidad con el art\u00edculo 5 de la Ley Org\u00e1nica 15\/1999 de 13 de diciembre, de Protecci\u00f3n de Datos de Car\u00e1cter Personal, se le informa al Usuario se le informa de la inclusi\u00f3n de sus datos en el fichero \u201cContactos, Clientes y Usuarios\u201d, del que es propietario Bitfab, y cuya finalidad es gestionar la agenda ... Read more","og_url":"https:\/\/bitfab.io\/es\/politica-de-privacidad\/","og_site_name":"Bitfab","article_publisher":"https:\/\/facebook.com\/bitfab\/","article_modified_time":"2019-02-28T15:31:54+00:00","twitter_card":"summary_large_image","twitter_site":"@bitfab_io","twitter_misc":{"Tiempo de lectura":"6 minutos"},"schema":{"@context":"https:\/\/schema.org","@graph":[{"@type":"WebPage","@id":"https:\/\/bitfab.io\/es\/politica-de-privacidad\/","url":"https:\/\/bitfab.io\/es\/politica-de-privacidad\/","name":"Pol\u00edtica de privacidad - Bitfab","isPartOf":{"@id":"https:\/\/bitfab.io\/es\/#website"},"datePublished":"2018-05-25T12:06:50+00:00","dateModified":"2019-02-28T15:31:54+00:00","breadcrumb":{"@id":"https:\/\/bitfab.io\/es\/politica-de-privacidad\/#breadcrumb"},"inLanguage":"es","potentialAction":[{"@type":"ReadAction","target":["https:\/\/bitfab.io\/es\/politica-de-privacidad\/"]}]},{"@type":"BreadcrumbList","@id":"https:\/\/bitfab.io\/es\/politica-de-privacidad\/#breadcrumb","itemListElement":[{"@type":"ListItem","position":1,"name":"Bitfab","item":"https:\/\/bitfab.io\/es\/"},{"@type":"ListItem","position":2,"name":"Pol\u00edtica de privacidad"}]},{"@type":"WebSite","@id":"https:\/\/bitfab.io\/es\/#website","url":"https:\/\/bitfab.io\/es\/","name":"Bitfab","description":"Servicio de impresi\u00f3n 3D","publisher":{"@id":"https:\/\/bitfab.io\/es\/#organization"},"potentialAction":[{"@type":"SearchAction","target":{"@type":"EntryPoint","urlTemplate":"https:\/\/bitfab.io\/es\/?s={search_term_string}"},"query-input":{"@type":"PropertyValueSpecification","valueRequired":true,"valueName":"search_term_string"}}],"inLanguage":"es"},{"@type":"Organization","@id":"https:\/\/bitfab.io\/es\/#organization","name":"Bitfab","url":"https:\/\/bitfab.io\/es\/","logo":{"@type":"ImageObject","inLanguage":"es","@id":"https:\/\/bitfab.io\/es\/#\/schema\/logo\/image\/","url":"https:\/\/bitfab.io\/wp-content\/uploads\/2017\/12\/rectangle_1000x500_with_background.png","contentUrl":"https:\/\/bitfab.io\/wp-content\/uploads\/2017\/12\/rectangle_1000x500_with_background.png","width":1000,"height":500,"caption":"Bitfab"},"image":{"@id":"https:\/\/bitfab.io\/es\/#\/schema\/logo\/image\/"},"sameAs":["https:\/\/facebook.com\/bitfab\/","https:\/\/x.com\/bitfab_io","https:\/\/instagram.com\/bitfab","https:\/\/www.linkedin.com\/company\/bitfab","https:\/\/www.pinterest.es\/bitfab\/","https:\/\/www.youtube.com\/channel\/UCZgATY_8YVx3ndFrNgyfyWg\/"]}]}},"uagb_featured_image_src":{"full":false,"thumbnail":false,"medium":false,"medium_large":false,"large":false,"1536x1536":false,"2048x2048":false,"woocommerce_thumbnail":false,"woocommerce_single":false,"woocommerce_gallery_thumbnail":false},"uagb_author_info":{"display_name":"Diego Trapero","author_link":"https:\/\/bitfab.io\/es\/blog\/author\/diegotrap\/"},"uagb_comment_info":0,"uagb_excerpt":"De conformidad con el art\u00edculo 5 de la Ley Org\u00e1nica 15\/1999 de 13 de diciembre, de Protecci\u00f3n de Datos de Car\u00e1cter Personal, se le informa al Usuario se le informa de la inclusi\u00f3n de sus datos en el fichero \u201cContactos, Clientes y Usuarios\u201d, del que es propietario Bitfab, y cuya finalidad es gestionar la agenda&hellip;","_links":{"self":[{"href":"https:\/\/bitfab.io\/es\/wp-json\/wp\/v2\/pages\/4400"}],"collection":[{"href":"https:\/\/bitfab.io\/es\/wp-json\/wp\/v2\/pages"}],"about":[{"href":"https:\/\/bitfab.io\/es\/wp-json\/wp\/v2\/types\/page"}],"author":[{"embeddable":true,"href":"https:\/\/bitfab.io\/es\/wp-json\/wp\/v2\/users\/1"}],"replies":[{"embeddable":true,"href":"https:\/\/bitfab.io\/es\/wp-json\/wp\/v2\/comments?post=4400"}],"version-history":[{"count":1,"href":"https:\/\/bitfab.io\/es\/wp-json\/wp\/v2\/pages\/4400\/revisions"}],"predecessor-version":[{"id":5296,"href":"https:\/\/bitfab.io\/es\/wp-json\/wp\/v2\/pages\/4400\/revisions\/5296"}],"wp:attachment":[{"href":"https:\/\/bitfab.io\/es\/wp-json\/wp\/v2\/media?parent=4400"}],"curies":[{"name":"wp","href":"https:\/\/api.w.org\/{rel}","templated":true}]}}