{"id":4396,"date":"2018-05-25T13:54:23","date_gmt":"2018-05-25T11:54:23","guid":{"rendered":"http:\/\/bitfab.io\/?page_id=4396"},"modified":"2019-03-17T17:43:46","modified_gmt":"2019-03-17T17:43:46","slug":"politica-de-cookies","status":"publish","type":"page","link":"https:\/\/bitfab.io\/es\/politica-de-cookies\/","title":{"rendered":"Pol\u00edtica de cookies"},"content":{"rendered":"<p>En cumplimiento de lo establecido en el art\u00edculo 22.2 de la Ley de Servicios de la Sociedad de la Informaci\u00f3n y del Comercio Electr\u00f3nico (en adelante LSSICE), y de conformidad con la Directiva Europea 2009\/136\/CE, LA EMPRESA le informa de que parte de los servicios ofrecidos por el sitio web utilizan cookies.<\/p>\n<p>En los presentes T\u00e9rminos y Condiciones de Uso se le informar\u00e1 con claridad sobre el tipo de cookies y finalidad a la que est\u00e1n destinadas, pero en caso de que el Usuario desee recabar m\u00e1s informaci\u00f3n de las mismas, podr\u00e1 remitir un correo electr\u00f3nico a la siguiente direcci\u00f3n: info@bitfab.io.<\/p>\n<p>Las cookies son peque\u00f1os archivos almacenados en el dispositivo que el Usuario utiliza para navegar a trav\u00e9s de Internet, y se destinan a guardar informaci\u00f3n de diverso tipo: frecuencia de visitas a la web de LA EMPRESA, preferencias de navegaci\u00f3n, informaci\u00f3n de inter\u00e9s para el Usuario, etc. Esta informaci\u00f3n le permitir\u00e1 a la empresa mejorar la calidad y funcionalidad del sitio web bitfab.io.<\/p>\n<p>Las cookies son esenciales para el correcto funcionamiento de Internet, y se encuentran activadas en la configuraci\u00f3n del navegador, ayudando a la identificaci\u00f3n y resoluci\u00f3n de posibles errores de funcionamiento en el sitio web. En funci\u00f3n de la finalidad para la que se traten los datos obtenidos a trav\u00e9s de las cookies, se pueden encontrar:<\/p>\n<ul>\n<li>Cookies t\u00e9cnicas: permiten al Usuario la navegaci\u00f3n a trav\u00e9s de una p\u00e1gina web, plataforma o aplicaci\u00f3n, y el uso de las opciones o servicios que en ella se ofrecen.<\/li>\n<li>Cookies de personalizaci\u00f3n: permiten al Usuario el acceso a los servicios que tengan caracter\u00edsticas de car\u00e1cter general predefinidas en funci\u00f3n de una serie de criterios en el terminal del Usuario.<\/li>\n<li>Cookies de an\u00e1lisis: permiten el seguimiento y an\u00e1lisis del comportamiento de los Usuarios del sitio web al que est\u00e1n vinculadas. Dichos datos se utilizan en la medici\u00f3n de la actividad de los sitios web, aplicaciones o plataformas, y para la elaboraci\u00f3n de perfiles de navegaci\u00f3n.<\/li>\n<li>Cookies publicitarias: permiten la gesti\u00f3n eficaz de los espacios publicitarios, de forma que se obtienen contenidos publicitarios especialmente personalizados para el Usuario.<\/li>\n<li>Cookies de redes sociales externas: se utilizan para que los visitantes de dichas plataformas puedan interactuar con el contenido de las mismas, gener\u00e1ndose en exclusiva para los Usuarios de dichas redes.<\/li>\n<\/ul>\n<p>Asimismo, LA EMPRESA le informa que utiliza los siguientes tipos de cookies:<\/p>\n<ul>\n<li>Cookies Propias: son enviadas al ordenador del Usuario y gestionadas exclusivamente por LA EMPRESA, con la finalidad de mejorar el funcionamiento del sitio web. La informaci\u00f3n recabada se emplea en aras de mejorar la calidad de los servicios prestados, as\u00ed como la experiencia que el Usuario experimente de la visita al sitio web. Estas cookies permanecer\u00e1n en el navegador del Usuario el tiempo necesario para poder reconocerle como visitante del sitio web, y adaptar el contenido a sus preferencias.<\/li>\n<li>Cookies anal\u00edticas de terceros: la p\u00e1gina web utiliza el servicio proporcionado por Google Analytics, prestado por Google Inc., compa\u00f1\u00eda de Delaware cuya oficina principal est\u00e1 en 1600 Amphitheatre Parkway, Mountain View (California), CA 94043, Estados Unidos (en adelante, Google). La informaci\u00f3n generada por dichas cookies acerca del uso del sitio web es directamente transmitida y archivada por Google en sus servidores de Estados Unidos. Google usar\u00e1 esta informaci\u00f3n por cuenta de LA EMPRESA con la finalidad de seguir los h\u00e1bitos de uso del Usuario en la p\u00e1gina web, recopilando informes de actividad y prestando servicios relacionados con la actividad en la p\u00e1gina. Google no asociar\u00e1 la direcci\u00f3n IP del Usuario con ning\u00fan otro dato del que \u00e9ste disponga.<\/li>\n<li>Cookies de terceros (Amazon): la p\u00e1gina web contiene enlaces de marketing de afiliaci\u00f3n, poniendo a disposici\u00f3n del Marketplace de Amazon (https:\/\/www.amazon.es\/) espacios de la web para la obtenci\u00f3n de ingresos en funci\u00f3n de los resultados obtenidos por generar tr\u00e1fico a las p\u00e1ginas de productos de dicho Marketplace, sobre el que esta web no ostenta ning\u00fan control. M\u00e1s info: https:\/\/www.amazon.es\/gp\/help\/customer\/display.html?nodeId=201149100<\/li>\n<li>Cookies de redes sociales externas:\n<ul>\n<li>Twitter: proporciona botones y otras funcionalidades a LA EMPRESA para que el Usuario pueda compartir enlaces del sitio web en su perfil social. La informaci\u00f3n que sea enviada fuera de la Uni\u00f3n Europea a Twitter, relativa a las p\u00e1ginas que ha visitado o intereses que haya manifestado, es utilizada por Twitter conforme a lo especificado en sus pol\u00edticas de privacidad.<\/li>\n<li>Facebook: depender\u00e1 de sus condiciones y pol\u00edticas de uso.<\/li>\n<li>Linkedin: depender\u00e1 de sus condiciones y pol\u00edticas de uso.<\/li>\n<li>Google Plus: depender\u00e1 de sus condiciones y pol\u00edticas de uso.<\/li>\n<\/ul>\n<\/li>\n<li>El Usuario debe saber desde el primer momento que LA EMPRESA no se har\u00e1 responsable del contenido, actualidad y veracidad de las Pol\u00edticas de Cookies, Privacidad o de los T\u00e9rminos y Condiciones de Uso de terceros incluidos en los anteriores enlaces.<\/li>\n<\/ul>\n<p>El Usuario mostrar\u00e1 su consentimiento a LA EMPRESA respecto del uso de las cookies enunciadas anteriormente, mediante la navegaci\u00f3n y continuaci\u00f3n en la p\u00e1gina web, en las condiciones relatadas en la presente Pol\u00edtica de Cookies.<\/p>\n<p>En el caso en que el Usuario desee deshabilitar y bloquear las cookies, desde LA EMPRESA, y en cumplimiento de la normativa legal vigente, se pone a disposici\u00f3n la informaci\u00f3n necesaria que le permitir\u00e1 configurar el navegador de Internet para mantener la privacidad y seguridad respecto de dichos archivos. Es por ello que, a continuaci\u00f3n, se le facilitar\u00e1 la informaci\u00f3n necesaria y los enlaces destinados a los sitios de soporte t\u00e9cnico oficiales de los principales navegadores para decidir si desea o no aceptar dicho uso de cookies. Sin embargo, el Usuario debe saber que LA EMPRESA no se har\u00e1 responsable de las posibles deficiencias que \u00e9ste pueda sufrir en su experiencia durante la navegaci\u00f3n en el sitio web, dado que la desactivaci\u00f3n o bloqueo de determinadas cookies pueden provocar errores o una navegaci\u00f3n deficiente.<\/p>\n<ul>\n<li>Microsoft Internet Explorer: deber\u00e1 clickear en la opci\u00f3n de men\u00fa de \u201cHerramientas\u201d, a continuaci\u00f3n en \u201cOpciones de Internet\u201d, despu\u00e9s en \u201cPrivacidad\u201d y, finalmente, en \u201cConfiguraci\u00f3n\u201d. Enlace de inter\u00e9s.<\/li>\n<li>Firefox: deber\u00e1 acudir a la opci\u00f3n de men\u00fa \u201cHerramientas, a continuaci\u00f3n en \u201cOpciones\u201d, despu\u00e9s en \u201cPrivacidad\u201d y, finalmente, en \u201cCookies\u201d. Enlace de inter\u00e9s.<\/li>\n<li>Google Chrome: deber\u00e1 recurrir a la secci\u00f3n de \u201cOpciones\u201d, despu\u00e9s en \u201cOpciones avanzadas\u201d y, finalmente, en \u201cPrivacidad\u201d. Enlace de inter\u00e9s.<\/li>\n<li>Opera: deber\u00e1 acudir a la opci\u00f3n de \u201cSeguridad y Privacidad\u201d, donde encontrar\u00e1 las opciones de configuraci\u00f3n del navegador necesarias. Enlace de inter\u00e9s.<\/li>\n<\/ul>\n<p>Por \u00faltimo, es posible que LA EMPRESA actualice en alg\u00fan momento, y sin previo aviso, la Pol\u00edtica de Cookies del sitio web, en cuyo caso se modificar\u00eda, del mismo modo, la fecha de actualizaci\u00f3n de los T\u00e9rminos y Condiciones de Uso del sitio web, de modo que el Usuario pueda conocer el momento en que se ha producido dicho cambio. La entrada en vigor de dichas modificaciones vendr\u00e1 determinada por la fecha de actualizaci\u00f3n anteriormente comentada.<\/p>\n","protected":false},"excerpt":{"rendered":"<p>En cumplimiento de lo establecido en el art\u00edculo 22.2 de la Ley de Servicios de la Sociedad de la Informaci\u00f3n y del Comercio Electr\u00f3nico (en adelante LSSICE), y de conformidad con la Directiva Europea 2009\/136\/CE, LA EMPRESA le informa de que parte de los servicios ofrecidos por el sitio web utilizan cookies. En los presentes &#8230; <a title=\"Pol\u00edtica de cookies\" class=\"read-more\" href=\"https:\/\/bitfab.io\/es\/politica-de-cookies\/\" aria-label=\"Leer m\u00e1s sobre Pol\u00edtica de cookies\">Read more<\/a><\/p>\n","protected":false},"author":1,"featured_media":0,"parent":0,"menu_order":0,"comment_status":"closed","ping_status":"closed","template":"","meta":{"_uag_custom_page_level_css":"","footnotes":""},"class_list":["post-4396","page","type-page","status-publish"],"yoast_head":"<!-- This site is optimized with the Yoast SEO plugin v23.6 - https:\/\/yoast.com\/wordpress\/plugins\/seo\/ -->\n<title>Pol\u00edtica de cookies - Bitfab<\/title>\n<meta name=\"robots\" content=\"noindex, nofollow\" \/>\n<meta property=\"og:locale\" content=\"es_ES\" \/>\n<meta property=\"og:type\" content=\"article\" \/>\n<meta property=\"og:title\" content=\"Pol\u00edtica de cookies - Bitfab\" \/>\n<meta property=\"og:description\" content=\"En cumplimiento de lo establecido en el art\u00edculo 22.2 de la Ley de Servicios de la Sociedad de la Informaci\u00f3n y del Comercio Electr\u00f3nico (en adelante LSSICE), y de conformidad con la Directiva Europea 2009\/136\/CE, LA EMPRESA le informa de que parte de los servicios ofrecidos por el sitio web utilizan cookies. En los presentes ... Read more\" \/>\n<meta property=\"og:url\" content=\"https:\/\/bitfab.io\/es\/politica-de-cookies\/\" \/>\n<meta property=\"og:site_name\" content=\"Bitfab\" \/>\n<meta property=\"article:publisher\" content=\"https:\/\/facebook.com\/bitfab\/\" \/>\n<meta property=\"article:modified_time\" content=\"2019-03-17T17:43:46+00:00\" \/>\n<meta name=\"twitter:card\" content=\"summary_large_image\" \/>\n<meta name=\"twitter:site\" content=\"@bitfab_io\" \/>\n<meta name=\"twitter:label1\" content=\"Tiempo de lectura\" \/>\n\t<meta name=\"twitter:data1\" content=\"6 minutos\" \/>\n<script type=\"application\/ld+json\" class=\"yoast-schema-graph\">{\"@context\":\"https:\/\/schema.org\",\"@graph\":[{\"@type\":\"WebPage\",\"@id\":\"https:\/\/bitfab.io\/es\/politica-de-cookies\/\",\"url\":\"https:\/\/bitfab.io\/es\/politica-de-cookies\/\",\"name\":\"Pol\u00edtica de cookies - Bitfab\",\"isPartOf\":{\"@id\":\"https:\/\/bitfab.io\/es\/#website\"},\"datePublished\":\"2018-05-25T11:54:23+00:00\",\"dateModified\":\"2019-03-17T17:43:46+00:00\",\"breadcrumb\":{\"@id\":\"https:\/\/bitfab.io\/es\/politica-de-cookies\/#breadcrumb\"},\"inLanguage\":\"es\",\"potentialAction\":[{\"@type\":\"ReadAction\",\"target\":[\"https:\/\/bitfab.io\/es\/politica-de-cookies\/\"]}]},{\"@type\":\"BreadcrumbList\",\"@id\":\"https:\/\/bitfab.io\/es\/politica-de-cookies\/#breadcrumb\",\"itemListElement\":[{\"@type\":\"ListItem\",\"position\":1,\"name\":\"Bitfab\",\"item\":\"https:\/\/bitfab.io\/es\/\"},{\"@type\":\"ListItem\",\"position\":2,\"name\":\"Pol\u00edtica de cookies\"}]},{\"@type\":\"WebSite\",\"@id\":\"https:\/\/bitfab.io\/es\/#website\",\"url\":\"https:\/\/bitfab.io\/es\/\",\"name\":\"Bitfab\",\"description\":\"Servicio de impresi\u00f3n 3D\",\"publisher\":{\"@id\":\"https:\/\/bitfab.io\/es\/#organization\"},\"potentialAction\":[{\"@type\":\"SearchAction\",\"target\":{\"@type\":\"EntryPoint\",\"urlTemplate\":\"https:\/\/bitfab.io\/es\/?s={search_term_string}\"},\"query-input\":{\"@type\":\"PropertyValueSpecification\",\"valueRequired\":true,\"valueName\":\"search_term_string\"}}],\"inLanguage\":\"es\"},{\"@type\":\"Organization\",\"@id\":\"https:\/\/bitfab.io\/es\/#organization\",\"name\":\"Bitfab\",\"url\":\"https:\/\/bitfab.io\/es\/\",\"logo\":{\"@type\":\"ImageObject\",\"inLanguage\":\"es\",\"@id\":\"https:\/\/bitfab.io\/es\/#\/schema\/logo\/image\/\",\"url\":\"https:\/\/bitfab.io\/wp-content\/uploads\/2017\/12\/rectangle_1000x500_with_background.png\",\"contentUrl\":\"https:\/\/bitfab.io\/wp-content\/uploads\/2017\/12\/rectangle_1000x500_with_background.png\",\"width\":1000,\"height\":500,\"caption\":\"Bitfab\"},\"image\":{\"@id\":\"https:\/\/bitfab.io\/es\/#\/schema\/logo\/image\/\"},\"sameAs\":[\"https:\/\/facebook.com\/bitfab\/\",\"https:\/\/x.com\/bitfab_io\",\"https:\/\/instagram.com\/bitfab\",\"https:\/\/www.linkedin.com\/company\/bitfab\",\"https:\/\/www.pinterest.es\/bitfab\/\",\"https:\/\/www.youtube.com\/channel\/UCZgATY_8YVx3ndFrNgyfyWg\/\"]}]}<\/script>\n<!-- \/ Yoast SEO plugin. -->","yoast_head_json":{"title":"Pol\u00edtica de cookies - Bitfab","robots":{"index":"noindex","follow":"nofollow"},"og_locale":"es_ES","og_type":"article","og_title":"Pol\u00edtica de cookies - Bitfab","og_description":"En cumplimiento de lo establecido en el art\u00edculo 22.2 de la Ley de Servicios de la Sociedad de la Informaci\u00f3n y del Comercio Electr\u00f3nico (en adelante LSSICE), y de conformidad con la Directiva Europea 2009\/136\/CE, LA EMPRESA le informa de que parte de los servicios ofrecidos por el sitio web utilizan cookies. En los presentes ... Read more","og_url":"https:\/\/bitfab.io\/es\/politica-de-cookies\/","og_site_name":"Bitfab","article_publisher":"https:\/\/facebook.com\/bitfab\/","article_modified_time":"2019-03-17T17:43:46+00:00","twitter_card":"summary_large_image","twitter_site":"@bitfab_io","twitter_misc":{"Tiempo de lectura":"6 minutos"},"schema":{"@context":"https:\/\/schema.org","@graph":[{"@type":"WebPage","@id":"https:\/\/bitfab.io\/es\/politica-de-cookies\/","url":"https:\/\/bitfab.io\/es\/politica-de-cookies\/","name":"Pol\u00edtica de cookies - Bitfab","isPartOf":{"@id":"https:\/\/bitfab.io\/es\/#website"},"datePublished":"2018-05-25T11:54:23+00:00","dateModified":"2019-03-17T17:43:46+00:00","breadcrumb":{"@id":"https:\/\/bitfab.io\/es\/politica-de-cookies\/#breadcrumb"},"inLanguage":"es","potentialAction":[{"@type":"ReadAction","target":["https:\/\/bitfab.io\/es\/politica-de-cookies\/"]}]},{"@type":"BreadcrumbList","@id":"https:\/\/bitfab.io\/es\/politica-de-cookies\/#breadcrumb","itemListElement":[{"@type":"ListItem","position":1,"name":"Bitfab","item":"https:\/\/bitfab.io\/es\/"},{"@type":"ListItem","position":2,"name":"Pol\u00edtica de cookies"}]},{"@type":"WebSite","@id":"https:\/\/bitfab.io\/es\/#website","url":"https:\/\/bitfab.io\/es\/","name":"Bitfab","description":"Servicio de impresi\u00f3n 3D","publisher":{"@id":"https:\/\/bitfab.io\/es\/#organization"},"potentialAction":[{"@type":"SearchAction","target":{"@type":"EntryPoint","urlTemplate":"https:\/\/bitfab.io\/es\/?s={search_term_string}"},"query-input":{"@type":"PropertyValueSpecification","valueRequired":true,"valueName":"search_term_string"}}],"inLanguage":"es"},{"@type":"Organization","@id":"https:\/\/bitfab.io\/es\/#organization","name":"Bitfab","url":"https:\/\/bitfab.io\/es\/","logo":{"@type":"ImageObject","inLanguage":"es","@id":"https:\/\/bitfab.io\/es\/#\/schema\/logo\/image\/","url":"https:\/\/bitfab.io\/wp-content\/uploads\/2017\/12\/rectangle_1000x500_with_background.png","contentUrl":"https:\/\/bitfab.io\/wp-content\/uploads\/2017\/12\/rectangle_1000x500_with_background.png","width":1000,"height":500,"caption":"Bitfab"},"image":{"@id":"https:\/\/bitfab.io\/es\/#\/schema\/logo\/image\/"},"sameAs":["https:\/\/facebook.com\/bitfab\/","https:\/\/x.com\/bitfab_io","https:\/\/instagram.com\/bitfab","https:\/\/www.linkedin.com\/company\/bitfab","https:\/\/www.pinterest.es\/bitfab\/","https:\/\/www.youtube.com\/channel\/UCZgATY_8YVx3ndFrNgyfyWg\/"]}]}},"uagb_featured_image_src":{"full":false,"thumbnail":false,"medium":false,"medium_large":false,"large":false,"1536x1536":false,"2048x2048":false,"woocommerce_thumbnail":false,"woocommerce_single":false,"woocommerce_gallery_thumbnail":false},"uagb_author_info":{"display_name":"Diego Trapero","author_link":"https:\/\/bitfab.io\/es\/blog\/author\/diegotrap\/"},"uagb_comment_info":0,"uagb_excerpt":"En cumplimiento de lo establecido en el art\u00edculo 22.2 de la Ley de Servicios de la Sociedad de la Informaci\u00f3n y del Comercio Electr\u00f3nico (en adelante LSSICE), y de conformidad con la Directiva Europea 2009\/136\/CE, LA EMPRESA le informa de que parte de los servicios ofrecidos por el sitio web utilizan cookies. En los presentes&hellip;","_links":{"self":[{"href":"https:\/\/bitfab.io\/es\/wp-json\/wp\/v2\/pages\/4396"}],"collection":[{"href":"https:\/\/bitfab.io\/es\/wp-json\/wp\/v2\/pages"}],"about":[{"href":"https:\/\/bitfab.io\/es\/wp-json\/wp\/v2\/types\/page"}],"author":[{"embeddable":true,"href":"https:\/\/bitfab.io\/es\/wp-json\/wp\/v2\/users\/1"}],"replies":[{"embeddable":true,"href":"https:\/\/bitfab.io\/es\/wp-json\/wp\/v2\/comments?post=4396"}],"version-history":[{"count":3,"href":"https:\/\/bitfab.io\/es\/wp-json\/wp\/v2\/pages\/4396\/revisions"}],"predecessor-version":[{"id":5767,"href":"https:\/\/bitfab.io\/es\/wp-json\/wp\/v2\/pages\/4396\/revisions\/5767"}],"wp:attachment":[{"href":"https:\/\/bitfab.io\/es\/wp-json\/wp\/v2\/media?parent=4396"}],"curies":[{"name":"wp","href":"https:\/\/api.w.org\/{rel}","templated":true}]}}