{"id":4052,"date":"2018-04-26T18:47:37","date_gmt":"2018-04-26T16:47:37","guid":{"rendered":"http:\/\/bitfab.io\/?page_id=4052"},"modified":"2019-04-17T12:06:15","modified_gmt":"2019-04-17T12:06:15","slug":"materiales-de-impresion-3d-fdm","status":"publish","type":"page","link":"https:\/\/bitfab.io\/es\/materiales-de-impresion-3d-fdm\/","title":{"rendered":"Materiales de impresi\u00f3n 3D FDM"},"content":{"rendered":"<section class=\"wpb-content-wrapper\"><p>[vc_row][vc_column][vc_column_text]En Bitfab ofrecemos una gran variedad de pol\u00edmeros de impresi\u00f3n 3D para fabricar tus piezas con las propiedades y el coste \u00f3ptimo.<\/p>\n<p>En esta p\u00e1gina puedes consultar los diferentes materiales con los que trabajamos y sus propiedades. Si necesitas un material especial no dudes en ponerte en contacto con nosotros.[\/vc_column_text][\/vc_column][\/vc_row][vc_row][vc_column width=&#8221;1\/2&#8243;][vc_single_image image=&#8221;4061&#8243; img_size=&#8221;medium&#8221; alignment=&#8221;center&#8221;][vc_column_text]<\/p>\n<h2><strong>Imprimir en PLA<\/strong><\/h2>\n<p>El PLA es el material m\u00e1s vers\u00e1til, popular y econ\u00f3mico de impresi\u00f3n 3D. Ofrece los mejores acabados\u00a0y la mayor variedad de colores disponibles con hasta 16 tonos disponibles.<\/p>\n<p>El PLA cuenta con una buena rigidez, pero para prototipos o componentes sujetos a esfuerzos y temperatura es superado por otros materiales con mejores propiedades como el PETG.[\/vc_column_text][vc_progress_bar values=&#8221;%5B%7B%22label%22%3A%22Resistencia%20a%20la%20tracci%C3%B3n%22%2C%22value%22%3A%2235%22%7D%2C%7B%22label%22%3A%22Resistencia%20a%20la%20flexi%C3%B3n%22%2C%22value%22%3A%2210%22%7D%2C%7B%22label%22%3A%22Resistencia%20a%20la%20rotura%22%2C%22value%22%3A%2212%22%7D%2C%7B%22label%22%3A%22Dureza%22%2C%22value%22%3A%2238%22%7D%2C%7B%22label%22%3A%22Resistencia%20t%C3%A9rmica%22%2C%22value%22%3A%2215%22%7D%2C%7B%22label%22%3A%22Acabado%22%2C%22value%22%3A%2285%22%7D%5D&#8221; bgcolor=&#8221;bar_turquoise&#8221;][vc_column_text]<strong>Colores disponibles<\/strong>:\u00a0negro, blanco, gris, azul, rojo, naranja, amarillo, verde (m\u00e1s colores disponibles bajo pedido). <a href=\"https:\/\/bitfab.io\/es\/colores-de-impresion-3d-fdm\/\">M\u00e1s informaci\u00f3n sobre los colores de Bitfab<\/a>.[\/vc_column_text][\/vc_column][vc_column width=&#8221;1\/2&#8243;][vc_single_image image=&#8221;4062&#8243; img_size=&#8221;medium&#8221; alignment=&#8221;center&#8221;][vc_column_text]<\/p>\n<h2><strong>Imprimir en PETG<\/strong><\/h2>\n<p>El PETG es un material de impresi\u00f3n 3D indicado para piezas que vayan a experimentar esfuerzos moderados, cuando el PLA no es suficiente.<\/p>\n<p>El PETG resiste mejor los impactos, esfuerzos y la temperatura que el PLA. Adem\u00e1s es esterilizable y resistente a los qu\u00edmicos. Si est\u00e1s interesado en fabricar piezas en PETG puedes leer <a href=\"https:\/\/bitfab.io\/es\/blog\/todo-sobre-el-petg-en-impresion-3d\/\">nuestro art\u00edculo monogr\u00e1fico en el blog de Bitfab<\/a>.[\/vc_column_text][vc_progress_bar values=&#8221;%5B%7B%22label%22%3A%22Resistencia%20a%20la%20tracci%C3%B3n%22%2C%22value%22%3A%2250%22%7D%2C%7B%22label%22%3A%22Resistencia%20a%20la%20flexi%C3%B3n%22%2C%22value%22%3A%2235%22%7D%2C%7B%22label%22%3A%22Resistencia%20a%20la%20rotura%22%2C%22value%22%3A%2215%22%7D%2C%7B%22label%22%3A%22Dureza%22%2C%22value%22%3A%2268%22%7D%2C%7B%22label%22%3A%22Resistencia%20t%C3%A9rmica%22%2C%22value%22%3A%2238%22%7D%2C%7B%22label%22%3A%22Acabado%22%2C%22value%22%3A%2280%22%7D%5D&#8221; bgcolor=&#8221;bar_turquoise&#8221;][vc_column_text]<strong>Colores disponibles<\/strong>: negro, blanco (m\u00e1s colores disponibles bajo pedido). <a href=\"https:\/\/bitfab.io\/es\/colores-de-impresion-3d-fdm\/\">M\u00e1s informaci\u00f3n sobre los colores de Bitfab<\/a>.[\/vc_column_text][\/vc_column][\/vc_row][vc_row][vc_column][vc_column_text]<\/p>\n<h2>Materiales bajo pedido<\/h2>\n<p>Adem\u00e1s de los materiales est\u00e1ndar con los que solemos trabajar en la mayor\u00eda de los pedidos (PLA y PETG) podemos ofrecer una amplia gama de materiales especiales adaptados a tu proyecto.<\/p>\n<p>Estos materiales ofrecen propiedades mejoradas para casos de uso avanzados. Normalmente tienen plazos de fabricaci\u00f3n y precios mayores que los proyectos realizados con nuestros materiales est\u00e1ndar.[\/vc_column_text][\/vc_column][\/vc_row][vc_row][vc_column width=&#8221;1\/3&#8243;][vc_column_text]<\/p>\n<h3><strong>ABS<\/strong><\/h3>\n<p>El ABS es un material de impresi\u00f3n con buenas propiedades mec\u00e1nicas y t\u00e9rmicas. Se puede postprocesar y pegar con acetona. Tambi\u00e9n hemos hablado del <a href=\"https:\/\/bitfab.io\/es\/blog\/%c2%bfpor-que-seguir-usando-abs-en-impresion-3d\/\">ABS en el blog de Bitfab <\/a>recomendando cuando usarlo.<\/p>\n<p>Por los problemas de <em>warping<\/em> y <em>cracking<\/em> que tiene el ABS no est\u00e1 indicado para la fabricaci\u00f3n de piezas grandes.[\/vc_column_text][vc_progress_bar values=&#8221;%5B%7B%22label%22%3A%22Resistencia%20a%20la%20tracci%C3%B3n%22%2C%22value%22%3A%2245%22%7D%2C%7B%22label%22%3A%22Resistencia%20a%20la%20flexi%C3%B3n%22%2C%22value%22%3A%2228%22%7D%2C%7B%22label%22%3A%22Resistencia%20a%20la%20rotura%22%2C%22value%22%3A%2213%22%7D%2C%7B%22label%22%3A%22Dureza%22%2C%22value%22%3A%2261%22%7D%2C%7B%22label%22%3A%22Resistencia%20t%C3%A9rmica%22%2C%22value%22%3A%2235%22%7D%2C%7B%22label%22%3A%22Acabado%22%2C%22value%22%3A%2260%22%7D%5D&#8221; bgcolor=&#8221;bar_turquoise&#8221;][\/vc_column][vc_column width=&#8221;1\/3&#8243;][vc_column_text]<\/p>\n<h3><strong>TPU<\/strong><\/h3>\n<p>El TPU es un material de impresi\u00f3n 3D flexible para realizar piezas el\u00e1sticas que se comportan como la goma.[\/vc_column_text][vc_progress_bar values=&#8221;%5B%7B%22label%22%3A%22Resistencia%20a%20la%20tracci%C3%B3n%22%2C%22value%22%3A%2240%22%7D%2C%7B%22label%22%3A%22Resistencia%20a%20la%20flexi%C3%B3n%22%2C%22value%22%3A%220%22%7D%2C%7B%22label%22%3A%22Resistencia%20a%20la%20rotura%22%2C%22value%22%3A%2258%22%7D%2C%7B%22label%22%3A%22Dureza%22%2C%22value%22%3A%2251%22%7D%2C%7B%22label%22%3A%22Resistencia%20t%C3%A9rmica%22%2C%22value%22%3A%2224%22%7D%2C%7B%22label%22%3A%22Acabado%22%2C%22value%22%3A%2260%22%7D%5D&#8221; bgcolor=&#8221;bar_turquoise&#8221;][\/vc_column][vc_column width=&#8221;1\/3&#8243;][vc_column_text]<\/p>\n<h3><strong>Nylon<\/strong><\/h3>\n<p>Para las piezas con mayores requerimientos mec\u00e1nicos y de temperatura usamos Nylon PA6 reforzado con carga de fibra de vidrio.<\/p>\n<p>Es el material con la mejor resistencia, rigidez y resistencia a la temperatura de nuestro cat\u00e1logo.[\/vc_column_text][vc_progress_bar values=&#8221;%5B%7B%22label%22%3A%22Resistencia%20a%20la%20tracci%C3%B3n%22%2C%22value%22%3A%22100%22%7D%2C%7B%22label%22%3A%22Resistencia%20a%20la%20flexi%C3%B3n%22%2C%22value%22%3A%22100%22%7D%2C%7B%22label%22%3A%22Resistencia%20a%20la%20rotura%22%2C%22value%22%3A%2255%22%7D%2C%7B%22label%22%3A%22Dureza%22%2C%22value%22%3A%22100%22%7D%2C%7B%22label%22%3A%22Resistencia%20t%C3%A9rmica%22%2C%22value%22%3A%22100%22%7D%2C%7B%22label%22%3A%22Acabado%22%2C%22value%22%3A%2260%22%7D%5D&#8221; bgcolor=&#8221;bar_turquoise&#8221;][\/vc_column][\/vc_row][vc_row top_padding=&#8221;40&#8243;][vc_column width=&#8221;1\/3&#8243;][vc_column_text]<\/p>\n<h3><strong>PP<\/strong><\/h3>\n<p>El PP (polipropileno) es un material de impresi\u00f3n 3D semiflexible y semitransparente, con muy buenas propiedades de resistencia qu\u00edmica y m\u00e9c\u00e1nica. Es el material m\u00e1s ligero de los que disponemos (0,90 g\/cm3).[\/vc_column_text][vc_progress_bar values=&#8221;%5B%7B%22label%22%3A%22Resistencia%20a%20la%20tracci%C3%B3n%22%2C%22value%22%3A%2228%22%7D%2C%7B%22label%22%3A%22Resistencia%20a%20la%20flexi%C3%B3n%22%2C%22value%22%3A%2238%22%7D%2C%7B%22label%22%3A%22Resistencia%20a%20la%20rotura%22%2C%22value%22%3A%2220%22%7D%2C%7B%22label%22%3A%22Dureza%22%2C%22value%22%3A%2228%22%7D%2C%7B%22label%22%3A%22Resistencia%20t%C3%A9rmica%22%2C%22value%22%3A%2215%22%7D%2C%7B%22label%22%3A%22Acabado%22%2C%22value%22%3A%2270%22%7D%5D&#8221; bgcolor=&#8221;bar_turquoise&#8221;][\/vc_column][vc_column width=&#8221;1\/3&#8243;][vc_column_text]<\/p>\n<h3><strong>ABS ign\u00edfugo<\/strong><\/h3>\n<p>ABS ign\u00edfugo autoextinguible testado seg\u00fan la normativa UL94 y IEC 60695-11-10, ideal para la fabricaci\u00f3n de carcasas de circuitos el\u00e9ctricos u otros\u00a0elementos que puedan suponer un foco de incendio.[\/vc_column_text][vc_progress_bar values=&#8221;%5B%7B%22label%22%3A%22Resistencia%20a%20la%20tracci%C3%B3n%22%2C%22value%22%3A%2236%22%7D%2C%7B%22label%22%3A%22Resistencia%20a%20la%20flexi%C3%B3n%22%2C%22value%22%3A%2235%22%7D%2C%7B%22label%22%3A%22Resistencia%20a%20la%20rotura%22%2C%22value%22%3A%2210%22%7D%2C%7B%22label%22%3A%22Dureza%22%2C%22value%22%3A%2275%22%7D%2C%7B%22label%22%3A%22Resistencia%20t%C3%A9rmica%22%2C%22value%22%3A%2235%22%7D%2C%7B%22label%22%3A%22Acabado%22%2C%22value%22%3A%2270%22%7D%5D&#8221; bgcolor=&#8221;bar_turquoise&#8221;][\/vc_column][vc_column width=&#8221;1\/3&#8243;][vc_column_text]<\/p>\n<h3><strong>ABS medical<\/strong><\/h3>\n<p>ABS con certificaci\u00f3n USP Clase VI o ISO 10993-1, en la cual se garantiza que el filamento Medical es biocompatible con el cuerpo humano.[\/vc_column_text][vc_progress_bar values=&#8221;%5B%7B%22label%22%3A%22Resistencia%20a%20la%20tracci%C3%B3n%22%2C%22value%22%3A%2236%22%7D%2C%7B%22label%22%3A%22Resistencia%20a%20la%20flexi%C3%B3n%22%2C%22value%22%3A%2235%22%7D%2C%7B%22label%22%3A%22Resistencia%20a%20la%20rotura%22%2C%22value%22%3A%2210%22%7D%2C%7B%22label%22%3A%22Dureza%22%2C%22value%22%3A%2275%22%7D%2C%7B%22label%22%3A%22Resistencia%20t%C3%A9rmica%22%2C%22value%22%3A%2235%22%7D%2C%7B%22label%22%3A%22Acabado%22%2C%22value%22%3A%2270%22%7D%5D&#8221; bgcolor=&#8221;bar_turquoise&#8221;][\/vc_column][\/vc_row][vc_row][vc_column][vc_column_text]<\/p>\n<h2 class=\"ttbase-heading ttbase-heading-none text-align-left \">Los mejores materiales de impresi\u00f3n 3D FDM<\/h2>\n<p>Usamos s\u00f3lo unos pocos proveedores de material para impresi\u00f3n 3D, y todos ellos son fabricantes reconocidos de filamento premium.<\/p>\n<p>Nos aseguramos de siempre usar las mismas referencias para mantener los colores y propiedades de nuestras piezas consistentes en el tiempo. Pidas una pieza hoy o dentro de un a\u00f1o la fabricaremos con el mismo material y recibir\u00e1s el mismo color y resistencia.[\/vc_column_text][vc_row_inner][vc_column_inner width=&#8221;1\/2&#8243;][vc_single_image image=&#8221;3980&#8243; alignment=&#8221;center&#8221;][\/vc_column_inner][vc_column_inner width=&#8221;1\/2&#8243;][vc_column_text]Nuestro proveedor principal de filamento es el fabricante espa\u00f1ol\u00a0<a href=\"http:\/\/smartmaterials3d.com\/\">Smart Materials 3D<\/a>. Esto nos permite tener acceso r\u00e1pido a una gran variedad de materiales de primera calidad y colores variados para las piezas de nuestros clientes.[\/vc_column_text][\/vc_column_inner][\/vc_row_inner][vc_row_inner][vc_column_inner width=&#8221;1\/2&#8243;][vc_single_image image=&#8221;4594&#8243; img_size=&#8221;medium&#8221; alignment=&#8221;center&#8221;][\/vc_column_inner][vc_column_inner width=&#8221;1\/2&#8243;][vc_column_text]<a href=\"https:\/\/fillamentum.com\/\">Fillamentum<\/a> es una de las marcas internacionales m\u00e1s reconocidas de filamento para impresi\u00f3n 3D.<\/p>\n<p>Usamos el pl\u00e1stico de Fillamentum para nuestras piezas en Vertigo Grey, un color metalizado que disimula las capas y produce piezas espectaculares. Tambi\u00e9n usamos algunos de sus materiales de alto rendimiento como el ASA.[\/vc_column_text][\/vc_column_inner][\/vc_row_inner][\/vc_column][\/vc_row][vc_row][vc_column][vc_cta h2=&#8221;\u00bfTienes dudas sobre nuestros materiales?&#8221;]Podemos ayudarte a elegir el material correcto para tu proyecto de impresi\u00f3n 3D. M\u00e1ndanos un mensaje detallando tus necesidades y nuestros expertos se pondr\u00e1n en contacto contigo.<\/p>\n<p style=\"text-align: center;\"><a class=\"typeform-share button\" href=\"https:\/\/bitfab.typeform.com\/to\/Twe4xh\" data-mode=\"drawer_right\" style=\"display:inline-block;text-decoration:none;background-color:#ec4a42;color:white;cursor:pointer;font-family:Helvetica,Arial,sans-serif;font-size:16px;line-height:40px;text-align:center;margin:0;height:40px;padding:0px 26px;border-radius:6px;max-width:100%;white-space:nowrap;overflow:hidden;text-overflow:ellipsis;font-weight:bold;-webkit-font-smoothing:antialiased;-moz-osx-font-smoothing:grayscale;\" target=\"_blank\" rel=\"noopener noreferrer\">Contactar con Bitfab <\/a> <script> (function() { var qs,js,q,s,d=document, gi=d.getElementById, ce=d.createElement, gt=d.getElementsByTagName, id=\"typef_orm_share\", b=\"https:\/\/embed.typeform.com\/\"; if(!gi.call(d,id)){ js=ce.call(d,\"script\"); js.id=id; js.src=b+\"embed.js\"; q=gt.call(d,\"script\")[0]; q.parentNode.insertBefore(js,q) } })() <\/script><\/p>\n<p>[\/vc_cta][\/vc_column][\/vc_row][vc_row][vc_column][vc_column_text][kkstarratings][\/vc_column_text][\/vc_column][\/vc_row]<\/p>\n<\/section>","protected":false},"excerpt":{"rendered":"<p>[vc_row][vc_column][vc_column_text]En Bitfab ofrecemos una gran variedad de pol\u00edmeros de impresi\u00f3n 3D para fabricar tus piezas con las propiedades y el coste \u00f3ptimo. En esta p\u00e1gina puedes consultar los diferentes materiales con los que trabajamos y sus propiedades. Si necesitas un material especial no dudes en ponerte en contacto con nosotros.[\/vc_column_text][\/vc_column][\/vc_row][vc_row][vc_column width=&#8221;1\/2&#8243;][vc_single_image image=&#8221;4061&#8243; img_size=&#8221;medium&#8221; alignment=&#8221;center&#8221;][vc_column_text] Imprimir &#8230; <a title=\"Materiales de impresi\u00f3n 3D FDM\" class=\"read-more\" href=\"https:\/\/bitfab.io\/es\/materiales-de-impresion-3d-fdm\/\" aria-label=\"Leer m\u00e1s sobre Materiales de impresi\u00f3n 3D FDM\">Read more<\/a><\/p>\n","protected":false},"author":1,"featured_media":0,"parent":0,"menu_order":0,"comment_status":"closed","ping_status":"closed","template":"","meta":{"_uag_custom_page_level_css":"","footnotes":""},"class_list":["post-4052","page","type-page","status-publish"],"yoast_head":"<!-- This site is optimized with the Yoast SEO plugin v23.6 - https:\/\/yoast.com\/wordpress\/plugins\/seo\/ -->\n<title>Materiales de impresi\u00f3n 3D FDM - Bitfab<\/title>\n<meta name=\"description\" content=\"\u00bfQu\u00e9 materiales existen para impresi\u00f3n 3D FDM? Aqu\u00ed tienes una lista comparativa de todos ellos, para que puedas elegir el mejor para tus piezas impresas.\" \/>\n<meta name=\"robots\" content=\"index, follow, max-snippet:-1, max-image-preview:large, max-video-preview:-1\" \/>\n<link rel=\"canonical\" href=\"https:\/\/bitfab.io\/es\/materiales-de-impresion-3d-fdm\/\" \/>\n<meta property=\"og:locale\" content=\"es_ES\" \/>\n<meta property=\"og:type\" content=\"article\" \/>\n<meta property=\"og:title\" content=\"Materiales de impresi\u00f3n 3D FDM - Bitfab\" \/>\n<meta property=\"og:description\" content=\"\u00bfQu\u00e9 materiales existen para impresi\u00f3n 3D FDM? Aqu\u00ed tienes una lista comparativa de todos ellos, para que puedas elegir el mejor para tus piezas impresas.\" \/>\n<meta property=\"og:url\" content=\"https:\/\/bitfab.io\/es\/materiales-de-impresion-3d-fdm\/\" \/>\n<meta property=\"og:site_name\" content=\"Bitfab\" \/>\n<meta property=\"article:publisher\" content=\"https:\/\/facebook.com\/bitfab\/\" \/>\n<meta property=\"article:modified_time\" content=\"2019-04-17T12:06:15+00:00\" \/>\n<meta name=\"twitter:card\" content=\"summary_large_image\" \/>\n<meta name=\"twitter:site\" content=\"@bitfab_io\" \/>\n<meta name=\"twitter:label1\" content=\"Tiempo de lectura\" \/>\n\t<meta name=\"twitter:data1\" content=\"8 minutos\" \/>\n<script type=\"application\/ld+json\" class=\"yoast-schema-graph\">{\"@context\":\"https:\/\/schema.org\",\"@graph\":[{\"@type\":\"WebPage\",\"@id\":\"https:\/\/bitfab.io\/es\/materiales-de-impresion-3d-fdm\/\",\"url\":\"https:\/\/bitfab.io\/es\/materiales-de-impresion-3d-fdm\/\",\"name\":\"Materiales de impresi\u00f3n 3D FDM - Bitfab\",\"isPartOf\":{\"@id\":\"https:\/\/bitfab.io\/es\/#website\"},\"datePublished\":\"2018-04-26T16:47:37+00:00\",\"dateModified\":\"2019-04-17T12:06:15+00:00\",\"description\":\"\u00bfQu\u00e9 materiales existen para impresi\u00f3n 3D FDM? Aqu\u00ed tienes una lista comparativa de todos ellos, para que puedas elegir el mejor para tus piezas impresas.\",\"breadcrumb\":{\"@id\":\"https:\/\/bitfab.io\/es\/materiales-de-impresion-3d-fdm\/#breadcrumb\"},\"inLanguage\":\"es\",\"potentialAction\":[{\"@type\":\"ReadAction\",\"target\":[\"https:\/\/bitfab.io\/es\/materiales-de-impresion-3d-fdm\/\"]}]},{\"@type\":\"BreadcrumbList\",\"@id\":\"https:\/\/bitfab.io\/es\/materiales-de-impresion-3d-fdm\/#breadcrumb\",\"itemListElement\":[{\"@type\":\"ListItem\",\"position\":1,\"name\":\"Bitfab\",\"item\":\"https:\/\/bitfab.io\/es\/\"},{\"@type\":\"ListItem\",\"position\":2,\"name\":\"Materiales de impresi\u00f3n 3D FDM\"}]},{\"@type\":\"WebSite\",\"@id\":\"https:\/\/bitfab.io\/es\/#website\",\"url\":\"https:\/\/bitfab.io\/es\/\",\"name\":\"Bitfab\",\"description\":\"Servicio de impresi\u00f3n 3D\",\"publisher\":{\"@id\":\"https:\/\/bitfab.io\/es\/#organization\"},\"potentialAction\":[{\"@type\":\"SearchAction\",\"target\":{\"@type\":\"EntryPoint\",\"urlTemplate\":\"https:\/\/bitfab.io\/es\/?s={search_term_string}\"},\"query-input\":{\"@type\":\"PropertyValueSpecification\",\"valueRequired\":true,\"valueName\":\"search_term_string\"}}],\"inLanguage\":\"es\"},{\"@type\":\"Organization\",\"@id\":\"https:\/\/bitfab.io\/es\/#organization\",\"name\":\"Bitfab\",\"url\":\"https:\/\/bitfab.io\/es\/\",\"logo\":{\"@type\":\"ImageObject\",\"inLanguage\":\"es\",\"@id\":\"https:\/\/bitfab.io\/es\/#\/schema\/logo\/image\/\",\"url\":\"https:\/\/bitfab.io\/wp-content\/uploads\/2017\/12\/rectangle_1000x500_with_background.png\",\"contentUrl\":\"https:\/\/bitfab.io\/wp-content\/uploads\/2017\/12\/rectangle_1000x500_with_background.png\",\"width\":1000,\"height\":500,\"caption\":\"Bitfab\"},\"image\":{\"@id\":\"https:\/\/bitfab.io\/es\/#\/schema\/logo\/image\/\"},\"sameAs\":[\"https:\/\/facebook.com\/bitfab\/\",\"https:\/\/x.com\/bitfab_io\",\"https:\/\/instagram.com\/bitfab\",\"https:\/\/www.linkedin.com\/company\/bitfab\",\"https:\/\/www.pinterest.es\/bitfab\/\",\"https:\/\/www.youtube.com\/channel\/UCZgATY_8YVx3ndFrNgyfyWg\/\"]}]}<\/script>\n<!-- \/ Yoast SEO plugin. -->","yoast_head_json":{"title":"Materiales de impresi\u00f3n 3D FDM - Bitfab","description":"\u00bfQu\u00e9 materiales existen para impresi\u00f3n 3D FDM? Aqu\u00ed tienes una lista comparativa de todos ellos, para que puedas elegir el mejor para tus piezas impresas.","robots":{"index":"index","follow":"follow","max-snippet":"max-snippet:-1","max-image-preview":"max-image-preview:large","max-video-preview":"max-video-preview:-1"},"canonical":"https:\/\/bitfab.io\/es\/materiales-de-impresion-3d-fdm\/","og_locale":"es_ES","og_type":"article","og_title":"Materiales de impresi\u00f3n 3D FDM - Bitfab","og_description":"\u00bfQu\u00e9 materiales existen para impresi\u00f3n 3D FDM? Aqu\u00ed tienes una lista comparativa de todos ellos, para que puedas elegir el mejor para tus piezas impresas.","og_url":"https:\/\/bitfab.io\/es\/materiales-de-impresion-3d-fdm\/","og_site_name":"Bitfab","article_publisher":"https:\/\/facebook.com\/bitfab\/","article_modified_time":"2019-04-17T12:06:15+00:00","twitter_card":"summary_large_image","twitter_site":"@bitfab_io","twitter_misc":{"Tiempo de lectura":"8 minutos"},"schema":{"@context":"https:\/\/schema.org","@graph":[{"@type":"WebPage","@id":"https:\/\/bitfab.io\/es\/materiales-de-impresion-3d-fdm\/","url":"https:\/\/bitfab.io\/es\/materiales-de-impresion-3d-fdm\/","name":"Materiales de impresi\u00f3n 3D FDM - Bitfab","isPartOf":{"@id":"https:\/\/bitfab.io\/es\/#website"},"datePublished":"2018-04-26T16:47:37+00:00","dateModified":"2019-04-17T12:06:15+00:00","description":"\u00bfQu\u00e9 materiales existen para impresi\u00f3n 3D FDM? Aqu\u00ed tienes una lista comparativa de todos ellos, para que puedas elegir el mejor para tus piezas impresas.","breadcrumb":{"@id":"https:\/\/bitfab.io\/es\/materiales-de-impresion-3d-fdm\/#breadcrumb"},"inLanguage":"es","potentialAction":[{"@type":"ReadAction","target":["https:\/\/bitfab.io\/es\/materiales-de-impresion-3d-fdm\/"]}]},{"@type":"BreadcrumbList","@id":"https:\/\/bitfab.io\/es\/materiales-de-impresion-3d-fdm\/#breadcrumb","itemListElement":[{"@type":"ListItem","position":1,"name":"Bitfab","item":"https:\/\/bitfab.io\/es\/"},{"@type":"ListItem","position":2,"name":"Materiales de impresi\u00f3n 3D FDM"}]},{"@type":"WebSite","@id":"https:\/\/bitfab.io\/es\/#website","url":"https:\/\/bitfab.io\/es\/","name":"Bitfab","description":"Servicio de impresi\u00f3n 3D","publisher":{"@id":"https:\/\/bitfab.io\/es\/#organization"},"potentialAction":[{"@type":"SearchAction","target":{"@type":"EntryPoint","urlTemplate":"https:\/\/bitfab.io\/es\/?s={search_term_string}"},"query-input":{"@type":"PropertyValueSpecification","valueRequired":true,"valueName":"search_term_string"}}],"inLanguage":"es"},{"@type":"Organization","@id":"https:\/\/bitfab.io\/es\/#organization","name":"Bitfab","url":"https:\/\/bitfab.io\/es\/","logo":{"@type":"ImageObject","inLanguage":"es","@id":"https:\/\/bitfab.io\/es\/#\/schema\/logo\/image\/","url":"https:\/\/bitfab.io\/wp-content\/uploads\/2017\/12\/rectangle_1000x500_with_background.png","contentUrl":"https:\/\/bitfab.io\/wp-content\/uploads\/2017\/12\/rectangle_1000x500_with_background.png","width":1000,"height":500,"caption":"Bitfab"},"image":{"@id":"https:\/\/bitfab.io\/es\/#\/schema\/logo\/image\/"},"sameAs":["https:\/\/facebook.com\/bitfab\/","https:\/\/x.com\/bitfab_io","https:\/\/instagram.com\/bitfab","https:\/\/www.linkedin.com\/company\/bitfab","https:\/\/www.pinterest.es\/bitfab\/","https:\/\/www.youtube.com\/channel\/UCZgATY_8YVx3ndFrNgyfyWg\/"]}]}},"uagb_featured_image_src":{"full":false,"thumbnail":false,"medium":false,"medium_large":false,"large":false,"1536x1536":false,"2048x2048":false,"woocommerce_thumbnail":false,"woocommerce_single":false,"woocommerce_gallery_thumbnail":false},"uagb_author_info":{"display_name":"Diego Trapero","author_link":"https:\/\/bitfab.io\/es\/blog\/author\/diegotrap\/"},"uagb_comment_info":0,"uagb_excerpt":"[vc_row][vc_column][vc_column_text]En Bitfab ofrecemos una gran variedad de pol\u00edmeros de impresi\u00f3n 3D para fabricar tus piezas con las propiedades y el coste \u00f3ptimo. En esta p\u00e1gina puedes consultar los diferentes materiales con los que trabajamos y sus propiedades. Si necesitas un material especial no dudes en ponerte en contacto con nosotros.[\/vc_column_text][\/vc_column][\/vc_row][vc_row][vc_column width=&#8221;1\/2&#8243;][vc_single_image image=&#8221;4061&#8243; img_size=&#8221;medium&#8221; alignment=&#8221;center&#8221;][vc_column_text] Imprimir&hellip;","_links":{"self":[{"href":"https:\/\/bitfab.io\/es\/wp-json\/wp\/v2\/pages\/4052"}],"collection":[{"href":"https:\/\/bitfab.io\/es\/wp-json\/wp\/v2\/pages"}],"about":[{"href":"https:\/\/bitfab.io\/es\/wp-json\/wp\/v2\/types\/page"}],"author":[{"embeddable":true,"href":"https:\/\/bitfab.io\/es\/wp-json\/wp\/v2\/users\/1"}],"replies":[{"embeddable":true,"href":"https:\/\/bitfab.io\/es\/wp-json\/wp\/v2\/comments?post=4052"}],"version-history":[{"count":5,"href":"https:\/\/bitfab.io\/es\/wp-json\/wp\/v2\/pages\/4052\/revisions"}],"predecessor-version":[{"id":6132,"href":"https:\/\/bitfab.io\/es\/wp-json\/wp\/v2\/pages\/4052\/revisions\/6132"}],"wp:attachment":[{"href":"https:\/\/bitfab.io\/es\/wp-json\/wp\/v2\/media?parent=4052"}],"curies":[{"name":"wp","href":"https:\/\/api.w.org\/{rel}","templated":true}]}}