{"id":4044,"date":"2018-04-22T12:16:08","date_gmt":"2018-04-22T10:16:08","guid":{"rendered":"http:\/\/bitfab.io\/?page_id=4044"},"modified":"2019-03-06T18:17:06","modified_gmt":"2019-03-06T18:17:06","slug":"acabado-impresion-3d-fdm","status":"publish","type":"page","link":"https:\/\/bitfab.io\/es\/acabado-impresion-3d-fdm\/","title":{"rendered":"Acabado de las piezas de impresi\u00f3n 3D FDM"},"content":{"rendered":"<section class=\"wpb-content-wrapper\"><p>[vc_row][vc_column][vc_column_text]La tecnolog\u00eda de impresi\u00f3n 3D FFF (<em>Fused Filament Deposition<\/em>) es capaz de producir prototipos y series cortas con muchas ventajas: variedad de geometr\u00edas, plazos de entrega, costes&#8230;<\/p>\n<p>Por la forma en la que se fabrican las piezas, capa a capa, la superficie de las mismas presenta un acabado a rayas que depende de la altura de capa que se elija en el proceso. Este acabado es suficiente para la mayor\u00eda de los prototipos y piezas funcionales que fabricamos y puedes ver en las fotos cual es el resultado de emplear esta tecnolog\u00eda. Tambi\u00e9n te damos una serie de consejos para mejorar el acabado y las propiedades de tus piezas.[\/vc_column_text][\/vc_column][\/vc_row][vc_row][vc_column][vc_column_text]<\/p>\n<h2>\u00bfCu\u00e1l es el acabado de las piezas?<\/h2>\n<p>Con estas piezas de muestra puedes ver en detalle el acabo de las piezas, pasa el rat\u00f3n por encima de las zonas que quieras inspeccionar.[\/vc_column_text][\/vc_column][\/vc_row][vc_row][vc_column width=&#8221;1\/4&#8243;][vc_single_image image=&#8221;3467&#8243; img_size=&#8221;&#8221; alignment=&#8221;center&#8221; onclick=&#8221;zoom&#8221;][\/vc_column][vc_column width=&#8221;1\/4&#8243;][vc_single_image image=&#8221;3466&#8243; img_size=&#8221;&#8221; alignment=&#8221;center&#8221; onclick=&#8221;zoom&#8221;][\/vc_column][vc_column width=&#8221;1\/4&#8243;][vc_single_image image=&#8221;3462&#8243; img_size=&#8221;&#8221; alignment=&#8221;center&#8221; onclick=&#8221;zoom&#8221;][\/vc_column][vc_column width=&#8221;1\/4&#8243;][vc_single_image image=&#8221;3459&#8243; img_size=&#8221;&#8221; alignment=&#8221;center&#8221; onclick=&#8221;zoom&#8221;][\/vc_column][\/vc_row][vc_row][vc_column][vc_column_text]<\/p>\n<h2 class=\"ttbase-heading ttbase-heading-none text-align-left \">\u00bfC\u00f3mo obtener los mejores resultados con impresi\u00f3n 3D?<\/h2>\n<p>Los factores que m\u00e1s influyen en el acabado de la pieza es la altura de capa y la realizaci\u00f3n de un dise\u00f1o preparado para impresi\u00f3n 3D.<\/p>\n<ul>\n<li><strong>Altura de capa<\/strong>. La mayor\u00eda de las piezas que realizamos se hacen con una altura de capa de 0,2mm, que representa un compromiso muy bueno entre coste y acabado. Alturas de capa m\u00e1s detalladas no suelen llevar aparejadas una gran mejora en la apariencia y suponen un aumento muy grande del coste. Para piezas grandes o que no requieran acabados especiales podemos imprimir a alturas de capa mayores para reducir los costes de producci\u00f3n.<\/li>\n<li><strong>Dise\u00f1o para impresi\u00f3n 3D<\/strong>. El acabado y propiedades de las piezas impresas se puede mejorar desde la fase de dise\u00f1o siguiendo una serie de principios para la posterior fabricaci\u00f3n con impresi\u00f3n 3D. Algunos de los consejos m\u00e1s b\u00e1sicos:\n<ul>\n<li><strong>Secciones en voladizo, puentes&#8230;<\/strong>\u00a0Cuando una parte de la pieza no est\u00e1 soportada por debajo por m\u00e1s material (voladizos, puentes&#8230;) la impresora generar\u00e1 material de soporte para rellenar esos huecos y ser capaz de imprimir esos detalles. Las superficies impresas sobre material de soporte tienen un peor acabado superficial.<\/li>\n<li><strong>Piezas peque\u00f1as<\/strong>: las piezas m\u00e1s peque\u00f1as de 20x20x20mm pueden tener dificultades al imprimirse si no son geometr\u00edas sencillas.<\/li>\n<li><strong>Ancho de las paredes<\/strong>. Las paredes deben tener un ancho de 1.2-2.4mm para obtener los mejores resultados, especialmente en piezas grandes.<\/li>\n<li><strong>Textos<\/strong>. Los textos peque\u00f1os (m\u00e1s peque\u00f1os de 8-10mm), tanto grabados como saliendo de la pieza, tendr\u00e1n dificultades para imprimirse.<\/li>\n<\/ul>\n<\/li>\n<\/ul>\n<p>[\/vc_column_text][\/vc_column][\/vc_row][vc_row][vc_column][vc_cta h2=&#8221;\u00bfA\u00fan tienes dudas sobre el acabado de tus piezas?&#8221;]Si a\u00fan te quedan dudas sobre el acabado de las piezas nuestros asesores te ayudar\u00e1n a determinar si tu pieza se puede fabricar con impresi\u00f3n 3D y te ayudar\u00e1n a mejorar tu modelo de forma gratuita.<\/p>\n<p style=\"text-align: center;\"><a class=\"typeform-share button\" href=\"https:\/\/bitfab.typeform.com\/to\/Twe4xh\" data-mode=\"drawer_right\" style=\"display:inline-block;text-decoration:none;background-color:#ec4a42;color:white;cursor:pointer;font-family:Helvetica,Arial,sans-serif;font-size:18px;line-height:40px;text-align:center;margin:0;height:40px;padding:0px 26px;border-radius:6px;max-width:100%;white-space:nowrap;overflow:hidden;text-overflow:ellipsis;font-weight:bold;-webkit-font-smoothing:antialiased;-moz-osx-font-smoothing:grayscale;\" target=\"_blank\" rel=\"noopener noreferrer\">Contactar con Bitfab <\/a> <script> (function() { var qs,js,q,s,d=document, gi=d.getElementById, ce=d.createElement, gt=d.getElementsByTagName, id=\"typef_orm_share\", b=\"https:\/\/embed.typeform.com\/\"; if(!gi.call(d,id)){ js=ce.call(d,\"script\"); js.id=id; js.src=b+\"embed.js\"; q=gt.call(d,\"script\")[0]; q.parentNode.insertBefore(js,q) } })() <\/script><\/p>\n<p>[\/vc_cta][\/vc_column][\/vc_row]<\/p>\n<\/section>","protected":false},"excerpt":{"rendered":"<p>[vc_row][vc_column][vc_column_text]La tecnolog\u00eda de impresi\u00f3n 3D FFF (Fused Filament Deposition) es capaz de producir prototipos y series cortas con muchas ventajas: variedad de geometr\u00edas, plazos de entrega, costes&#8230; Por la forma en la que se fabrican las piezas, capa a capa, la superficie de las mismas presenta un acabado a rayas que depende de la altura &#8230; <a title=\"Acabado de las piezas de impresi\u00f3n 3D FDM\" class=\"read-more\" href=\"https:\/\/bitfab.io\/es\/acabado-impresion-3d-fdm\/\" aria-label=\"Leer m\u00e1s sobre Acabado de las piezas de impresi\u00f3n 3D FDM\">Read more<\/a><\/p>\n","protected":false},"author":1,"featured_media":0,"parent":0,"menu_order":0,"comment_status":"closed","ping_status":"closed","template":"","meta":{"_uag_custom_page_level_css":"","footnotes":""},"class_list":["post-4044","page","type-page","status-publish"],"yoast_head":"<!-- This site is optimized with the Yoast SEO plugin v23.6 - https:\/\/yoast.com\/wordpress\/plugins\/seo\/ -->\n<title>Acabado de las piezas de impresi\u00f3n 3D FDM - Bitfab<\/title>\n<meta name=\"robots\" content=\"index, follow, max-snippet:-1, max-image-preview:large, max-video-preview:-1\" \/>\n<link rel=\"canonical\" href=\"https:\/\/bitfab.io\/es\/acabado-impresion-3d-fdm\/\" \/>\n<meta property=\"og:locale\" content=\"es_ES\" \/>\n<meta property=\"og:type\" content=\"article\" \/>\n<meta property=\"og:title\" content=\"Acabado de las piezas de impresi\u00f3n 3D FDM - Bitfab\" \/>\n<meta property=\"og:description\" content=\"[vc_row][vc_column][vc_column_text]La tecnolog\u00eda de impresi\u00f3n 3D FFF (Fused Filament Deposition) es capaz de producir prototipos y series cortas con muchas ventajas: variedad de geometr\u00edas, plazos de entrega, costes&#8230; Por la forma en la que se fabrican las piezas, capa a capa, la superficie de las mismas presenta un acabado a rayas que depende de la altura ... Read more\" \/>\n<meta property=\"og:url\" content=\"https:\/\/bitfab.io\/es\/acabado-impresion-3d-fdm\/\" \/>\n<meta property=\"og:site_name\" content=\"Bitfab\" \/>\n<meta property=\"article:publisher\" content=\"https:\/\/facebook.com\/bitfab\/\" \/>\n<meta property=\"article:modified_time\" content=\"2019-03-06T18:17:06+00:00\" \/>\n<meta name=\"twitter:card\" content=\"summary_large_image\" \/>\n<meta name=\"twitter:site\" content=\"@bitfab_io\" \/>\n<meta name=\"twitter:label1\" content=\"Tiempo de lectura\" \/>\n\t<meta name=\"twitter:data1\" content=\"3 minutos\" \/>\n<script type=\"application\/ld+json\" class=\"yoast-schema-graph\">{\"@context\":\"https:\/\/schema.org\",\"@graph\":[{\"@type\":\"WebPage\",\"@id\":\"https:\/\/bitfab.io\/es\/acabado-impresion-3d-fdm\/\",\"url\":\"https:\/\/bitfab.io\/es\/acabado-impresion-3d-fdm\/\",\"name\":\"Acabado de las piezas de impresi\u00f3n 3D FDM - Bitfab\",\"isPartOf\":{\"@id\":\"https:\/\/bitfab.io\/es\/#website\"},\"datePublished\":\"2018-04-22T10:16:08+00:00\",\"dateModified\":\"2019-03-06T18:17:06+00:00\",\"breadcrumb\":{\"@id\":\"https:\/\/bitfab.io\/es\/acabado-impresion-3d-fdm\/#breadcrumb\"},\"inLanguage\":\"es\",\"potentialAction\":[{\"@type\":\"ReadAction\",\"target\":[\"https:\/\/bitfab.io\/es\/acabado-impresion-3d-fdm\/\"]}]},{\"@type\":\"BreadcrumbList\",\"@id\":\"https:\/\/bitfab.io\/es\/acabado-impresion-3d-fdm\/#breadcrumb\",\"itemListElement\":[{\"@type\":\"ListItem\",\"position\":1,\"name\":\"Bitfab\",\"item\":\"https:\/\/bitfab.io\/es\/\"},{\"@type\":\"ListItem\",\"position\":2,\"name\":\"Acabado de las piezas de impresi\u00f3n 3D FDM\"}]},{\"@type\":\"WebSite\",\"@id\":\"https:\/\/bitfab.io\/es\/#website\",\"url\":\"https:\/\/bitfab.io\/es\/\",\"name\":\"Bitfab\",\"description\":\"Servicio de impresi\u00f3n 3D\",\"publisher\":{\"@id\":\"https:\/\/bitfab.io\/es\/#organization\"},\"potentialAction\":[{\"@type\":\"SearchAction\",\"target\":{\"@type\":\"EntryPoint\",\"urlTemplate\":\"https:\/\/bitfab.io\/es\/?s={search_term_string}\"},\"query-input\":{\"@type\":\"PropertyValueSpecification\",\"valueRequired\":true,\"valueName\":\"search_term_string\"}}],\"inLanguage\":\"es\"},{\"@type\":\"Organization\",\"@id\":\"https:\/\/bitfab.io\/es\/#organization\",\"name\":\"Bitfab\",\"url\":\"https:\/\/bitfab.io\/es\/\",\"logo\":{\"@type\":\"ImageObject\",\"inLanguage\":\"es\",\"@id\":\"https:\/\/bitfab.io\/es\/#\/schema\/logo\/image\/\",\"url\":\"https:\/\/bitfab.io\/wp-content\/uploads\/2017\/12\/rectangle_1000x500_with_background.png\",\"contentUrl\":\"https:\/\/bitfab.io\/wp-content\/uploads\/2017\/12\/rectangle_1000x500_with_background.png\",\"width\":1000,\"height\":500,\"caption\":\"Bitfab\"},\"image\":{\"@id\":\"https:\/\/bitfab.io\/es\/#\/schema\/logo\/image\/\"},\"sameAs\":[\"https:\/\/facebook.com\/bitfab\/\",\"https:\/\/x.com\/bitfab_io\",\"https:\/\/instagram.com\/bitfab\",\"https:\/\/www.linkedin.com\/company\/bitfab\",\"https:\/\/www.pinterest.es\/bitfab\/\",\"https:\/\/www.youtube.com\/channel\/UCZgATY_8YVx3ndFrNgyfyWg\/\"]}]}<\/script>\n<!-- \/ Yoast SEO plugin. -->","yoast_head_json":{"title":"Acabado de las piezas de impresi\u00f3n 3D FDM - Bitfab","robots":{"index":"index","follow":"follow","max-snippet":"max-snippet:-1","max-image-preview":"max-image-preview:large","max-video-preview":"max-video-preview:-1"},"canonical":"https:\/\/bitfab.io\/es\/acabado-impresion-3d-fdm\/","og_locale":"es_ES","og_type":"article","og_title":"Acabado de las piezas de impresi\u00f3n 3D FDM - Bitfab","og_description":"[vc_row][vc_column][vc_column_text]La tecnolog\u00eda de impresi\u00f3n 3D FFF (Fused Filament Deposition) es capaz de producir prototipos y series cortas con muchas ventajas: variedad de geometr\u00edas, plazos de entrega, costes&#8230; Por la forma en la que se fabrican las piezas, capa a capa, la superficie de las mismas presenta un acabado a rayas que depende de la altura ... Read more","og_url":"https:\/\/bitfab.io\/es\/acabado-impresion-3d-fdm\/","og_site_name":"Bitfab","article_publisher":"https:\/\/facebook.com\/bitfab\/","article_modified_time":"2019-03-06T18:17:06+00:00","twitter_card":"summary_large_image","twitter_site":"@bitfab_io","twitter_misc":{"Tiempo de lectura":"3 minutos"},"schema":{"@context":"https:\/\/schema.org","@graph":[{"@type":"WebPage","@id":"https:\/\/bitfab.io\/es\/acabado-impresion-3d-fdm\/","url":"https:\/\/bitfab.io\/es\/acabado-impresion-3d-fdm\/","name":"Acabado de las piezas de impresi\u00f3n 3D FDM - Bitfab","isPartOf":{"@id":"https:\/\/bitfab.io\/es\/#website"},"datePublished":"2018-04-22T10:16:08+00:00","dateModified":"2019-03-06T18:17:06+00:00","breadcrumb":{"@id":"https:\/\/bitfab.io\/es\/acabado-impresion-3d-fdm\/#breadcrumb"},"inLanguage":"es","potentialAction":[{"@type":"ReadAction","target":["https:\/\/bitfab.io\/es\/acabado-impresion-3d-fdm\/"]}]},{"@type":"BreadcrumbList","@id":"https:\/\/bitfab.io\/es\/acabado-impresion-3d-fdm\/#breadcrumb","itemListElement":[{"@type":"ListItem","position":1,"name":"Bitfab","item":"https:\/\/bitfab.io\/es\/"},{"@type":"ListItem","position":2,"name":"Acabado de las piezas de impresi\u00f3n 3D FDM"}]},{"@type":"WebSite","@id":"https:\/\/bitfab.io\/es\/#website","url":"https:\/\/bitfab.io\/es\/","name":"Bitfab","description":"Servicio de impresi\u00f3n 3D","publisher":{"@id":"https:\/\/bitfab.io\/es\/#organization"},"potentialAction":[{"@type":"SearchAction","target":{"@type":"EntryPoint","urlTemplate":"https:\/\/bitfab.io\/es\/?s={search_term_string}"},"query-input":{"@type":"PropertyValueSpecification","valueRequired":true,"valueName":"search_term_string"}}],"inLanguage":"es"},{"@type":"Organization","@id":"https:\/\/bitfab.io\/es\/#organization","name":"Bitfab","url":"https:\/\/bitfab.io\/es\/","logo":{"@type":"ImageObject","inLanguage":"es","@id":"https:\/\/bitfab.io\/es\/#\/schema\/logo\/image\/","url":"https:\/\/bitfab.io\/wp-content\/uploads\/2017\/12\/rectangle_1000x500_with_background.png","contentUrl":"https:\/\/bitfab.io\/wp-content\/uploads\/2017\/12\/rectangle_1000x500_with_background.png","width":1000,"height":500,"caption":"Bitfab"},"image":{"@id":"https:\/\/bitfab.io\/es\/#\/schema\/logo\/image\/"},"sameAs":["https:\/\/facebook.com\/bitfab\/","https:\/\/x.com\/bitfab_io","https:\/\/instagram.com\/bitfab","https:\/\/www.linkedin.com\/company\/bitfab","https:\/\/www.pinterest.es\/bitfab\/","https:\/\/www.youtube.com\/channel\/UCZgATY_8YVx3ndFrNgyfyWg\/"]}]}},"uagb_featured_image_src":{"full":false,"thumbnail":false,"medium":false,"medium_large":false,"large":false,"1536x1536":false,"2048x2048":false,"woocommerce_thumbnail":false,"woocommerce_single":false,"woocommerce_gallery_thumbnail":false},"uagb_author_info":{"display_name":"Diego Trapero","author_link":"https:\/\/bitfab.io\/es\/blog\/author\/diegotrap\/"},"uagb_comment_info":0,"uagb_excerpt":"[vc_row][vc_column][vc_column_text]La tecnolog\u00eda de impresi\u00f3n 3D FFF (Fused Filament Deposition) es capaz de producir prototipos y series cortas con muchas ventajas: variedad de geometr\u00edas, plazos de entrega, costes&#8230; Por la forma en la que se fabrican las piezas, capa a capa, la superficie de las mismas presenta un acabado a rayas que depende de la altura&hellip;","_links":{"self":[{"href":"https:\/\/bitfab.io\/es\/wp-json\/wp\/v2\/pages\/4044"}],"collection":[{"href":"https:\/\/bitfab.io\/es\/wp-json\/wp\/v2\/pages"}],"about":[{"href":"https:\/\/bitfab.io\/es\/wp-json\/wp\/v2\/types\/page"}],"author":[{"embeddable":true,"href":"https:\/\/bitfab.io\/es\/wp-json\/wp\/v2\/users\/1"}],"replies":[{"embeddable":true,"href":"https:\/\/bitfab.io\/es\/wp-json\/wp\/v2\/comments?post=4044"}],"version-history":[{"count":1,"href":"https:\/\/bitfab.io\/es\/wp-json\/wp\/v2\/pages\/4044\/revisions"}],"predecessor-version":[{"id":5668,"href":"https:\/\/bitfab.io\/es\/wp-json\/wp\/v2\/pages\/4044\/revisions\/5668"}],"wp:attachment":[{"href":"https:\/\/bitfab.io\/es\/wp-json\/wp\/v2\/media?parent=4044"}],"curies":[{"name":"wp","href":"https:\/\/api.w.org\/{rel}","templated":true}]}}