{"id":3972,"date":"2017-12-28T21:13:43","date_gmt":"2017-12-28T20:13:43","guid":{"rendered":"http:\/\/bitfab.io\/?page_id=3972"},"modified":"2019-03-06T18:22:17","modified_gmt":"2019-03-06T18:22:17","slug":"colores-de-impresion-3d-fdm","status":"publish","type":"page","link":"https:\/\/bitfab.io\/es\/colores-de-impresion-3d-fdm\/","title":{"rendered":"Colores de impresi\u00f3n 3D FDM"},"content":{"rendered":"<section class=\"wpb-content-wrapper\"><p>[vc_row][vc_column][vc_column_text]En Bitfab tenemos 8 colores est\u00e1ndar siempre en stock para podernos poner a trabajar en tu pedido en\u00a0en el mismo d\u00eda que lo recibamos: negro, blanco, gris, azul, rojo, naranja, amarillo y verde.<\/p>\n<p>A continuaci\u00f3n puedes ver im\u00e1genes de todos los tonos que usamos por defecto. Las im\u00e1genes se corresponden con las bobinas que usamos en Bitfab, pero la percepci\u00f3n del tono puede diferir ligeramente de la imagen en pantalla a la pieza f\u00edsica.<\/p>\n<p><strong>\u00bfNecesitas otros colores?<\/strong> Disponemos de m\u00e1s tonos bajo pedido, la \u00fanica diferencia es que tardaremos 24-48 horas en empezar a trabajar en tu proyecto.[\/vc_column_text][\/vc_column][\/vc_row][vc_row][vc_column width=&#8221;1\/4&#8243;][vc_single_image image=&#8221;3733&#8243; img_size=&#8221;full&#8221; alignment=&#8221;center&#8221;][\/vc_column][vc_column width=&#8221;1\/4&#8243;][vc_single_image image=&#8221;5388&#8243; img_size=&#8221;full&#8221; alignment=&#8221;center&#8221;][vc_single_image image=&#8221;3740&#8243; img_size=&#8221;full&#8221; alignment=&#8221;center&#8221;][\/vc_column][vc_column width=&#8221;1\/4&#8243;][vc_single_image image=&#8221;3731&#8243; img_size=&#8221;full&#8221; alignment=&#8221;center&#8221;][\/vc_column][vc_column width=&#8221;1\/4&#8243;][vc_single_image image=&#8221;3734&#8243; img_size=&#8221;full&#8221; alignment=&#8221;center&#8221;][\/vc_column][\/vc_row][vc_row][vc_column width=&#8221;1\/4&#8243;][vc_single_image image=&#8221;3735&#8243; img_size=&#8221;full&#8221; alignment=&#8221;center&#8221;][\/vc_column][vc_column width=&#8221;1\/4&#8243;][vc_single_image image=&#8221;3736&#8243; img_size=&#8221;full&#8221; alignment=&#8221;center&#8221;][\/vc_column][vc_column width=&#8221;1\/4&#8243;][vc_single_image image=&#8221;3738&#8243; img_size=&#8221;full&#8221; alignment=&#8221;center&#8221;][\/vc_column][vc_column width=&#8221;1\/4&#8243;][vc_single_image image=&#8221;3739&#8243; img_size=&#8221;full&#8221; alignment=&#8221;center&#8221;][\/vc_column][\/vc_row][vc_row][vc_column width=&#8221;1\/3&#8243;][vc_empty_space][vc_single_image image=&#8221;4625&#8243; img_size=&#8221;medium&#8221; alignment=&#8221;center&#8221;][\/vc_column][vc_column width=&#8221;2\/3&#8243;][vc_custom_heading text=&#8221;Color Vertigo Grey de Fillamentum&#8221; font_container=&#8221;tag:h3|font_size:18px|text_align:left&#8221; google_fonts=&#8221;font_family:Raleway%3A100%2C200%2C300%2Cregular%2C500%2C600%2C700%2C800%2C900|font_style:700%20bold%20regular%3A700%3Anormal&#8221;][vc_column_text]\u00bfQuieres que tus piezas impresas con tecnolog\u00eda de filamento queden perfectas? En Bitfab puedes elegir el color Vertigo Grey del fabricante Fillamentum, un gris metalizado muy popular porque oculta las capas y marcas de impresi\u00f3n 3D.<\/p>\n<p>Recomendamos V\u00e9rtigo Grey para proyectos en los que el acabado sea importante y productos finales: carcasas, componentes de productos, paneles&#8230; Puedes pedirlo sin coste extra en tus proyectos de impresi\u00f3n 3D.[\/vc_column_text][\/vc_column][\/vc_row][vc_row][vc_column][vc_column_text]<\/p>\n<h2>Disponibilidad de colores por material<\/h2>\n<p>Dependiendo del material de impresi\u00f3n la gama de colores disponibles es diferente:<\/p>\n<ul>\n<li><strong>PLA:<\/strong> negro, blanco, gris, azul, rojo, naranja, amarillo, verde.<\/li>\n<li><strong>PETG<\/strong>: negro, blanco.<\/li>\n<\/ul>\n<p>[\/vc_column_text][\/vc_column][\/vc_row][vc_row][vc_column][vc_column_text]<\/p>\n<h2>Colores y filamento de primera calidad<\/h2>\n<p>[\/vc_column_text][vc_row_inner][vc_column_inner width=&#8221;1\/2&#8243;][vc_single_image image=&#8221;3980&#8243; img_size=&#8221;medium&#8221; alignment=&#8221;center&#8221;][\/vc_column_inner][vc_column_inner width=&#8221;1\/2&#8243;][vc_column_text]La mayor\u00eda de nuestros pedidos se realizan con filamento del fabricante espa\u00f1ol <a href=\"http:\/\/smartmaterials3d.com\/\">Smart Materials 3D<\/a>. Esto nos permite garantizar la calidad y consistencia tanto de los materiales como de los colores hoy y en pedidos futuros.<\/p>\n<p>Adem\u00e1s, nos da acceso a una amplia gama de materiales y de colores que est\u00e1 disponible para los trabajos de nuestros clientes, tanto en nuestras soluciones por defecto como en proyectos especiales.[\/vc_column_text][\/vc_column_inner][\/vc_row_inner][vc_row_inner][vc_column_inner width=&#8221;1\/2&#8243;][vc_single_image image=&#8221;4594&#8243; img_size=&#8221;medium&#8221; alignment=&#8221;center&#8221;][\/vc_column_inner][vc_column_inner width=&#8221;1\/2&#8243;][vc_column_text]Tambi\u00e9n contamos con el material premium del fabricante\u00a0europeo <a href=\"https:\/\/fillamentum.com\/\">Fillamentum<\/a>, para poder ofrecer materiales como ASA y colores como el V\u00e9rtigo Grey.[\/vc_column_text][\/vc_column_inner][\/vc_row_inner][\/vc_column][\/vc_row]<\/p>\n<\/section>","protected":false},"excerpt":{"rendered":"<p>[vc_row][vc_column][vc_column_text]En Bitfab tenemos 8 colores est\u00e1ndar siempre en stock para podernos poner a trabajar en tu pedido en\u00a0en el mismo d\u00eda que lo recibamos: negro, blanco, gris, azul, rojo, naranja, amarillo y verde. A continuaci\u00f3n puedes ver im\u00e1genes de todos los tonos que usamos por defecto. Las im\u00e1genes se corresponden con las bobinas que usamos &#8230; <a title=\"Colores de impresi\u00f3n 3D FDM\" class=\"read-more\" href=\"https:\/\/bitfab.io\/es\/colores-de-impresion-3d-fdm\/\" aria-label=\"Leer m\u00e1s sobre Colores de impresi\u00f3n 3D FDM\">Read more<\/a><\/p>\n","protected":false},"author":1,"featured_media":0,"parent":0,"menu_order":0,"comment_status":"closed","ping_status":"closed","template":"","meta":{"_uag_custom_page_level_css":"","footnotes":""},"class_list":["post-3972","page","type-page","status-publish"],"yoast_head":"<!-- This site is optimized with the Yoast SEO plugin v23.6 - https:\/\/yoast.com\/wordpress\/plugins\/seo\/ -->\n<title>Colores disponibles para impresi\u00f3n 3D - Bitfab<\/title>\n<meta name=\"description\" content=\"En Bitfab tenemos 8 colores est\u00e1ndar con los que podemos empezar a trabajar en el mismo d\u00eda en el que se formaliza tu pedido. \u00bfNecesitas otros colores? Disponemos de m\u00e1s tonos bajo pedido, la \u00fanica diferencia es que tardaremos 24-48 horas en empezar a trabajar en tu proyecto.\" \/>\n<meta name=\"robots\" content=\"index, follow, max-snippet:-1, max-image-preview:large, max-video-preview:-1\" \/>\n<link rel=\"canonical\" href=\"https:\/\/bitfab.io\/es\/colores-de-impresion-3d-fdm\/\" \/>\n<meta property=\"og:locale\" content=\"es_ES\" \/>\n<meta property=\"og:type\" content=\"article\" \/>\n<meta property=\"og:title\" content=\"Colores disponibles para impresi\u00f3n 3D - Bitfab\" \/>\n<meta property=\"og:description\" content=\"En Bitfab tenemos 8 colores est\u00e1ndar con los que podemos empezar a trabajar en el mismo d\u00eda en el que se formaliza tu pedido. \u00bfNecesitas otros colores? Disponemos de m\u00e1s tonos bajo pedido, la \u00fanica diferencia es que tardaremos 24-48 horas en empezar a trabajar en tu proyecto.\" \/>\n<meta property=\"og:url\" content=\"https:\/\/bitfab.io\/es\/colores-de-impresion-3d-fdm\/\" \/>\n<meta property=\"og:site_name\" content=\"Bitfab\" \/>\n<meta property=\"article:publisher\" content=\"https:\/\/facebook.com\/bitfab\/\" \/>\n<meta property=\"article:modified_time\" content=\"2019-03-06T18:22:17+00:00\" \/>\n<meta name=\"twitter:card\" content=\"summary_large_image\" \/>\n<meta name=\"twitter:site\" content=\"@bitfab_io\" \/>\n<meta name=\"twitter:label1\" content=\"Tiempo de lectura\" \/>\n\t<meta name=\"twitter:data1\" content=\"3 minutos\" \/>\n<script type=\"application\/ld+json\" class=\"yoast-schema-graph\">{\"@context\":\"https:\/\/schema.org\",\"@graph\":[{\"@type\":\"WebPage\",\"@id\":\"https:\/\/bitfab.io\/es\/colores-de-impresion-3d-fdm\/\",\"url\":\"https:\/\/bitfab.io\/es\/colores-de-impresion-3d-fdm\/\",\"name\":\"Colores disponibles para impresi\u00f3n 3D - Bitfab\",\"isPartOf\":{\"@id\":\"https:\/\/bitfab.io\/es\/#website\"},\"datePublished\":\"2017-12-28T20:13:43+00:00\",\"dateModified\":\"2019-03-06T18:22:17+00:00\",\"description\":\"En Bitfab tenemos 8 colores est\u00e1ndar con los que podemos empezar a trabajar en el mismo d\u00eda en el que se formaliza tu pedido. \u00bfNecesitas otros colores? Disponemos de m\u00e1s tonos bajo pedido, la \u00fanica diferencia es que tardaremos 24-48 horas en empezar a trabajar en tu proyecto.\",\"breadcrumb\":{\"@id\":\"https:\/\/bitfab.io\/es\/colores-de-impresion-3d-fdm\/#breadcrumb\"},\"inLanguage\":\"es\",\"potentialAction\":[{\"@type\":\"ReadAction\",\"target\":[\"https:\/\/bitfab.io\/es\/colores-de-impresion-3d-fdm\/\"]}]},{\"@type\":\"BreadcrumbList\",\"@id\":\"https:\/\/bitfab.io\/es\/colores-de-impresion-3d-fdm\/#breadcrumb\",\"itemListElement\":[{\"@type\":\"ListItem\",\"position\":1,\"name\":\"Bitfab\",\"item\":\"https:\/\/bitfab.io\/es\/\"},{\"@type\":\"ListItem\",\"position\":2,\"name\":\"Colores de impresi\u00f3n 3D FDM\"}]},{\"@type\":\"WebSite\",\"@id\":\"https:\/\/bitfab.io\/es\/#website\",\"url\":\"https:\/\/bitfab.io\/es\/\",\"name\":\"Bitfab\",\"description\":\"Servicio de impresi\u00f3n 3D\",\"publisher\":{\"@id\":\"https:\/\/bitfab.io\/es\/#organization\"},\"potentialAction\":[{\"@type\":\"SearchAction\",\"target\":{\"@type\":\"EntryPoint\",\"urlTemplate\":\"https:\/\/bitfab.io\/es\/?s={search_term_string}\"},\"query-input\":{\"@type\":\"PropertyValueSpecification\",\"valueRequired\":true,\"valueName\":\"search_term_string\"}}],\"inLanguage\":\"es\"},{\"@type\":\"Organization\",\"@id\":\"https:\/\/bitfab.io\/es\/#organization\",\"name\":\"Bitfab\",\"url\":\"https:\/\/bitfab.io\/es\/\",\"logo\":{\"@type\":\"ImageObject\",\"inLanguage\":\"es\",\"@id\":\"https:\/\/bitfab.io\/es\/#\/schema\/logo\/image\/\",\"url\":\"https:\/\/bitfab.io\/wp-content\/uploads\/2017\/12\/rectangle_1000x500_with_background.png\",\"contentUrl\":\"https:\/\/bitfab.io\/wp-content\/uploads\/2017\/12\/rectangle_1000x500_with_background.png\",\"width\":1000,\"height\":500,\"caption\":\"Bitfab\"},\"image\":{\"@id\":\"https:\/\/bitfab.io\/es\/#\/schema\/logo\/image\/\"},\"sameAs\":[\"https:\/\/facebook.com\/bitfab\/\",\"https:\/\/x.com\/bitfab_io\",\"https:\/\/instagram.com\/bitfab\",\"https:\/\/www.linkedin.com\/company\/bitfab\",\"https:\/\/www.pinterest.es\/bitfab\/\",\"https:\/\/www.youtube.com\/channel\/UCZgATY_8YVx3ndFrNgyfyWg\/\"]}]}<\/script>\n<!-- \/ Yoast SEO plugin. -->","yoast_head_json":{"title":"Colores disponibles para impresi\u00f3n 3D - Bitfab","description":"En Bitfab tenemos 8 colores est\u00e1ndar con los que podemos empezar a trabajar en el mismo d\u00eda en el que se formaliza tu pedido. \u00bfNecesitas otros colores? Disponemos de m\u00e1s tonos bajo pedido, la \u00fanica diferencia es que tardaremos 24-48 horas en empezar a trabajar en tu proyecto.","robots":{"index":"index","follow":"follow","max-snippet":"max-snippet:-1","max-image-preview":"max-image-preview:large","max-video-preview":"max-video-preview:-1"},"canonical":"https:\/\/bitfab.io\/es\/colores-de-impresion-3d-fdm\/","og_locale":"es_ES","og_type":"article","og_title":"Colores disponibles para impresi\u00f3n 3D - Bitfab","og_description":"En Bitfab tenemos 8 colores est\u00e1ndar con los que podemos empezar a trabajar en el mismo d\u00eda en el que se formaliza tu pedido. \u00bfNecesitas otros colores? Disponemos de m\u00e1s tonos bajo pedido, la \u00fanica diferencia es que tardaremos 24-48 horas en empezar a trabajar en tu proyecto.","og_url":"https:\/\/bitfab.io\/es\/colores-de-impresion-3d-fdm\/","og_site_name":"Bitfab","article_publisher":"https:\/\/facebook.com\/bitfab\/","article_modified_time":"2019-03-06T18:22:17+00:00","twitter_card":"summary_large_image","twitter_site":"@bitfab_io","twitter_misc":{"Tiempo de lectura":"3 minutos"},"schema":{"@context":"https:\/\/schema.org","@graph":[{"@type":"WebPage","@id":"https:\/\/bitfab.io\/es\/colores-de-impresion-3d-fdm\/","url":"https:\/\/bitfab.io\/es\/colores-de-impresion-3d-fdm\/","name":"Colores disponibles para impresi\u00f3n 3D - Bitfab","isPartOf":{"@id":"https:\/\/bitfab.io\/es\/#website"},"datePublished":"2017-12-28T20:13:43+00:00","dateModified":"2019-03-06T18:22:17+00:00","description":"En Bitfab tenemos 8 colores est\u00e1ndar con los que podemos empezar a trabajar en el mismo d\u00eda en el que se formaliza tu pedido. \u00bfNecesitas otros colores? Disponemos de m\u00e1s tonos bajo pedido, la \u00fanica diferencia es que tardaremos 24-48 horas en empezar a trabajar en tu proyecto.","breadcrumb":{"@id":"https:\/\/bitfab.io\/es\/colores-de-impresion-3d-fdm\/#breadcrumb"},"inLanguage":"es","potentialAction":[{"@type":"ReadAction","target":["https:\/\/bitfab.io\/es\/colores-de-impresion-3d-fdm\/"]}]},{"@type":"BreadcrumbList","@id":"https:\/\/bitfab.io\/es\/colores-de-impresion-3d-fdm\/#breadcrumb","itemListElement":[{"@type":"ListItem","position":1,"name":"Bitfab","item":"https:\/\/bitfab.io\/es\/"},{"@type":"ListItem","position":2,"name":"Colores de impresi\u00f3n 3D FDM"}]},{"@type":"WebSite","@id":"https:\/\/bitfab.io\/es\/#website","url":"https:\/\/bitfab.io\/es\/","name":"Bitfab","description":"Servicio de impresi\u00f3n 3D","publisher":{"@id":"https:\/\/bitfab.io\/es\/#organization"},"potentialAction":[{"@type":"SearchAction","target":{"@type":"EntryPoint","urlTemplate":"https:\/\/bitfab.io\/es\/?s={search_term_string}"},"query-input":{"@type":"PropertyValueSpecification","valueRequired":true,"valueName":"search_term_string"}}],"inLanguage":"es"},{"@type":"Organization","@id":"https:\/\/bitfab.io\/es\/#organization","name":"Bitfab","url":"https:\/\/bitfab.io\/es\/","logo":{"@type":"ImageObject","inLanguage":"es","@id":"https:\/\/bitfab.io\/es\/#\/schema\/logo\/image\/","url":"https:\/\/bitfab.io\/wp-content\/uploads\/2017\/12\/rectangle_1000x500_with_background.png","contentUrl":"https:\/\/bitfab.io\/wp-content\/uploads\/2017\/12\/rectangle_1000x500_with_background.png","width":1000,"height":500,"caption":"Bitfab"},"image":{"@id":"https:\/\/bitfab.io\/es\/#\/schema\/logo\/image\/"},"sameAs":["https:\/\/facebook.com\/bitfab\/","https:\/\/x.com\/bitfab_io","https:\/\/instagram.com\/bitfab","https:\/\/www.linkedin.com\/company\/bitfab","https:\/\/www.pinterest.es\/bitfab\/","https:\/\/www.youtube.com\/channel\/UCZgATY_8YVx3ndFrNgyfyWg\/"]}]}},"uagb_featured_image_src":{"full":false,"thumbnail":false,"medium":false,"medium_large":false,"large":false,"1536x1536":false,"2048x2048":false,"woocommerce_thumbnail":false,"woocommerce_single":false,"woocommerce_gallery_thumbnail":false},"uagb_author_info":{"display_name":"Diego Trapero","author_link":"https:\/\/bitfab.io\/es\/blog\/author\/diegotrap\/"},"uagb_comment_info":0,"uagb_excerpt":"[vc_row][vc_column][vc_column_text]En Bitfab tenemos 8 colores est\u00e1ndar siempre en stock para podernos poner a trabajar en tu pedido en\u00a0en el mismo d\u00eda que lo recibamos: negro, blanco, gris, azul, rojo, naranja, amarillo y verde. A continuaci\u00f3n puedes ver im\u00e1genes de todos los tonos que usamos por defecto. Las im\u00e1genes se corresponden con las bobinas que usamos&hellip;","_links":{"self":[{"href":"https:\/\/bitfab.io\/es\/wp-json\/wp\/v2\/pages\/3972"}],"collection":[{"href":"https:\/\/bitfab.io\/es\/wp-json\/wp\/v2\/pages"}],"about":[{"href":"https:\/\/bitfab.io\/es\/wp-json\/wp\/v2\/types\/page"}],"author":[{"embeddable":true,"href":"https:\/\/bitfab.io\/es\/wp-json\/wp\/v2\/users\/1"}],"replies":[{"embeddable":true,"href":"https:\/\/bitfab.io\/es\/wp-json\/wp\/v2\/comments?post=3972"}],"version-history":[{"count":3,"href":"https:\/\/bitfab.io\/es\/wp-json\/wp\/v2\/pages\/3972\/revisions"}],"predecessor-version":[{"id":5670,"href":"https:\/\/bitfab.io\/es\/wp-json\/wp\/v2\/pages\/3972\/revisions\/5670"}],"wp:attachment":[{"href":"https:\/\/bitfab.io\/es\/wp-json\/wp\/v2\/media?parent=3972"}],"curies":[{"name":"wp","href":"https:\/\/api.w.org\/{rel}","templated":true}]}}