{"id":3890,"date":"2017-12-08T19:57:30","date_gmt":"2017-12-08T18:57:30","guid":{"rendered":"http:\/\/bitfab.io\/?page_id=3890"},"modified":"2019-04-16T16:25:54","modified_gmt":"2019-04-16T16:25:54","slug":"servicio-de-impresion-3d-en-madrid","status":"publish","type":"page","link":"https:\/\/bitfab.io\/es\/servicio-de-impresion-3d-en-madrid\/","title":{"rendered":"Servicio de impresi\u00f3n 3D en Madrid"},"content":{"rendered":"<section class=\"wpb-content-wrapper\"><p>[vc_row full_width=&#8221;stretch_row&#8221; bg_type=&#8221;color&#8221; bg_color=&#8221;#ececec&#8221; css=&#8221;.vc_custom_1551812254963{margin-top: -50px !important;background-color: #ececec !important;}&#8221;][vc_column][vc_column_text]<\/p>\n<h1 class=\"ttbase-heading ttbase-heading-none text-align-center \" style=\"text-align: center;\">Servicio de impresi\u00f3n 3D en Madrid<\/h1>\n<h3 style=\"text-align: center;\">Disfruta de las ventajas de un servicio de impresi\u00f3n 3D local en Madrid<\/h3>\n<p>[\/vc_column_text][vc_row_inner][vc_column_inner width=&#8221;1\/3&#8243;][vc_single_image image=&#8221;5378&#8243; alignment=&#8221;center&#8221;][vc_column_text]<\/p>\n<h3 style=\"text-align: center;\"><strong>Impresi\u00f3n 3D profesional<\/strong><\/h3>\n<p>Usamos tecnolog\u00eda de impresi\u00f3n 3D FDM (extrusi\u00f3n de pl\u00e1stico) y SLA\/DLP (resina) para imprimir tus piezas localmente en Madrid. Variedad de materiales y colores.[\/vc_column_text][\/vc_column_inner][vc_column_inner width=&#8221;1\/3&#8243;][vc_single_image image=&#8221;5362&#8243; alignment=&#8221;center&#8221;][vc_column_text]<\/p>\n<h3 style=\"text-align: center;\"><strong>Asesor\u00eda gratuita<\/strong><\/h3>\n<p>Asesor\u00eda t\u00e9cnica gratuita para preparar tu pedido antes de la impresi\u00f3n, desde el momento que contactas con nosotros por primera vez.[\/vc_column_text][\/vc_column_inner][vc_column_inner width=&#8221;1\/3&#8243;][vc_single_image image=&#8221;5634&#8243; alignment=&#8221;center&#8221;][vc_column_text]<\/p>\n<h3 style=\"text-align: center;\"><strong>Oficinas en Madrid<\/strong><\/h3>\n<p>Un servicio de impresi\u00f3n 3D local con las ventajas que conlleva: cercan\u00eda, trato y posibilidad de recoger las piezas en nuestras oficinas de Madrid.[\/vc_column_text][\/vc_column_inner][\/vc_row_inner][vc_column_text]<center><a class=\"typeform-share button\" href=\"https:\/\/bitfab.typeform.com\/to\/Twe4xh\" data-mode=\"drawer_right\" style=\"display:inline-block;text-decoration:none;background-color:#ec4a42;color:white;cursor:pointer;font-family:Helvetica,Arial,sans-serif;font-size:20px;line-height:40px;text-align:center;margin:0;height:40px;padding:0px 26px;border-radius:6px;max-width:100%;white-space:nowrap;overflow:hidden;text-overflow:ellipsis;font-weight:bold;-webkit-font-smoothing:antialiased;-moz-osx-font-smoothing:grayscale;\" target=\"_blank\" rel=\"noopener noreferrer\">Pedir presupuesto <\/a> <script> (function() { var qs,js,q,s,d=document, gi=d.getElementById, ce=d.createElement, gt=d.getElementsByTagName, id=\"typef_orm_share\", b=\"https:\/\/embed.typeform.com\/\"; if(!gi.call(d,id)){ js=ce.call(d,\"script\"); js.id=id; js.src=b+\"embed.js\"; q=gt.call(d,\"script\")[0]; q.parentNode.insertBefore(js,q) } })() <\/script><\/center>[\/vc_column_text][\/vc_column][\/vc_row][vc_row css=&#8221;.vc_custom_1551812313089{margin-top: 30px !important;}&#8221;][vc_column][vc_column_text]<\/p>\n<h2 class=\"ttbase-heading ttbase-heading-none text-align-center \" style=\"text-align: center;\">Nuestras tecnolog\u00edas de impresi\u00f3n 3D<\/h2>\n<h3 class=\"intro text-center\" style=\"text-align: center;\">Nuestro servicio de impresi\u00f3n en Madrid dispone de tecnolog\u00edas FDM y SLA<\/h3>\n<p>[\/vc_column_text][vc_row_inner][vc_column_inner width=&#8221;1\/2&#8243;][vc_single_image image=&#8221;5446&#8243; img_size=&#8221;medium&#8221; alignment=&#8221;center&#8221;][vc_column_text]<\/p>\n<h3 style=\"text-align: center;\"><strong>Impresi\u00f3n 3D FDM<\/strong><\/h3>\n<p>La tecnolog\u00eda FDM es la t\u00e9cnica de impresi\u00f3n 3D m\u00e1s extendida y econ\u00f3mica para fabricar tus piezas.<\/p>\n<p>Permite fabricar prototipos, piezas funcionales y series cortas como ninguna otra t\u00e9cnica de fabricaci\u00f3n tradicional y en una gran variedad de materiales termopl\u00e1sticos y colores.[\/vc_column_text][\/vc_column_inner][vc_column_inner width=&#8221;1\/2&#8243;][vc_single_image image=&#8221;5447&#8243; img_size=&#8221;medium&#8221; alignment=&#8221;center&#8221;][vc_column_text]<\/p>\n<h3 style=\"text-align: center;\"><strong>Impresi\u00f3n 3D en resina<\/strong><\/h3>\n<p>La impresi\u00f3n 3D en resina, conocida por el nombre de las tecnolog\u00edas SLA y DLP, es un tipo de impresi\u00f3n 3D de alta definici\u00f3n.<\/p>\n<p>Fabrica piezas con la mejor resoluci\u00f3n y tolerancia con resina. La tecnolog\u00eda SLA\/DLP es usada en las industrias de joyer\u00eda, dental, prototipado&#8230;[\/vc_column_text][\/vc_column_inner][\/vc_row_inner][\/vc_column][\/vc_row][vc_row css=&#8221;.vc_custom_1551812346472{margin-top: 60px !important;}&#8221;][vc_column][vc_column_text]<\/p>\n<h2 style=\"text-align: center;\"><strong>\u00bfEn qu\u00e9 podemos ayudarte?<\/strong><\/h2>\n<h3 style=\"text-align: center;\">Te ofrecemos nuestro equipamiento y experiencia para materializar tus piezas y proyectos en 3D<\/h3>\n<p>[\/vc_column_text][vc_row_inner][vc_column_inner width=&#8221;1\/2&#8243;][vc_icon icon_fontawesome=&#8221;fa fa-print&#8221; color=&#8221;custom&#8221; size=&#8221;xl&#8221; align=&#8221;center&#8221; custom_color=&#8221;#919191&#8243;][vc_column_text]<\/p>\n<h3 style=\"text-align: center;\"><strong>Servicio de impresi\u00f3n 3D<\/strong><\/h3>\n<p>Usa nuestro servicio de impresi\u00f3n 3D para obtener presupuestos r\u00e1pidos para imprimir tus modelos.<\/p>\n<p>Ponte en contacto con nosotros si tu pedido requiere tecnolog\u00edas, materiales o necesidades especiales que no est\u00e9n reflejadas en nuestra web.[\/vc_column_text][\/vc_column_inner][vc_column_inner width=&#8221;1\/2&#8243;][vc_icon icon_fontawesome=&#8221;fa fa-lightbulb-o&#8221; color=&#8221;custom&#8221; size=&#8221;xl&#8221; align=&#8221;center&#8221; custom_color=&#8221;#919191&#8243;][vc_column_text]<\/p>\n<h3 style=\"text-align: center;\"><strong>Consultor\u00eda y dise\u00f1o 3D<\/strong><\/h3>\n<p>\u00bfNecesitas ayuda para llevar a cabo un proyecto 3D? \u00bfTienes una idea de negocio relacionada con la impresi\u00f3n 3D?<\/p>\n<p>Podemos ayudarte a materializar tus proyectos mediante nuestra experiencia de dise\u00f1o y fabricaci\u00f3n 3D.[\/vc_column_text][\/vc_column_inner][\/vc_row_inner][\/vc_column][\/vc_row][vc_row css=&#8221;.vc_custom_1551812360350{margin-top: 60px !important;}&#8221;][vc_column][vc_column_text]<\/p>\n<h2 class=\"ttbase-heading ttbase-heading-none text-align-center \" style=\"text-align: center;\">Env\u00edos y recogidas express del servicio de impresi\u00f3n 3D en Madrid<\/h2>\n<h3 class=\"intro text-center\" style=\"text-align: center;\">\u00bfTienes prisa? Podemos hacer env\u00edos y recogidas en el d\u00eda en Madrid (pedidos de m\u00e1s de 100\u20ac)<\/h3>\n<p>[\/vc_column_text][vc_row_inner][vc_column_inner width=&#8221;1\/2&#8243;][vc_single_image image=&#8221;5419&#8243; img_size=&#8221;medium&#8221; alignment=&#8221;center&#8221;][vc_column_text]<\/p>\n<h3><strong>Env\u00edo en el d\u00eda<\/strong><\/h3>\n<p>Env\u00edo con mensajero de Glovo en el d\u00eda que acabe la impresi\u00f3n, en tu direcci\u00f3n s\u00f3lo unas horas despu\u00e9s de salir de la m\u00e1quina.[\/vc_column_text][\/vc_column_inner][vc_column_inner width=&#8221;1\/2&#8243;][vc_single_image image=&#8221;5639&#8243; img_size=&#8221;medium&#8221; alignment=&#8221;center&#8221;][vc_column_text]<\/p>\n<h3><strong>Recogida local<\/strong><\/h3>\n<p>Recogida en local. Ahorra gastos de env\u00edo y acorta los plazos en pedidos urgentes.[\/vc_column_text][\/vc_column_inner][\/vc_row_inner][\/vc_column][\/vc_row][vc_row css=&#8221;.vc_custom_1551812369976{margin-top: 60px !important;}&#8221;][vc_column][vc_column_text]<\/p>\n<h2 class=\"ttbase-heading ttbase-heading-none text-align-center \" style=\"text-align: center;\">\u00bfD\u00f3nde estamos?<\/h2>\n<p>[\/vc_column_text][vc_row_inner][vc_column_inner width=&#8221;1\/2&#8243;][vc_single_image image=&#8221;5699&#8243; img_size=&#8221;full&#8221;][\/vc_column_inner][vc_column_inner width=&#8221;1\/2&#8243;][vc_column_text]<\/p>\n<h3><strong>Nuestra oficina en Madrid<\/strong><\/h3>\n<p>C\/ Villablanca 85, Oficina 104<br \/>\n28032 Madrid<\/p>\n<p>&nbsp;<\/p>\n<h3><strong>Contactar con nosotros<\/strong><\/h3>\n<p><a class=\"typeform-share button\" href=\"https:\/\/bitfab.typeform.com\/to\/Twe4xh\" data-mode=\"drawer_right\" style=\"display:inline-block;text-decoration:none;background-color:#ec4a42;color:white;cursor:pointer;font-family:Helvetica,Arial,sans-serif;font-size:16px;line-height:40px;text-align:center;margin:0;height:40px;padding:0px 26px;border-radius:6px;max-width:100%;white-space:nowrap;overflow:hidden;text-overflow:ellipsis;font-weight:bold;-webkit-font-smoothing:antialiased;-moz-osx-font-smoothing:grayscale;\" target=\"_blank\" rel=\"noopener noreferrer\">Enviar mensaje a Bitfab <\/a> <script> (function() { var qs,js,q,s,d=document, gi=d.getElementById, ce=d.createElement, gt=d.getElementsByTagName, id=\"typef_orm_share\", b=\"https:\/\/embed.typeform.com\/\"; if(!gi.call(d,id)){ js=ce.call(d,\"script\"); js.id=id; js.src=b+\"embed.js\"; q=gt.call(d,\"script\")[0]; q.parentNode.insertBefore(js,q) } })() <\/script>[\/vc_column_text][\/vc_column_inner][\/vc_row_inner][\/vc_column][\/vc_row][vc_row full_width=&#8221;stretch_row&#8221; css=&#8221;.vc_custom_1551803209967{background-color: #ececec !important;}&#8221;][vc_column][vc_column_text]<\/p>\n<h2 style=\"text-align: center;\"><strong>\u00bfQuieres hablar con nosotros?<\/strong><\/h2>\n<p>Te asesoraremos sobre c\u00f3mo llevar a cabo tu proyecto con nuestra tecnolog\u00eda y experiencia en impresi\u00f3n 3D<\/p>\n<p style=\"text-align: center;\"><a class=\"typeform-share button\" href=\"https:\/\/bitfab.typeform.com\/to\/Twe4xh\" data-mode=\"drawer_right\" style=\"display:inline-block;text-decoration:none;background-color:#ec4a42;color:white;cursor:pointer;font-family:Helvetica,Arial,sans-serif;font-size:16px;line-height:40px;text-align:center;margin:0;height:40px;padding:0px 26px;border-radius:6px;max-width:100%;white-space:nowrap;overflow:hidden;text-overflow:ellipsis;font-weight:bold;-webkit-font-smoothing:antialiased;-moz-osx-font-smoothing:grayscale;\" target=\"_blank\" rel=\"noopener noreferrer\">Enviar mensaje a Bitfab <\/a> <script> (function() { var qs,js,q,s,d=document, gi=d.getElementById, ce=d.createElement, gt=d.getElementsByTagName, id=\"typef_orm_share\", b=\"https:\/\/embed.typeform.com\/\"; if(!gi.call(d,id)){ js=ce.call(d,\"script\"); js.id=id; js.src=b+\"embed.js\"; q=gt.call(d,\"script\")[0]; q.parentNode.insertBefore(js,q) } })() <\/script><\/p>\n<p>[\/vc_column_text][\/vc_column][\/vc_row][vc_row css=&#8221;.vc_custom_1551812388737{margin-top: 60px !important;}&#8221;][vc_column width=&#8221;1\/3&#8243;][vc_single_image image=&#8221;5320&#8243; img_size=&#8221;medium&#8221; alignment=&#8221;center&#8221;][\/vc_column][vc_column width=&#8221;2\/3&#8243;][vc_column_text]Bitfab es un servicio de impresi\u00f3n 3D profesional en Madrid especializado en la producci\u00f3n de prototipos y series cortas.<\/p>\n<p>Tenemos m\u00e1s de 6 a\u00f1os de experiencia en impresi\u00f3n 3D, 3 de ellos dedicados profesionalmente a la fabricaci\u00f3n de impresoras 3D y prototipos. Ofrecemos impresi\u00f3n 3D FDM (deposici\u00f3n de filamento fundido) y SLA (impresi\u00f3n de resina), dise\u00f1o y asesor\u00eda para cubrir las necesidades completas de impresi\u00f3n de nuestros clientes.<\/p>\n<p>Nos esforzamos en dar un servicio de calidad a nuestros clientes, como atestiguan nuestras reviews en Trustpilot y 3D Hubs:[\/vc_column_text][vc_row_inner][vc_column_inner width=&#8221;1\/2&#8243;][vc_single_image image=&#8221;4444&#8243; img_size=&#8221;medium&#8221; alignment=&#8221;center&#8221; onclick=&#8221;custom_link&#8221; link=&#8221;https:\/\/www.trustpilot.com\/review\/bitfab.io&#8221;][\/vc_column_inner][vc_column_inner width=&#8221;1\/2&#8243;][vc_single_image image=&#8221;4796&#8243; img_size=&#8221;medium&#8221; alignment=&#8221;center&#8221; onclick=&#8221;custom_link&#8221; link=&#8221;https:\/\/www.3dhubs.com\/service\/89630&#8243;][\/vc_column_inner][\/vc_row_inner][\/vc_column][\/vc_row][vc_row][vc_column][vc_column_text][kkstarratings][\/vc_column_text][\/vc_column][\/vc_row]<\/p>\n<\/section>","protected":false},"excerpt":{"rendered":"<p>[vc_row full_width=&#8221;stretch_row&#8221; bg_type=&#8221;color&#8221; bg_color=&#8221;#ececec&#8221; css=&#8221;.vc_custom_1551812254963{margin-top: -50px !important;background-color: #ececec !important;}&#8221;][vc_column][vc_column_text] Servicio de impresi\u00f3n 3D en Madrid Disfruta de las ventajas de un servicio de impresi\u00f3n 3D local en Madrid [\/vc_column_text][vc_row_inner][vc_column_inner width=&#8221;1\/3&#8243;][vc_single_image image=&#8221;5378&#8243; alignment=&#8221;center&#8221;][vc_column_text] Impresi\u00f3n 3D profesional Usamos tecnolog\u00eda de impresi\u00f3n 3D FDM (extrusi\u00f3n de pl\u00e1stico) y SLA\/DLP (resina) para imprimir tus piezas localmente en Madrid. Variedad &#8230; <a title=\"Servicio de impresi\u00f3n 3D en Madrid\" class=\"read-more\" href=\"https:\/\/bitfab.io\/es\/servicio-de-impresion-3d-en-madrid\/\" aria-label=\"Leer m\u00e1s sobre Servicio de impresi\u00f3n 3D en Madrid\">Read more<\/a><\/p>\n","protected":false},"author":1,"featured_media":0,"parent":0,"menu_order":0,"comment_status":"closed","ping_status":"closed","template":"","meta":{"_uag_custom_page_level_css":"","footnotes":""},"class_list":["post-3890","page","type-page","status-publish"],"yoast_head":"<!-- This site is optimized with the Yoast SEO plugin v23.6 - https:\/\/yoast.com\/wordpress\/plugins\/seo\/ -->\n<title>Servicio de impresi\u00f3n 3D en Madrid - Bitfab<\/title>\n<meta name=\"description\" content=\"Bitfab es un servicio de impresi\u00f3n 3D en Madrid. Disfruta de las ventajas de un servicio profesiona local: posibilidad de recogida y presupuesto en 24 horas.\" \/>\n<meta name=\"robots\" content=\"index, follow, max-snippet:-1, max-image-preview:large, max-video-preview:-1\" \/>\n<link rel=\"canonical\" href=\"https:\/\/bitfab.io\/es\/servicio-de-impresion-3d-en-madrid\/\" \/>\n<meta property=\"og:locale\" content=\"es_ES\" \/>\n<meta property=\"og:type\" content=\"article\" \/>\n<meta property=\"og:title\" content=\"Servicio de impresi\u00f3n 3D en Madrid - Bitfab\" \/>\n<meta property=\"og:description\" content=\"Bitfab es un servicio de impresi\u00f3n 3D en Madrid. Disfruta de las ventajas de un servicio profesiona local: posibilidad de recogida y presupuesto en 24 horas.\" \/>\n<meta property=\"og:url\" content=\"https:\/\/bitfab.io\/es\/servicio-de-impresion-3d-en-madrid\/\" \/>\n<meta property=\"og:site_name\" content=\"Bitfab\" \/>\n<meta property=\"article:publisher\" content=\"https:\/\/facebook.com\/bitfab\/\" \/>\n<meta property=\"article:modified_time\" content=\"2019-04-16T16:25:54+00:00\" \/>\n<meta name=\"twitter:card\" content=\"summary_large_image\" \/>\n<meta name=\"twitter:site\" content=\"@bitfab_io\" \/>\n<meta name=\"twitter:label1\" content=\"Tiempo de lectura\" \/>\n\t<meta name=\"twitter:data1\" content=\"6 minutos\" \/>\n<script type=\"application\/ld+json\" class=\"yoast-schema-graph\">{\"@context\":\"https:\/\/schema.org\",\"@graph\":[{\"@type\":\"WebPage\",\"@id\":\"https:\/\/bitfab.io\/es\/servicio-de-impresion-3d-en-madrid\/\",\"url\":\"https:\/\/bitfab.io\/es\/servicio-de-impresion-3d-en-madrid\/\",\"name\":\"Servicio de impresi\u00f3n 3D en Madrid - Bitfab\",\"isPartOf\":{\"@id\":\"https:\/\/bitfab.io\/es\/#website\"},\"datePublished\":\"2017-12-08T18:57:30+00:00\",\"dateModified\":\"2019-04-16T16:25:54+00:00\",\"description\":\"Bitfab es un servicio de impresi\u00f3n 3D en Madrid. Disfruta de las ventajas de un servicio profesiona local: posibilidad de recogida y presupuesto en 24 horas.\",\"breadcrumb\":{\"@id\":\"https:\/\/bitfab.io\/es\/servicio-de-impresion-3d-en-madrid\/#breadcrumb\"},\"inLanguage\":\"es\",\"potentialAction\":[{\"@type\":\"ReadAction\",\"target\":[\"https:\/\/bitfab.io\/es\/servicio-de-impresion-3d-en-madrid\/\"]}]},{\"@type\":\"BreadcrumbList\",\"@id\":\"https:\/\/bitfab.io\/es\/servicio-de-impresion-3d-en-madrid\/#breadcrumb\",\"itemListElement\":[{\"@type\":\"ListItem\",\"position\":1,\"name\":\"Bitfab\",\"item\":\"https:\/\/bitfab.io\/es\/\"},{\"@type\":\"ListItem\",\"position\":2,\"name\":\"Servicio de impresi\u00f3n 3D en Madrid\"}]},{\"@type\":\"WebSite\",\"@id\":\"https:\/\/bitfab.io\/es\/#website\",\"url\":\"https:\/\/bitfab.io\/es\/\",\"name\":\"Bitfab\",\"description\":\"Servicio de impresi\u00f3n 3D\",\"publisher\":{\"@id\":\"https:\/\/bitfab.io\/es\/#organization\"},\"potentialAction\":[{\"@type\":\"SearchAction\",\"target\":{\"@type\":\"EntryPoint\",\"urlTemplate\":\"https:\/\/bitfab.io\/es\/?s={search_term_string}\"},\"query-input\":{\"@type\":\"PropertyValueSpecification\",\"valueRequired\":true,\"valueName\":\"search_term_string\"}}],\"inLanguage\":\"es\"},{\"@type\":\"Organization\",\"@id\":\"https:\/\/bitfab.io\/es\/#organization\",\"name\":\"Bitfab\",\"url\":\"https:\/\/bitfab.io\/es\/\",\"logo\":{\"@type\":\"ImageObject\",\"inLanguage\":\"es\",\"@id\":\"https:\/\/bitfab.io\/es\/#\/schema\/logo\/image\/\",\"url\":\"https:\/\/bitfab.io\/wp-content\/uploads\/2017\/12\/rectangle_1000x500_with_background.png\",\"contentUrl\":\"https:\/\/bitfab.io\/wp-content\/uploads\/2017\/12\/rectangle_1000x500_with_background.png\",\"width\":1000,\"height\":500,\"caption\":\"Bitfab\"},\"image\":{\"@id\":\"https:\/\/bitfab.io\/es\/#\/schema\/logo\/image\/\"},\"sameAs\":[\"https:\/\/facebook.com\/bitfab\/\",\"https:\/\/x.com\/bitfab_io\",\"https:\/\/instagram.com\/bitfab\",\"https:\/\/www.linkedin.com\/company\/bitfab\",\"https:\/\/www.pinterest.es\/bitfab\/\",\"https:\/\/www.youtube.com\/channel\/UCZgATY_8YVx3ndFrNgyfyWg\/\"]}]}<\/script>\n<!-- \/ Yoast SEO plugin. -->","yoast_head_json":{"title":"Servicio de impresi\u00f3n 3D en Madrid - Bitfab","description":"Bitfab es un servicio de impresi\u00f3n 3D en Madrid. Disfruta de las ventajas de un servicio profesiona local: posibilidad de recogida y presupuesto en 24 horas.","robots":{"index":"index","follow":"follow","max-snippet":"max-snippet:-1","max-image-preview":"max-image-preview:large","max-video-preview":"max-video-preview:-1"},"canonical":"https:\/\/bitfab.io\/es\/servicio-de-impresion-3d-en-madrid\/","og_locale":"es_ES","og_type":"article","og_title":"Servicio de impresi\u00f3n 3D en Madrid - Bitfab","og_description":"Bitfab es un servicio de impresi\u00f3n 3D en Madrid. Disfruta de las ventajas de un servicio profesiona local: posibilidad de recogida y presupuesto en 24 horas.","og_url":"https:\/\/bitfab.io\/es\/servicio-de-impresion-3d-en-madrid\/","og_site_name":"Bitfab","article_publisher":"https:\/\/facebook.com\/bitfab\/","article_modified_time":"2019-04-16T16:25:54+00:00","twitter_card":"summary_large_image","twitter_site":"@bitfab_io","twitter_misc":{"Tiempo de lectura":"6 minutos"},"schema":{"@context":"https:\/\/schema.org","@graph":[{"@type":"WebPage","@id":"https:\/\/bitfab.io\/es\/servicio-de-impresion-3d-en-madrid\/","url":"https:\/\/bitfab.io\/es\/servicio-de-impresion-3d-en-madrid\/","name":"Servicio de impresi\u00f3n 3D en Madrid - Bitfab","isPartOf":{"@id":"https:\/\/bitfab.io\/es\/#website"},"datePublished":"2017-12-08T18:57:30+00:00","dateModified":"2019-04-16T16:25:54+00:00","description":"Bitfab es un servicio de impresi\u00f3n 3D en Madrid. Disfruta de las ventajas de un servicio profesiona local: posibilidad de recogida y presupuesto en 24 horas.","breadcrumb":{"@id":"https:\/\/bitfab.io\/es\/servicio-de-impresion-3d-en-madrid\/#breadcrumb"},"inLanguage":"es","potentialAction":[{"@type":"ReadAction","target":["https:\/\/bitfab.io\/es\/servicio-de-impresion-3d-en-madrid\/"]}]},{"@type":"BreadcrumbList","@id":"https:\/\/bitfab.io\/es\/servicio-de-impresion-3d-en-madrid\/#breadcrumb","itemListElement":[{"@type":"ListItem","position":1,"name":"Bitfab","item":"https:\/\/bitfab.io\/es\/"},{"@type":"ListItem","position":2,"name":"Servicio de impresi\u00f3n 3D en Madrid"}]},{"@type":"WebSite","@id":"https:\/\/bitfab.io\/es\/#website","url":"https:\/\/bitfab.io\/es\/","name":"Bitfab","description":"Servicio de impresi\u00f3n 3D","publisher":{"@id":"https:\/\/bitfab.io\/es\/#organization"},"potentialAction":[{"@type":"SearchAction","target":{"@type":"EntryPoint","urlTemplate":"https:\/\/bitfab.io\/es\/?s={search_term_string}"},"query-input":{"@type":"PropertyValueSpecification","valueRequired":true,"valueName":"search_term_string"}}],"inLanguage":"es"},{"@type":"Organization","@id":"https:\/\/bitfab.io\/es\/#organization","name":"Bitfab","url":"https:\/\/bitfab.io\/es\/","logo":{"@type":"ImageObject","inLanguage":"es","@id":"https:\/\/bitfab.io\/es\/#\/schema\/logo\/image\/","url":"https:\/\/bitfab.io\/wp-content\/uploads\/2017\/12\/rectangle_1000x500_with_background.png","contentUrl":"https:\/\/bitfab.io\/wp-content\/uploads\/2017\/12\/rectangle_1000x500_with_background.png","width":1000,"height":500,"caption":"Bitfab"},"image":{"@id":"https:\/\/bitfab.io\/es\/#\/schema\/logo\/image\/"},"sameAs":["https:\/\/facebook.com\/bitfab\/","https:\/\/x.com\/bitfab_io","https:\/\/instagram.com\/bitfab","https:\/\/www.linkedin.com\/company\/bitfab","https:\/\/www.pinterest.es\/bitfab\/","https:\/\/www.youtube.com\/channel\/UCZgATY_8YVx3ndFrNgyfyWg\/"]}]}},"uagb_featured_image_src":{"full":false,"thumbnail":false,"medium":false,"medium_large":false,"large":false,"1536x1536":false,"2048x2048":false,"woocommerce_thumbnail":false,"woocommerce_single":false,"woocommerce_gallery_thumbnail":false},"uagb_author_info":{"display_name":"Diego Trapero","author_link":"https:\/\/bitfab.io\/es\/blog\/author\/diegotrap\/"},"uagb_comment_info":0,"uagb_excerpt":"[vc_row full_width=&#8221;stretch_row&#8221; bg_type=&#8221;color&#8221; bg_color=&#8221;#ececec&#8221; css=&#8221;.vc_custom_1551812254963{margin-top: -50px !important;background-color: #ececec !important;}&#8221;][vc_column][vc_column_text] Servicio de impresi\u00f3n 3D en Madrid Disfruta de las ventajas de un servicio de impresi\u00f3n 3D local en Madrid [\/vc_column_text][vc_row_inner][vc_column_inner width=&#8221;1\/3&#8243;][vc_single_image image=&#8221;5378&#8243; alignment=&#8221;center&#8221;][vc_column_text] Impresi\u00f3n 3D profesional Usamos tecnolog\u00eda de impresi\u00f3n 3D FDM (extrusi\u00f3n de pl\u00e1stico) y SLA\/DLP (resina) para imprimir tus piezas localmente en Madrid. Variedad&hellip;","_links":{"self":[{"href":"https:\/\/bitfab.io\/es\/wp-json\/wp\/v2\/pages\/3890"}],"collection":[{"href":"https:\/\/bitfab.io\/es\/wp-json\/wp\/v2\/pages"}],"about":[{"href":"https:\/\/bitfab.io\/es\/wp-json\/wp\/v2\/types\/page"}],"author":[{"embeddable":true,"href":"https:\/\/bitfab.io\/es\/wp-json\/wp\/v2\/users\/1"}],"replies":[{"embeddable":true,"href":"https:\/\/bitfab.io\/es\/wp-json\/wp\/v2\/comments?post=3890"}],"version-history":[{"count":17,"href":"https:\/\/bitfab.io\/es\/wp-json\/wp\/v2\/pages\/3890\/revisions"}],"predecessor-version":[{"id":6076,"href":"https:\/\/bitfab.io\/es\/wp-json\/wp\/v2\/pages\/3890\/revisions\/6076"}],"wp:attachment":[{"href":"https:\/\/bitfab.io\/es\/wp-json\/wp\/v2\/media?parent=3890"}],"curies":[{"name":"wp","href":"https:\/\/api.w.org\/{rel}","templated":true}]}}