{"id":17554,"date":"2025-09-22T21:43:59","date_gmt":"2025-09-22T19:43:59","guid":{"rendered":"https:\/\/bitfab.io\/?page_id=17554"},"modified":"2025-09-22T21:45:22","modified_gmt":"2025-09-22T19:45:22","slug":"subvenciones","status":"publish","type":"page","link":"https:\/\/bitfab.io\/es\/subvenciones\/","title":{"rendered":"Subvenciones"},"content":{"rendered":"<p>Esta es una relaci\u00f3n de las subvenciones y proyectos que ha recibido Bitfab con el fin de dar publicidad a estas iniciativas.<\/p><h2 class=\"wp-block-heading\">Ayudas a la Industria 2025 Ayuntamiento de Madrid<\/h2><div class=\"wp-block-columns is-layout-flex wp-container-core-columns-is-layout-1 wp-block-columns-is-layout-flex\"><div class=\"wp-block-column is-layout-flow wp-block-column-is-layout-flow\"><div class=\"wp-block-image\"><figure class=\"aligncenter size-medium\"><img decoding=\"async\" width=\"225\" height=\"300\" src=\"https:\/\/bitfab.io\/wp-content\/uploads\/2025\/09\/logo-ayuntamiento-225x300.png\" alt=\"\" class=\"wp-image-17560\" srcset=\"https:\/\/bitfab.io\/wp-content\/uploads\/2025\/09\/logo-ayuntamiento-225x300.png 225w, https:\/\/bitfab.io\/wp-content\/uploads\/2025\/09\/logo-ayuntamiento.png 386w\" sizes=\"(max-width: 225px) 100vw, 225px\" \/><\/figure><\/div><\/div>\n\n<div class=\"wp-block-column is-layout-flow wp-block-column-is-layout-flow\"><p>Bitfab (Diego Trapero Moreno) ha recibido una subvenci\u00f3n por importe de 15.058,78\u20ac del Ayuntamiento de Madrid, para la realizaci\u00f3n del proyecto de inversi\u00f3n denominado \u201c<em>Ampliaci\u00f3n de las capacidades de fabricaci\u00f3n digital de Bitfab. Sector industrial y salud<\/em>\u201d, con cargo a la convocatoria p\u00fablica de subvenciones dirigidas al fomento, impulso y reactivaci\u00f3n de la industria y servicios conexos a la industria de la ciudad de Madrid, para la anualidad 2025, de la Direcci\u00f3n General de Econom\u00eda del \u00c1rea de Gobierno de Econom\u00eda, Innovaci\u00f3n y Hacienda.<\/p><\/div><\/div>","protected":false},"excerpt":{"rendered":"<p>Esta es una relaci\u00f3n de las subvenciones y proyectos que ha recibido Bitfab con el fin de dar publicidad a estas iniciativas. Ayudas a la Industria 2025 Ayuntamiento de Madrid Bitfab (Diego Trapero Moreno) ha recibido una subvenci\u00f3n por importe de 15.058,78\u20ac del Ayuntamiento de Madrid, para la realizaci\u00f3n del proyecto de inversi\u00f3n denominado \u201cAmpliaci\u00f3n &#8230; <a title=\"Subvenciones\" class=\"read-more\" href=\"https:\/\/bitfab.io\/es\/subvenciones\/\" aria-label=\"Leer m\u00e1s sobre Subvenciones\">Read more<\/a><\/p>\n","protected":false},"author":1,"featured_media":0,"parent":0,"menu_order":0,"comment_status":"closed","ping_status":"closed","template":"","meta":{"_uag_custom_page_level_css":"","footnotes":""},"class_list":["post-17554","page","type-page","status-publish"],"yoast_head":"<!-- This site is optimized with the Yoast SEO plugin v23.6 - https:\/\/yoast.com\/wordpress\/plugins\/seo\/ -->\n<title>Subvenciones - Bitfab<\/title>\n<meta name=\"robots\" content=\"index, follow, max-snippet:-1, max-image-preview:large, max-video-preview:-1\" \/>\n<link rel=\"canonical\" href=\"https:\/\/bitfab.io\/es\/subvenciones\/\" \/>\n<meta property=\"og:locale\" content=\"es_ES\" \/>\n<meta property=\"og:type\" content=\"article\" \/>\n<meta property=\"og:title\" content=\"Subvenciones - Bitfab\" \/>\n<meta property=\"og:description\" content=\"Esta es una relaci\u00f3n de las subvenciones y proyectos que ha recibido Bitfab con el fin de dar publicidad a estas iniciativas. Ayudas a la Industria 2025 Ayuntamiento de Madrid Bitfab (Diego Trapero Moreno) ha recibido una subvenci\u00f3n por importe de 15.058,78\u20ac del Ayuntamiento de Madrid, para la realizaci\u00f3n del proyecto de inversi\u00f3n denominado \u201cAmpliaci\u00f3n ... Read more\" \/>\n<meta property=\"og:url\" content=\"https:\/\/bitfab.io\/es\/subvenciones\/\" \/>\n<meta property=\"og:site_name\" content=\"Bitfab\" \/>\n<meta property=\"article:publisher\" content=\"https:\/\/facebook.com\/bitfab\/\" \/>\n<meta property=\"article:modified_time\" content=\"2025-09-22T19:45:22+00:00\" \/>\n<meta property=\"og:image\" content=\"https:\/\/bitfab.io\/wp-content\/uploads\/2025\/09\/logo-ayuntamiento-225x300.png\" \/>\n<meta name=\"twitter:card\" content=\"summary_large_image\" \/>\n<meta name=\"twitter:site\" content=\"@bitfab_io\" \/>\n<meta name=\"twitter:label1\" content=\"Tiempo de lectura\" \/>\n\t<meta name=\"twitter:data1\" content=\"1 minuto\" \/>\n<script type=\"application\/ld+json\" class=\"yoast-schema-graph\">{\"@context\":\"https:\/\/schema.org\",\"@graph\":[{\"@type\":\"WebPage\",\"@id\":\"https:\/\/bitfab.io\/es\/subvenciones\/\",\"url\":\"https:\/\/bitfab.io\/es\/subvenciones\/\",\"name\":\"Subvenciones - Bitfab\",\"isPartOf\":{\"@id\":\"https:\/\/bitfab.io\/es\/#website\"},\"primaryImageOfPage\":{\"@id\":\"https:\/\/bitfab.io\/es\/subvenciones\/#primaryimage\"},\"image\":{\"@id\":\"https:\/\/bitfab.io\/es\/subvenciones\/#primaryimage\"},\"thumbnailUrl\":\"https:\/\/bitfab.io\/wp-content\/uploads\/2025\/09\/logo-ayuntamiento-225x300.png\",\"datePublished\":\"2025-09-22T19:43:59+00:00\",\"dateModified\":\"2025-09-22T19:45:22+00:00\",\"breadcrumb\":{\"@id\":\"https:\/\/bitfab.io\/es\/subvenciones\/#breadcrumb\"},\"inLanguage\":\"es\",\"potentialAction\":[{\"@type\":\"ReadAction\",\"target\":[\"https:\/\/bitfab.io\/es\/subvenciones\/\"]}]},{\"@type\":\"ImageObject\",\"inLanguage\":\"es\",\"@id\":\"https:\/\/bitfab.io\/es\/subvenciones\/#primaryimage\",\"url\":\"https:\/\/bitfab.io\/wp-content\/uploads\/2025\/09\/logo-ayuntamiento-225x300.png\",\"contentUrl\":\"https:\/\/bitfab.io\/wp-content\/uploads\/2025\/09\/logo-ayuntamiento-225x300.png\"},{\"@type\":\"BreadcrumbList\",\"@id\":\"https:\/\/bitfab.io\/es\/subvenciones\/#breadcrumb\",\"itemListElement\":[{\"@type\":\"ListItem\",\"position\":1,\"name\":\"Bitfab\",\"item\":\"https:\/\/bitfab.io\/es\/\"},{\"@type\":\"ListItem\",\"position\":2,\"name\":\"Subvenciones\"}]},{\"@type\":\"WebSite\",\"@id\":\"https:\/\/bitfab.io\/es\/#website\",\"url\":\"https:\/\/bitfab.io\/es\/\",\"name\":\"Bitfab\",\"description\":\"Servicio de impresi\u00f3n 3D\",\"publisher\":{\"@id\":\"https:\/\/bitfab.io\/es\/#organization\"},\"potentialAction\":[{\"@type\":\"SearchAction\",\"target\":{\"@type\":\"EntryPoint\",\"urlTemplate\":\"https:\/\/bitfab.io\/es\/?s={search_term_string}\"},\"query-input\":{\"@type\":\"PropertyValueSpecification\",\"valueRequired\":true,\"valueName\":\"search_term_string\"}}],\"inLanguage\":\"es\"},{\"@type\":\"Organization\",\"@id\":\"https:\/\/bitfab.io\/es\/#organization\",\"name\":\"Bitfab\",\"url\":\"https:\/\/bitfab.io\/es\/\",\"logo\":{\"@type\":\"ImageObject\",\"inLanguage\":\"es\",\"@id\":\"https:\/\/bitfab.io\/es\/#\/schema\/logo\/image\/\",\"url\":\"https:\/\/bitfab.io\/wp-content\/uploads\/2017\/12\/rectangle_1000x500_with_background.png\",\"contentUrl\":\"https:\/\/bitfab.io\/wp-content\/uploads\/2017\/12\/rectangle_1000x500_with_background.png\",\"width\":1000,\"height\":500,\"caption\":\"Bitfab\"},\"image\":{\"@id\":\"https:\/\/bitfab.io\/es\/#\/schema\/logo\/image\/\"},\"sameAs\":[\"https:\/\/facebook.com\/bitfab\/\",\"https:\/\/x.com\/bitfab_io\",\"https:\/\/instagram.com\/bitfab\",\"https:\/\/www.linkedin.com\/company\/bitfab\",\"https:\/\/www.pinterest.es\/bitfab\/\",\"https:\/\/www.youtube.com\/channel\/UCZgATY_8YVx3ndFrNgyfyWg\/\"]}]}<\/script>\n<!-- \/ Yoast SEO plugin. -->","yoast_head_json":{"title":"Subvenciones - Bitfab","robots":{"index":"index","follow":"follow","max-snippet":"max-snippet:-1","max-image-preview":"max-image-preview:large","max-video-preview":"max-video-preview:-1"},"canonical":"https:\/\/bitfab.io\/es\/subvenciones\/","og_locale":"es_ES","og_type":"article","og_title":"Subvenciones - Bitfab","og_description":"Esta es una relaci\u00f3n de las subvenciones y proyectos que ha recibido Bitfab con el fin de dar publicidad a estas iniciativas. Ayudas a la Industria 2025 Ayuntamiento de Madrid Bitfab (Diego Trapero Moreno) ha recibido una subvenci\u00f3n por importe de 15.058,78\u20ac del Ayuntamiento de Madrid, para la realizaci\u00f3n del proyecto de inversi\u00f3n denominado \u201cAmpliaci\u00f3n ... Read more","og_url":"https:\/\/bitfab.io\/es\/subvenciones\/","og_site_name":"Bitfab","article_publisher":"https:\/\/facebook.com\/bitfab\/","article_modified_time":"2025-09-22T19:45:22+00:00","og_image":[{"url":"https:\/\/bitfab.io\/wp-content\/uploads\/2025\/09\/logo-ayuntamiento-225x300.png"}],"twitter_card":"summary_large_image","twitter_site":"@bitfab_io","twitter_misc":{"Tiempo de lectura":"1 minuto"},"schema":{"@context":"https:\/\/schema.org","@graph":[{"@type":"WebPage","@id":"https:\/\/bitfab.io\/es\/subvenciones\/","url":"https:\/\/bitfab.io\/es\/subvenciones\/","name":"Subvenciones - Bitfab","isPartOf":{"@id":"https:\/\/bitfab.io\/es\/#website"},"primaryImageOfPage":{"@id":"https:\/\/bitfab.io\/es\/subvenciones\/#primaryimage"},"image":{"@id":"https:\/\/bitfab.io\/es\/subvenciones\/#primaryimage"},"thumbnailUrl":"https:\/\/bitfab.io\/wp-content\/uploads\/2025\/09\/logo-ayuntamiento-225x300.png","datePublished":"2025-09-22T19:43:59+00:00","dateModified":"2025-09-22T19:45:22+00:00","breadcrumb":{"@id":"https:\/\/bitfab.io\/es\/subvenciones\/#breadcrumb"},"inLanguage":"es","potentialAction":[{"@type":"ReadAction","target":["https:\/\/bitfab.io\/es\/subvenciones\/"]}]},{"@type":"ImageObject","inLanguage":"es","@id":"https:\/\/bitfab.io\/es\/subvenciones\/#primaryimage","url":"https:\/\/bitfab.io\/wp-content\/uploads\/2025\/09\/logo-ayuntamiento-225x300.png","contentUrl":"https:\/\/bitfab.io\/wp-content\/uploads\/2025\/09\/logo-ayuntamiento-225x300.png"},{"@type":"BreadcrumbList","@id":"https:\/\/bitfab.io\/es\/subvenciones\/#breadcrumb","itemListElement":[{"@type":"ListItem","position":1,"name":"Bitfab","item":"https:\/\/bitfab.io\/es\/"},{"@type":"ListItem","position":2,"name":"Subvenciones"}]},{"@type":"WebSite","@id":"https:\/\/bitfab.io\/es\/#website","url":"https:\/\/bitfab.io\/es\/","name":"Bitfab","description":"Servicio de impresi\u00f3n 3D","publisher":{"@id":"https:\/\/bitfab.io\/es\/#organization"},"potentialAction":[{"@type":"SearchAction","target":{"@type":"EntryPoint","urlTemplate":"https:\/\/bitfab.io\/es\/?s={search_term_string}"},"query-input":{"@type":"PropertyValueSpecification","valueRequired":true,"valueName":"search_term_string"}}],"inLanguage":"es"},{"@type":"Organization","@id":"https:\/\/bitfab.io\/es\/#organization","name":"Bitfab","url":"https:\/\/bitfab.io\/es\/","logo":{"@type":"ImageObject","inLanguage":"es","@id":"https:\/\/bitfab.io\/es\/#\/schema\/logo\/image\/","url":"https:\/\/bitfab.io\/wp-content\/uploads\/2017\/12\/rectangle_1000x500_with_background.png","contentUrl":"https:\/\/bitfab.io\/wp-content\/uploads\/2017\/12\/rectangle_1000x500_with_background.png","width":1000,"height":500,"caption":"Bitfab"},"image":{"@id":"https:\/\/bitfab.io\/es\/#\/schema\/logo\/image\/"},"sameAs":["https:\/\/facebook.com\/bitfab\/","https:\/\/x.com\/bitfab_io","https:\/\/instagram.com\/bitfab","https:\/\/www.linkedin.com\/company\/bitfab","https:\/\/www.pinterest.es\/bitfab\/","https:\/\/www.youtube.com\/channel\/UCZgATY_8YVx3ndFrNgyfyWg\/"]}]}},"uagb_featured_image_src":{"full":false,"thumbnail":false,"medium":false,"medium_large":false,"large":false,"1536x1536":false,"2048x2048":false,"woocommerce_thumbnail":false,"woocommerce_single":false,"woocommerce_gallery_thumbnail":false},"uagb_author_info":{"display_name":"Diego Trapero","author_link":"https:\/\/bitfab.io\/es\/blog\/author\/diegotrap\/"},"uagb_comment_info":0,"uagb_excerpt":"Esta es una relaci\u00f3n de las subvenciones y proyectos que ha recibido Bitfab con el fin de dar publicidad a estas iniciativas. Ayudas a la Industria 2025 Ayuntamiento de Madrid Bitfab (Diego Trapero Moreno) ha recibido una subvenci\u00f3n por importe de 15.058,78\u20ac del Ayuntamiento de Madrid, para la realizaci\u00f3n del proyecto de inversi\u00f3n denominado \u201cAmpliaci\u00f3n&hellip;","_links":{"self":[{"href":"https:\/\/bitfab.io\/es\/wp-json\/wp\/v2\/pages\/17554"}],"collection":[{"href":"https:\/\/bitfab.io\/es\/wp-json\/wp\/v2\/pages"}],"about":[{"href":"https:\/\/bitfab.io\/es\/wp-json\/wp\/v2\/types\/page"}],"author":[{"embeddable":true,"href":"https:\/\/bitfab.io\/es\/wp-json\/wp\/v2\/users\/1"}],"replies":[{"embeddable":true,"href":"https:\/\/bitfab.io\/es\/wp-json\/wp\/v2\/comments?post=17554"}],"version-history":[{"count":3,"href":"https:\/\/bitfab.io\/es\/wp-json\/wp\/v2\/pages\/17554\/revisions"}],"predecessor-version":[{"id":17568,"href":"https:\/\/bitfab.io\/es\/wp-json\/wp\/v2\/pages\/17554\/revisions\/17568"}],"wp:attachment":[{"href":"https:\/\/bitfab.io\/es\/wp-json\/wp\/v2\/media?parent=17554"}],"curies":[{"name":"wp","href":"https:\/\/api.w.org\/{rel}","templated":true}]}}