{"id":16464,"date":"2021-11-09T21:06:32","date_gmt":"2021-11-09T20:06:32","guid":{"rendered":"https:\/\/bitfab.io\/?page_id=16464"},"modified":"2021-11-10T13:35:39","modified_gmt":"2021-11-10T12:35:39","slug":"newsletter","status":"publish","type":"page","link":"https:\/\/bitfab.io\/es\/newsletter\/","title":{"rendered":"La newsletter de impresi\u00f3n 3D de Bitfab"},"content":{"rendered":"<div class=\"gb-grid-wrapper gb-grid-wrapper-a3a04d7b\">\n<div class=\"gb-grid-column gb-grid-column-532cceac\"><div class=\"gb-container gb-container-532cceac\"><div class=\"gb-inside-container\">\n<figure class=\"wp-block-image size-large\"><img decoding=\"async\" width=\"547\" height=\"496\" src=\"https:\/\/bitfab.io\/wp-content\/uploads\/2021\/11\/newsletter-bitfab.png\" alt=\"Lista de correo Bitfab\" class=\"wp-image-16471\" srcset=\"https:\/\/bitfab.io\/wp-content\/uploads\/2021\/11\/newsletter-bitfab.png 547w, https:\/\/bitfab.io\/wp-content\/uploads\/2021\/11\/newsletter-bitfab-300x272.png 300w\" sizes=\"(max-width: 547px) 100vw, 547px\" \/><\/figure>\n<\/div><\/div><\/div>\n\n<div class=\"gb-grid-column gb-grid-column-8b54b1cd\"><div class=\"gb-container gb-container-8b54b1cd\"><div class=\"gb-inside-container\">\n<p>Est\u00e1 p\u00e1gina s\u00f3lo tiene la misi\u00f3n de permitir que te suscribas a la newsletter de Bitfab.<\/p>\n\n<p>\u00bfEn qu\u00e9 consiste la newsletter?<\/p>\n\n<p>En pocas palabras, en la lista de correo de Bitfab hablamos de impresi\u00f3n 3D y de negocios. Cada temporada escribo semana a semana de ideas de negocio, productos 3D, de las novedades del blog de Bitfab&#8230;<\/p>\n\n<p>Una parte del contenido es promocional, as\u00ed que suscr\u00edbete s\u00f3lo si no te importa recibirlo.<\/p>\n\n<p>\u00bfPor qu\u00e9 hay contenido promocional? Porque en la lista me gusta hablar de temas personales, mi opini\u00f3n del sector y de los experimentos de negocio que hacemos en Bitfab. Es decir, a veces t\u00fa vas a formar parte del experimento y te voy a intentar vender los productos que estamos probando o te voy a pedir opini\u00f3n sobre ellos.<\/p>\n\n<p>Es como tener una ventana al desarrollo interno de nuestro proyecto.<\/p>\n\n<p>As\u00ed que sin m\u00e1s, si tienes ganas de o\u00edr opiniones e ideas de impresi\u00f3n 3D contadas con mi perspectiva, suscr\u00edbete.<\/p>\n\n<p>Un saludo,<\/p>\n\n<p>Diego Trapero de Bitfab<\/p>\n\n<button data-tf-popup=\"O2iLgqWO\" data-tf-hide-headers=\"\" data-tf-hidden=\"tag=source:landing-newsletter\" style=\"all:unset;font-family:Helvetica,Arial,sans-serif;display:inline-block;max-width:100%;white-space:nowrap;overflow:hidden;text-overflow:ellipsis;background-color:#EC4A42;color:#FFFFFF;font-size:20px;border-radius:9px;padding:0 33px;font-weight:bold;height:50px;cursor:pointer;line-height:50px;text-align:center;margin:0;text-decoration:none;\">Suscribirse<\/button><script src=\"\/\/embed.typeform.com\/next\/embed.js\"><\/script>\n<\/div><\/div><\/div>\n<\/div>","protected":false},"excerpt":{"rendered":"Est\u00e1 p\u00e1gina s\u00f3lo tiene la misi\u00f3n de permitir que te suscribas a la newsletter de Bitfab. \u00bfEn qu\u00e9 consiste la newsletter? En pocas palabras, en la lista de correo de Bitfab hablamos de impresi\u00f3n 3D y de negocios. Cada temporada escribo semana a semana de ideas de negocio, productos 3D, de las novedades del blog ... <a title=\"La newsletter de impresi\u00f3n 3D de Bitfab\" class=\"read-more\" href=\"https:\/\/bitfab.io\/es\/newsletter\/\" aria-label=\"Leer m\u00e1s sobre La newsletter de impresi\u00f3n 3D de Bitfab\">Read more<\/a>","protected":false},"author":1,"featured_media":0,"parent":0,"menu_order":0,"comment_status":"closed","ping_status":"closed","template":"","meta":{"_uag_custom_page_level_css":"","footnotes":""},"class_list":["post-16464","page","type-page","status-publish"],"yoast_head":"<!-- This site is optimized with the Yoast SEO plugin v23.6 - https:\/\/yoast.com\/wordpress\/plugins\/seo\/ -->\n<title>La newsletter de impresi\u00f3n 3D de Bitfab - Bitfab<\/title>\n<meta name=\"robots\" content=\"index, follow, max-snippet:-1, max-image-preview:large, max-video-preview:-1\" \/>\n<link rel=\"canonical\" href=\"https:\/\/bitfab.io\/es\/newsletter\/\" \/>\n<meta property=\"og:locale\" content=\"es_ES\" \/>\n<meta property=\"og:type\" content=\"article\" \/>\n<meta property=\"og:title\" content=\"La newsletter de impresi\u00f3n 3D de Bitfab - Bitfab\" \/>\n<meta property=\"og:url\" content=\"https:\/\/bitfab.io\/es\/newsletter\/\" \/>\n<meta property=\"og:site_name\" content=\"Bitfab\" \/>\n<meta property=\"article:publisher\" content=\"https:\/\/facebook.com\/bitfab\/\" \/>\n<meta property=\"article:modified_time\" content=\"2021-11-10T12:35:39+00:00\" \/>\n<meta property=\"og:image\" content=\"https:\/\/bitfab.io\/wp-content\/uploads\/2021\/11\/newsletter-bitfab.png\" \/>\n<meta name=\"twitter:card\" content=\"summary_large_image\" \/>\n<meta name=\"twitter:site\" content=\"@bitfab_io\" \/>\n<meta name=\"twitter:label1\" content=\"Tiempo de lectura\" \/>\n\t<meta name=\"twitter:data1\" content=\"1 minuto\" \/>\n<script type=\"application\/ld+json\" class=\"yoast-schema-graph\">{\"@context\":\"https:\/\/schema.org\",\"@graph\":[{\"@type\":\"WebPage\",\"@id\":\"https:\/\/bitfab.io\/es\/newsletter\/\",\"url\":\"https:\/\/bitfab.io\/es\/newsletter\/\",\"name\":\"La newsletter de impresi\u00f3n 3D de Bitfab - Bitfab\",\"isPartOf\":{\"@id\":\"https:\/\/bitfab.io\/es\/#website\"},\"primaryImageOfPage\":{\"@id\":\"https:\/\/bitfab.io\/es\/newsletter\/#primaryimage\"},\"image\":{\"@id\":\"https:\/\/bitfab.io\/es\/newsletter\/#primaryimage\"},\"thumbnailUrl\":\"https:\/\/bitfab.io\/wp-content\/uploads\/2021\/11\/newsletter-bitfab.png\",\"datePublished\":\"2021-11-09T20:06:32+00:00\",\"dateModified\":\"2021-11-10T12:35:39+00:00\",\"breadcrumb\":{\"@id\":\"https:\/\/bitfab.io\/es\/newsletter\/#breadcrumb\"},\"inLanguage\":\"es\",\"potentialAction\":[{\"@type\":\"ReadAction\",\"target\":[\"https:\/\/bitfab.io\/es\/newsletter\/\"]}]},{\"@type\":\"ImageObject\",\"inLanguage\":\"es\",\"@id\":\"https:\/\/bitfab.io\/es\/newsletter\/#primaryimage\",\"url\":\"https:\/\/bitfab.io\/wp-content\/uploads\/2021\/11\/newsletter-bitfab.png\",\"contentUrl\":\"https:\/\/bitfab.io\/wp-content\/uploads\/2021\/11\/newsletter-bitfab.png\"},{\"@type\":\"BreadcrumbList\",\"@id\":\"https:\/\/bitfab.io\/es\/newsletter\/#breadcrumb\",\"itemListElement\":[{\"@type\":\"ListItem\",\"position\":1,\"name\":\"Bitfab\",\"item\":\"https:\/\/bitfab.io\/es\/\"},{\"@type\":\"ListItem\",\"position\":2,\"name\":\"La newsletter de impresi\u00f3n 3D de Bitfab\"}]},{\"@type\":\"WebSite\",\"@id\":\"https:\/\/bitfab.io\/es\/#website\",\"url\":\"https:\/\/bitfab.io\/es\/\",\"name\":\"Bitfab\",\"description\":\"Servicio de impresi\u00f3n 3D\",\"publisher\":{\"@id\":\"https:\/\/bitfab.io\/es\/#organization\"},\"potentialAction\":[{\"@type\":\"SearchAction\",\"target\":{\"@type\":\"EntryPoint\",\"urlTemplate\":\"https:\/\/bitfab.io\/es\/?s={search_term_string}\"},\"query-input\":{\"@type\":\"PropertyValueSpecification\",\"valueRequired\":true,\"valueName\":\"search_term_string\"}}],\"inLanguage\":\"es\"},{\"@type\":\"Organization\",\"@id\":\"https:\/\/bitfab.io\/es\/#organization\",\"name\":\"Bitfab\",\"url\":\"https:\/\/bitfab.io\/es\/\",\"logo\":{\"@type\":\"ImageObject\",\"inLanguage\":\"es\",\"@id\":\"https:\/\/bitfab.io\/es\/#\/schema\/logo\/image\/\",\"url\":\"https:\/\/bitfab.io\/wp-content\/uploads\/2017\/12\/rectangle_1000x500_with_background.png\",\"contentUrl\":\"https:\/\/bitfab.io\/wp-content\/uploads\/2017\/12\/rectangle_1000x500_with_background.png\",\"width\":1000,\"height\":500,\"caption\":\"Bitfab\"},\"image\":{\"@id\":\"https:\/\/bitfab.io\/es\/#\/schema\/logo\/image\/\"},\"sameAs\":[\"https:\/\/facebook.com\/bitfab\/\",\"https:\/\/x.com\/bitfab_io\",\"https:\/\/instagram.com\/bitfab\",\"https:\/\/www.linkedin.com\/company\/bitfab\",\"https:\/\/www.pinterest.es\/bitfab\/\",\"https:\/\/www.youtube.com\/channel\/UCZgATY_8YVx3ndFrNgyfyWg\/\"]}]}<\/script>\n<!-- \/ Yoast SEO plugin. -->","yoast_head_json":{"title":"La newsletter de impresi\u00f3n 3D de Bitfab - Bitfab","robots":{"index":"index","follow":"follow","max-snippet":"max-snippet:-1","max-image-preview":"max-image-preview:large","max-video-preview":"max-video-preview:-1"},"canonical":"https:\/\/bitfab.io\/es\/newsletter\/","og_locale":"es_ES","og_type":"article","og_title":"La newsletter de impresi\u00f3n 3D de Bitfab - Bitfab","og_url":"https:\/\/bitfab.io\/es\/newsletter\/","og_site_name":"Bitfab","article_publisher":"https:\/\/facebook.com\/bitfab\/","article_modified_time":"2021-11-10T12:35:39+00:00","og_image":[{"url":"https:\/\/bitfab.io\/wp-content\/uploads\/2021\/11\/newsletter-bitfab.png"}],"twitter_card":"summary_large_image","twitter_site":"@bitfab_io","twitter_misc":{"Tiempo de lectura":"1 minuto"},"schema":{"@context":"https:\/\/schema.org","@graph":[{"@type":"WebPage","@id":"https:\/\/bitfab.io\/es\/newsletter\/","url":"https:\/\/bitfab.io\/es\/newsletter\/","name":"La newsletter de impresi\u00f3n 3D de Bitfab - Bitfab","isPartOf":{"@id":"https:\/\/bitfab.io\/es\/#website"},"primaryImageOfPage":{"@id":"https:\/\/bitfab.io\/es\/newsletter\/#primaryimage"},"image":{"@id":"https:\/\/bitfab.io\/es\/newsletter\/#primaryimage"},"thumbnailUrl":"https:\/\/bitfab.io\/wp-content\/uploads\/2021\/11\/newsletter-bitfab.png","datePublished":"2021-11-09T20:06:32+00:00","dateModified":"2021-11-10T12:35:39+00:00","breadcrumb":{"@id":"https:\/\/bitfab.io\/es\/newsletter\/#breadcrumb"},"inLanguage":"es","potentialAction":[{"@type":"ReadAction","target":["https:\/\/bitfab.io\/es\/newsletter\/"]}]},{"@type":"ImageObject","inLanguage":"es","@id":"https:\/\/bitfab.io\/es\/newsletter\/#primaryimage","url":"https:\/\/bitfab.io\/wp-content\/uploads\/2021\/11\/newsletter-bitfab.png","contentUrl":"https:\/\/bitfab.io\/wp-content\/uploads\/2021\/11\/newsletter-bitfab.png"},{"@type":"BreadcrumbList","@id":"https:\/\/bitfab.io\/es\/newsletter\/#breadcrumb","itemListElement":[{"@type":"ListItem","position":1,"name":"Bitfab","item":"https:\/\/bitfab.io\/es\/"},{"@type":"ListItem","position":2,"name":"La newsletter de impresi\u00f3n 3D de Bitfab"}]},{"@type":"WebSite","@id":"https:\/\/bitfab.io\/es\/#website","url":"https:\/\/bitfab.io\/es\/","name":"Bitfab","description":"Servicio de impresi\u00f3n 3D","publisher":{"@id":"https:\/\/bitfab.io\/es\/#organization"},"potentialAction":[{"@type":"SearchAction","target":{"@type":"EntryPoint","urlTemplate":"https:\/\/bitfab.io\/es\/?s={search_term_string}"},"query-input":{"@type":"PropertyValueSpecification","valueRequired":true,"valueName":"search_term_string"}}],"inLanguage":"es"},{"@type":"Organization","@id":"https:\/\/bitfab.io\/es\/#organization","name":"Bitfab","url":"https:\/\/bitfab.io\/es\/","logo":{"@type":"ImageObject","inLanguage":"es","@id":"https:\/\/bitfab.io\/es\/#\/schema\/logo\/image\/","url":"https:\/\/bitfab.io\/wp-content\/uploads\/2017\/12\/rectangle_1000x500_with_background.png","contentUrl":"https:\/\/bitfab.io\/wp-content\/uploads\/2017\/12\/rectangle_1000x500_with_background.png","width":1000,"height":500,"caption":"Bitfab"},"image":{"@id":"https:\/\/bitfab.io\/es\/#\/schema\/logo\/image\/"},"sameAs":["https:\/\/facebook.com\/bitfab\/","https:\/\/x.com\/bitfab_io","https:\/\/instagram.com\/bitfab","https:\/\/www.linkedin.com\/company\/bitfab","https:\/\/www.pinterest.es\/bitfab\/","https:\/\/www.youtube.com\/channel\/UCZgATY_8YVx3ndFrNgyfyWg\/"]}]}},"uagb_featured_image_src":{"full":false,"thumbnail":false,"medium":false,"medium_large":false,"large":false,"1536x1536":false,"2048x2048":false,"woocommerce_thumbnail":false,"woocommerce_single":false,"woocommerce_gallery_thumbnail":false},"uagb_author_info":{"display_name":"Diego Trapero","author_link":"https:\/\/bitfab.io\/es\/blog\/author\/diegotrap\/"},"uagb_comment_info":0,"uagb_excerpt":null,"_links":{"self":[{"href":"https:\/\/bitfab.io\/es\/wp-json\/wp\/v2\/pages\/16464"}],"collection":[{"href":"https:\/\/bitfab.io\/es\/wp-json\/wp\/v2\/pages"}],"about":[{"href":"https:\/\/bitfab.io\/es\/wp-json\/wp\/v2\/types\/page"}],"author":[{"embeddable":true,"href":"https:\/\/bitfab.io\/es\/wp-json\/wp\/v2\/users\/1"}],"replies":[{"embeddable":true,"href":"https:\/\/bitfab.io\/es\/wp-json\/wp\/v2\/comments?post=16464"}],"version-history":[{"count":8,"href":"https:\/\/bitfab.io\/es\/wp-json\/wp\/v2\/pages\/16464\/revisions"}],"predecessor-version":[{"id":16478,"href":"https:\/\/bitfab.io\/es\/wp-json\/wp\/v2\/pages\/16464\/revisions\/16478"}],"wp:attachment":[{"href":"https:\/\/bitfab.io\/es\/wp-json\/wp\/v2\/media?parent=16464"}],"curies":[{"name":"wp","href":"https:\/\/api.w.org\/{rel}","templated":true}]}}