{"id":16446,"date":"2021-11-06T22:56:53","date_gmt":"2021-11-06T21:56:53","guid":{"rendered":"https:\/\/bitfab.io\/?page_id=16446"},"modified":"2021-12-08T19:28:59","modified_gmt":"2021-12-08T18:28:59","slug":"como-ganar-dinero-impresion-3d","status":"publish","type":"page","link":"https:\/\/bitfab.io\/es\/como-ganar-dinero-impresion-3d\/","title":{"rendered":"C\u00f3mo ganar (o perder) dinero con la impresi\u00f3n 3D, el libro"},"content":{"rendered":"<div class=\"gb-container gb-container-91d8431c\"><div class=\"gb-inside-container\">\n<div class=\"gb-grid-wrapper gb-grid-wrapper-a8743153\">\n<div class=\"gb-grid-column gb-grid-column-39be2de6\"><div class=\"gb-container gb-container-39be2de6\"><div class=\"gb-inside-container\">\n<figure class=\"wp-block-image size-large is-resized\"><img decoding=\"async\" src=\"https:\/\/bitfab.io\/wp-content\/uploads\/2021\/11\/ebook-2-718x1024.jpg\" alt=\"\" class=\"wp-image-16451\" width=\"359\" height=\"512\" srcset=\"https:\/\/bitfab.io\/wp-content\/uploads\/2021\/11\/ebook-2-718x1024.jpg 718w, https:\/\/bitfab.io\/wp-content\/uploads\/2021\/11\/ebook-2-600x855.jpg 600w, https:\/\/bitfab.io\/wp-content\/uploads\/2021\/11\/ebook-2-210x300.jpg 210w, https:\/\/bitfab.io\/wp-content\/uploads\/2021\/11\/ebook-2-768x1095.jpg 768w, https:\/\/bitfab.io\/wp-content\/uploads\/2021\/11\/ebook-2-1078x1536.jpg 1078w, https:\/\/bitfab.io\/wp-content\/uploads\/2021\/11\/ebook-2-1437x2048.jpg 1437w, https:\/\/bitfab.io\/wp-content\/uploads\/2021\/11\/ebook-2-scaled.jpg 1796w\" sizes=\"(max-width: 359px) 100vw, 359px\" \/><\/figure>\n<\/div><\/div><\/div>\n\n<div class=\"gb-grid-column gb-grid-column-b77a0bed\"><div class=\"gb-container gb-container-b77a0bed\"><div class=\"gb-inside-container\">\n<h1 class=\"wp-block-heading\">C\u00f3mo ganar (o perder) dinero con la impresi\u00f3n 3D, el libro de Bitfab<\/h1>\n\n<p>El ebook de Bitfab con toda mi experiencia montando un negocio de impresi\u00f3n 3D desde cero<\/p>\n\n<p><\/p>\n\n<h2 class=\"wp-block-heading\">\u00bfQuieres saber lo que hay que hay detr\u00e1s del negocio de la impresi\u00f3n 3D?<\/h2>\n\n<p id=\"statement-be15d598-6b3c-45c7-8873-acc433ebd7ad-jLwqWKo6U3JUnQqG-description\"><br>Contado por alguien que ya lo ha probado casi todo.<br><br>Con total transparencia,&nbsp;<strong>con las cifras reales, costes, precios y t\u00e1cticas<\/strong>&nbsp;que he usado en mi camino en el 3D.<br><br>\u2705 \u00bfCu\u00e1les son los gastos reales de montar un negocio de impresi\u00f3n 3D?<br>\u2705 \u00bfQu\u00e9 formas de monetizar la impresi\u00f3n 3D existen, con diferentes modelos de negocio? Por ejemplo:<br>&nbsp;&nbsp;&nbsp;&nbsp;\u2796 Vender impresoras 3D<br>&nbsp;&nbsp;&nbsp;&nbsp;\u2796 Montar un servicio de impresi\u00f3n 3D<br>&nbsp;&nbsp;&nbsp;&nbsp;\u2796 Publicidad con Amazon Afiliados<br>&nbsp;&nbsp;&nbsp;&nbsp;\u2796 Venta de presupuestos a otras empresas<br>\u2705 \u00bfC\u00f3mo se calcula el precio de una pieza 3D?<br>\u2705 \u00bfC\u00f3mo se presupuesta a un cliente una pieza impresa en 3D?<br><br>En 190 p\u00e1ginas.<br><br><strong>Pr\u00e1ctico y con consejos de verdad<\/strong>. Cortito y al pie para que aprendas lo importante sin darles vueltas de m\u00e1s a las cosas.<br><br>Sin paja y sin humo.<br><br>Todo dentro del libro.<br><br>\u00a1Un abrazo!<br><br>Diego Trapero<\/p>\n\n<h2 class=\"wp-block-heading\">\ud83e\udd14 \u00bfQu\u00e9 voy a encontrar en el libro?<\/h2>\n\n<p>Seguramente te guste hojear un libro antes de comprarlo. Yo lo hago.<\/p>\n\n<p>Como este libro s\u00f3lo est\u00e1 disponible en este lugar y en digital, te dejo al menos la lista de cap\u00edtulos para que te hagas una idea de qu\u00e9 hablo en \u00e9l:<\/p>\n\n<ol class=\"wp-block-list\"><li>\u00a1Hola!<\/li><li>C\u00f3mo meterse en el mundo de la impresi\u00f3n 3D y perder dinero<\/li><li>C\u00f3mo (no) montar un servicio de impresi\u00f3n 3D, con el ejemplo de Bitfab<\/li><li>C\u00f3mo se vende en un servicio de impresi\u00f3n 3D<\/li><li>C\u00f3mo funciona por dentro un servicio de impresi\u00f3n 3D<\/li><li>C\u00f3mo he delegado por completo mi servicio de impresi\u00f3n 3D<\/li><li>C\u00f3mo calcular el precio tus impresiones 3D<\/li><li>Otros modelos de negocio de impresi\u00f3n 3D<\/li><li>Por qu\u00e9 me he metido en el negocio de la formaci\u00f3n y qu\u00e9 estoy haciendo<\/li><li>Unas palabras de despedida<\/li><\/ol>\n\n<p>Como ves, me he preocupado de que sea un libro muy correcto. Te saluda tanto al empezar a leerlo como al acabarlo.<\/p>\n\n<h2 class=\"wp-block-heading\">\ud83e\udd11  \u00bfCu\u00e1nto cuesta?<\/h2>\n\n<p class=\"has-medium-font-size\">\ud83d\udcb8 Por <strong>23.99\u20ac<\/strong>, lo mismo que cuesta una bobina de filamento (de las buenas)<\/p>\n\n<p>Si quieres montar un negocio de impresi\u00f3n 3D, te vas a ahorrar horas y horas de trabajo con una peque\u00f1a inversi\u00f3n.<\/p>\n\n<p>Y vas a descubrir los trucos de un negocio de verdad.<\/p>\n\n<p>Me dicen tanto que es muy barato que al final voy a tener que subir el precio.<\/p>\n\n<h2 class=\"wp-block-heading\">\ud83e\udd2f El material exclusivo que viene con el libro<\/h2>\n\n<p>Para los que me compran el libro directamente a mi (sin pasar por Amazon, que se lleva sus buenas comisiones) quer\u00eda preparar m\u00e1s material extra.<\/p>\n\n<p>El material exclusivo son:<\/p>\n\n<ul class=\"wp-block-list\"><li>3 plantillas de Excel: una para saber el precio de la competencia y otras dos para calcular el precio de las piezas impresas.<\/li><li>2 v\u00eddeo tutoriales explicando c\u00f3mo se usan<\/li><\/ul>\n\n<p>Son las mismas plantillas de las que hablo en el libro, con la misma estructura, mismas cifras y v\u00eddeos explicando c\u00f3mo las uso yo.<\/p>\n\n<p>As\u00ed puedes seguir los cap\u00edtulos de calcular los costes con la plantilla abierta y aplicarla a tu propio negocio.<\/p>\n\n<p>Repito, las plantillas exclusivas llegan a tu email pero s\u00f3lo si compras el libro directamente aqu\u00ed \ud83d\udc47<\/p>\n\n<h2 class=\"wp-block-heading\">\ud83d\uded2 \u00bfC\u00f3mo lo compro?<\/h2>\n\n<p>Abre este formulario y ah\u00ed tienes toda la info y la pasarla de pago.<\/p>\n\n<p>El libro te llegar\u00e1 directamente a tu email. Y el material extra tambi\u00e9n.<\/p>\n\n<p class=\"has-background has-medium-font-size\" style=\"background-color:#f6ffd1\">S\u00f3lo si lo compras a trav\u00e9s de este formulario tendr\u00e1s el material extra en tu email \ud83d\udc47<\/p>\n\n<button data-tf-popup=\"g3sYpLag\" data-tf-hide-headers data-tf-iframe-props=\"title=C\u00f3mo ganar (o perder) dinero con la impresi\u00f3n 3D ebook\" data-tf-hidden=\"source=bf-paginalibro\" style=\"all:unset;font-family:Helvetica,Arial,sans-serif;display:inline-block;max-width:100%;white-space:nowrap;overflow:hidden;text-overflow:ellipsis;background-color:#0445AF;color:#FFFFFF;font-size:20px;border-radius:7px;padding:0 33px;font-weight:bold;height:50px;cursor:pointer;line-height:50px;text-align:center;margin:0;text-decoration:none;\">Comprar el libro<\/button><script src=\"\/\/embed.typeform.com\/next\/embed.js\"><\/script>\n<\/div><\/div><\/div>\n<\/div>\n<\/div><\/div>","protected":false},"excerpt":{"rendered":"C\u00f3mo ganar (o perder) dinero con la impresi\u00f3n 3D, el libro de Bitfab El ebook de Bitfab con toda mi experiencia montando un negocio de impresi\u00f3n 3D desde cero \u00bfQuieres saber lo que hay que hay detr\u00e1s del negocio de la impresi\u00f3n 3D? Contado por alguien que ya lo ha probado casi todo.Con total transparencia,&nbsp;con ... <a title=\"C\u00f3mo ganar (o perder) dinero con la impresi\u00f3n 3D, el libro\" class=\"read-more\" href=\"https:\/\/bitfab.io\/es\/como-ganar-dinero-impresion-3d\/\" aria-label=\"Leer m\u00e1s sobre C\u00f3mo ganar (o perder) dinero con la impresi\u00f3n 3D, el libro\">Read more<\/a>","protected":false},"author":1,"featured_media":0,"parent":0,"menu_order":0,"comment_status":"closed","ping_status":"closed","template":"","meta":{"_uag_custom_page_level_css":"","footnotes":""},"class_list":["post-16446","page","type-page","status-publish"],"yoast_head":"<!-- This site is optimized with the Yoast SEO plugin v23.6 - https:\/\/yoast.com\/wordpress\/plugins\/seo\/ -->\n<title>C\u00f3mo ganar (o perder) dinero con la impresi\u00f3n 3D, el libro de Bitfab<\/title>\n<meta name=\"description\" content=\"\ud83e\udd11 El ebook de Bitfab con toda mi experiencia montando un negocio de impresi\u00f3n 3D desde cero. Todas las cifras, costes, trucos, estrategias...\" \/>\n<meta name=\"robots\" content=\"index, follow, max-snippet:-1, max-image-preview:large, max-video-preview:-1\" \/>\n<link rel=\"canonical\" href=\"https:\/\/bitfab.io\/es\/como-ganar-dinero-impresion-3d\/\" \/>\n<meta property=\"og:locale\" content=\"es_ES\" \/>\n<meta property=\"og:type\" content=\"article\" \/>\n<meta property=\"og:title\" content=\"C\u00f3mo ganar (o perder) dinero con la impresi\u00f3n 3D, el libro de Bitfab\" \/>\n<meta property=\"og:description\" content=\"\ud83e\udd11 El ebook de Bitfab con toda mi experiencia montando un negocio de impresi\u00f3n 3D desde cero. Todas las cifras, costes, trucos, estrategias...\" \/>\n<meta property=\"og:url\" content=\"https:\/\/bitfab.io\/es\/como-ganar-dinero-impresion-3d\/\" \/>\n<meta property=\"og:site_name\" content=\"Bitfab\" \/>\n<meta property=\"article:publisher\" content=\"https:\/\/facebook.com\/bitfab\/\" \/>\n<meta property=\"article:modified_time\" content=\"2021-12-08T18:28:59+00:00\" \/>\n<meta property=\"og:image\" content=\"https:\/\/bitfab.io\/wp-content\/uploads\/2021\/11\/ebook-2-718x1024.jpg\" \/>\n<meta name=\"twitter:card\" content=\"summary_large_image\" \/>\n<meta name=\"twitter:site\" content=\"@bitfab_io\" \/>\n<meta name=\"twitter:label1\" content=\"Tiempo de lectura\" \/>\n\t<meta name=\"twitter:data1\" content=\"3 minutos\" \/>\n<script type=\"application\/ld+json\" class=\"yoast-schema-graph\">{\"@context\":\"https:\/\/schema.org\",\"@graph\":[{\"@type\":\"WebPage\",\"@id\":\"https:\/\/bitfab.io\/es\/como-ganar-dinero-impresion-3d\/\",\"url\":\"https:\/\/bitfab.io\/es\/como-ganar-dinero-impresion-3d\/\",\"name\":\"C\u00f3mo ganar (o perder) dinero con la impresi\u00f3n 3D, el libro de Bitfab\",\"isPartOf\":{\"@id\":\"https:\/\/bitfab.io\/es\/#website\"},\"primaryImageOfPage\":{\"@id\":\"https:\/\/bitfab.io\/es\/como-ganar-dinero-impresion-3d\/#primaryimage\"},\"image\":{\"@id\":\"https:\/\/bitfab.io\/es\/como-ganar-dinero-impresion-3d\/#primaryimage\"},\"thumbnailUrl\":\"https:\/\/bitfab.io\/wp-content\/uploads\/2021\/11\/ebook-2-718x1024.jpg\",\"datePublished\":\"2021-11-06T21:56:53+00:00\",\"dateModified\":\"2021-12-08T18:28:59+00:00\",\"description\":\"\ud83e\udd11 El ebook de Bitfab con toda mi experiencia montando un negocio de impresi\u00f3n 3D desde cero. Todas las cifras, costes, trucos, estrategias...\",\"breadcrumb\":{\"@id\":\"https:\/\/bitfab.io\/es\/como-ganar-dinero-impresion-3d\/#breadcrumb\"},\"inLanguage\":\"es\",\"potentialAction\":[{\"@type\":\"ReadAction\",\"target\":[\"https:\/\/bitfab.io\/es\/como-ganar-dinero-impresion-3d\/\"]}]},{\"@type\":\"ImageObject\",\"inLanguage\":\"es\",\"@id\":\"https:\/\/bitfab.io\/es\/como-ganar-dinero-impresion-3d\/#primaryimage\",\"url\":\"https:\/\/bitfab.io\/wp-content\/uploads\/2021\/11\/ebook-2-718x1024.jpg\",\"contentUrl\":\"https:\/\/bitfab.io\/wp-content\/uploads\/2021\/11\/ebook-2-718x1024.jpg\"},{\"@type\":\"BreadcrumbList\",\"@id\":\"https:\/\/bitfab.io\/es\/como-ganar-dinero-impresion-3d\/#breadcrumb\",\"itemListElement\":[{\"@type\":\"ListItem\",\"position\":1,\"name\":\"Bitfab\",\"item\":\"https:\/\/bitfab.io\/es\/\"},{\"@type\":\"ListItem\",\"position\":2,\"name\":\"C\u00f3mo ganar (o perder) dinero con la impresi\u00f3n 3D, el libro\"}]},{\"@type\":\"WebSite\",\"@id\":\"https:\/\/bitfab.io\/es\/#website\",\"url\":\"https:\/\/bitfab.io\/es\/\",\"name\":\"Bitfab\",\"description\":\"Servicio de impresi\u00f3n 3D\",\"publisher\":{\"@id\":\"https:\/\/bitfab.io\/es\/#organization\"},\"potentialAction\":[{\"@type\":\"SearchAction\",\"target\":{\"@type\":\"EntryPoint\",\"urlTemplate\":\"https:\/\/bitfab.io\/es\/?s={search_term_string}\"},\"query-input\":{\"@type\":\"PropertyValueSpecification\",\"valueRequired\":true,\"valueName\":\"search_term_string\"}}],\"inLanguage\":\"es\"},{\"@type\":\"Organization\",\"@id\":\"https:\/\/bitfab.io\/es\/#organization\",\"name\":\"Bitfab\",\"url\":\"https:\/\/bitfab.io\/es\/\",\"logo\":{\"@type\":\"ImageObject\",\"inLanguage\":\"es\",\"@id\":\"https:\/\/bitfab.io\/es\/#\/schema\/logo\/image\/\",\"url\":\"https:\/\/bitfab.io\/wp-content\/uploads\/2017\/12\/rectangle_1000x500_with_background.png\",\"contentUrl\":\"https:\/\/bitfab.io\/wp-content\/uploads\/2017\/12\/rectangle_1000x500_with_background.png\",\"width\":1000,\"height\":500,\"caption\":\"Bitfab\"},\"image\":{\"@id\":\"https:\/\/bitfab.io\/es\/#\/schema\/logo\/image\/\"},\"sameAs\":[\"https:\/\/facebook.com\/bitfab\/\",\"https:\/\/x.com\/bitfab_io\",\"https:\/\/instagram.com\/bitfab\",\"https:\/\/www.linkedin.com\/company\/bitfab\",\"https:\/\/www.pinterest.es\/bitfab\/\",\"https:\/\/www.youtube.com\/channel\/UCZgATY_8YVx3ndFrNgyfyWg\/\"]}]}<\/script>\n<!-- \/ Yoast SEO plugin. -->","yoast_head_json":{"title":"C\u00f3mo ganar (o perder) dinero con la impresi\u00f3n 3D, el libro de Bitfab","description":"\ud83e\udd11 El ebook de Bitfab con toda mi experiencia montando un negocio de impresi\u00f3n 3D desde cero. Todas las cifras, costes, trucos, estrategias...","robots":{"index":"index","follow":"follow","max-snippet":"max-snippet:-1","max-image-preview":"max-image-preview:large","max-video-preview":"max-video-preview:-1"},"canonical":"https:\/\/bitfab.io\/es\/como-ganar-dinero-impresion-3d\/","og_locale":"es_ES","og_type":"article","og_title":"C\u00f3mo ganar (o perder) dinero con la impresi\u00f3n 3D, el libro de Bitfab","og_description":"\ud83e\udd11 El ebook de Bitfab con toda mi experiencia montando un negocio de impresi\u00f3n 3D desde cero. Todas las cifras, costes, trucos, estrategias...","og_url":"https:\/\/bitfab.io\/es\/como-ganar-dinero-impresion-3d\/","og_site_name":"Bitfab","article_publisher":"https:\/\/facebook.com\/bitfab\/","article_modified_time":"2021-12-08T18:28:59+00:00","og_image":[{"url":"https:\/\/bitfab.io\/wp-content\/uploads\/2021\/11\/ebook-2-718x1024.jpg"}],"twitter_card":"summary_large_image","twitter_site":"@bitfab_io","twitter_misc":{"Tiempo de lectura":"3 minutos"},"schema":{"@context":"https:\/\/schema.org","@graph":[{"@type":"WebPage","@id":"https:\/\/bitfab.io\/es\/como-ganar-dinero-impresion-3d\/","url":"https:\/\/bitfab.io\/es\/como-ganar-dinero-impresion-3d\/","name":"C\u00f3mo ganar (o perder) dinero con la impresi\u00f3n 3D, el libro de Bitfab","isPartOf":{"@id":"https:\/\/bitfab.io\/es\/#website"},"primaryImageOfPage":{"@id":"https:\/\/bitfab.io\/es\/como-ganar-dinero-impresion-3d\/#primaryimage"},"image":{"@id":"https:\/\/bitfab.io\/es\/como-ganar-dinero-impresion-3d\/#primaryimage"},"thumbnailUrl":"https:\/\/bitfab.io\/wp-content\/uploads\/2021\/11\/ebook-2-718x1024.jpg","datePublished":"2021-11-06T21:56:53+00:00","dateModified":"2021-12-08T18:28:59+00:00","description":"\ud83e\udd11 El ebook de Bitfab con toda mi experiencia montando un negocio de impresi\u00f3n 3D desde cero. Todas las cifras, costes, trucos, estrategias...","breadcrumb":{"@id":"https:\/\/bitfab.io\/es\/como-ganar-dinero-impresion-3d\/#breadcrumb"},"inLanguage":"es","potentialAction":[{"@type":"ReadAction","target":["https:\/\/bitfab.io\/es\/como-ganar-dinero-impresion-3d\/"]}]},{"@type":"ImageObject","inLanguage":"es","@id":"https:\/\/bitfab.io\/es\/como-ganar-dinero-impresion-3d\/#primaryimage","url":"https:\/\/bitfab.io\/wp-content\/uploads\/2021\/11\/ebook-2-718x1024.jpg","contentUrl":"https:\/\/bitfab.io\/wp-content\/uploads\/2021\/11\/ebook-2-718x1024.jpg"},{"@type":"BreadcrumbList","@id":"https:\/\/bitfab.io\/es\/como-ganar-dinero-impresion-3d\/#breadcrumb","itemListElement":[{"@type":"ListItem","position":1,"name":"Bitfab","item":"https:\/\/bitfab.io\/es\/"},{"@type":"ListItem","position":2,"name":"C\u00f3mo ganar (o perder) dinero con la impresi\u00f3n 3D, el libro"}]},{"@type":"WebSite","@id":"https:\/\/bitfab.io\/es\/#website","url":"https:\/\/bitfab.io\/es\/","name":"Bitfab","description":"Servicio de impresi\u00f3n 3D","publisher":{"@id":"https:\/\/bitfab.io\/es\/#organization"},"potentialAction":[{"@type":"SearchAction","target":{"@type":"EntryPoint","urlTemplate":"https:\/\/bitfab.io\/es\/?s={search_term_string}"},"query-input":{"@type":"PropertyValueSpecification","valueRequired":true,"valueName":"search_term_string"}}],"inLanguage":"es"},{"@type":"Organization","@id":"https:\/\/bitfab.io\/es\/#organization","name":"Bitfab","url":"https:\/\/bitfab.io\/es\/","logo":{"@type":"ImageObject","inLanguage":"es","@id":"https:\/\/bitfab.io\/es\/#\/schema\/logo\/image\/","url":"https:\/\/bitfab.io\/wp-content\/uploads\/2017\/12\/rectangle_1000x500_with_background.png","contentUrl":"https:\/\/bitfab.io\/wp-content\/uploads\/2017\/12\/rectangle_1000x500_with_background.png","width":1000,"height":500,"caption":"Bitfab"},"image":{"@id":"https:\/\/bitfab.io\/es\/#\/schema\/logo\/image\/"},"sameAs":["https:\/\/facebook.com\/bitfab\/","https:\/\/x.com\/bitfab_io","https:\/\/instagram.com\/bitfab","https:\/\/www.linkedin.com\/company\/bitfab","https:\/\/www.pinterest.es\/bitfab\/","https:\/\/www.youtube.com\/channel\/UCZgATY_8YVx3ndFrNgyfyWg\/"]}]}},"uagb_featured_image_src":{"full":false,"thumbnail":false,"medium":false,"medium_large":false,"large":false,"1536x1536":false,"2048x2048":false,"woocommerce_thumbnail":false,"woocommerce_single":false,"woocommerce_gallery_thumbnail":false},"uagb_author_info":{"display_name":"Diego Trapero","author_link":"https:\/\/bitfab.io\/es\/blog\/author\/diegotrap\/"},"uagb_comment_info":0,"uagb_excerpt":null,"_links":{"self":[{"href":"https:\/\/bitfab.io\/es\/wp-json\/wp\/v2\/pages\/16446"}],"collection":[{"href":"https:\/\/bitfab.io\/es\/wp-json\/wp\/v2\/pages"}],"about":[{"href":"https:\/\/bitfab.io\/es\/wp-json\/wp\/v2\/types\/page"}],"author":[{"embeddable":true,"href":"https:\/\/bitfab.io\/es\/wp-json\/wp\/v2\/users\/1"}],"replies":[{"embeddable":true,"href":"https:\/\/bitfab.io\/es\/wp-json\/wp\/v2\/comments?post=16446"}],"version-history":[{"count":22,"href":"https:\/\/bitfab.io\/es\/wp-json\/wp\/v2\/pages\/16446\/revisions"}],"predecessor-version":[{"id":16536,"href":"https:\/\/bitfab.io\/es\/wp-json\/wp\/v2\/pages\/16446\/revisions\/16536"}],"wp:attachment":[{"href":"https:\/\/bitfab.io\/es\/wp-json\/wp\/v2\/media?parent=16446"}],"curies":[{"name":"wp","href":"https:\/\/api.w.org\/{rel}","templated":true}]}}